{"id":9556,"date":"2024-01-17T15:06:55","date_gmt":"2024-01-17T15:06:55","guid":{"rendered":"https:\/\/www.aquaquick2000.com\/?page_id=9556"},"modified":"2025-06-12T12:22:08","modified_gmt":"2025-06-12T12:22:08","slug":"costul-transportului","status":"publish","type":"page","link":"https:\/\/www.aquaquick2000.com\/ro\/shipment-cost\/","title":{"rendered":"Shipment &#038; cost"},"content":{"rendered":"<section class=\"section\" id=\"section_606739004\">\n\t\t<div class=\"section-bg fill\" >\n\t\t\t\t\t\t\t\t\t\n\t\t\t\n\n\t\t<\/div>\n\n\t\t\n\n\t\t<div class=\"section-content relative\">\n\t\t\t\n\n<div class=\"row\"  id=\"row-102213579\">\n\n\n\t<div id=\"col-11328734\" class=\"col medium-3 small-12 large-3\"  >\n\t\t<div class=\"is-sticky-column\"><div class=\"is-sticky-column__inner\">\t\t<div class=\"col-inner\"  >\n\t\t\t\n\t\t\t\n\n<a href=\"https:\/\/www.aquaquick2000.com\/ro\/about-us\/\" class=\"button alert lowercase expand navbuttons\" style=\"border-radius:2px;\">\n\t\t<span>Despre noi<\/span>\n\t<\/a>\n\n\n<a href=\"https:\/\/www.aquaquick2000.com\/ro\/unitate-de-productie\/\" class=\"button alert lowercase expand navbuttons\" style=\"border-radius:2px;\">\n\t\t<span>Fabrica de produc\u021bie<\/span>\n\t<\/a>\n\n\n<a href=\"https:\/\/www.aquaquick2000.com\/ro\/filosofia-de-mediu\/\" class=\"button alert lowercase expand navbuttons\" style=\"border-radius:2px;\">\n\t\t<span>Filosofia mediului<\/span>\n\t<\/a>\n\n\n<a href=\"https:\/\/www.aquaquick2000.com\/ro\/deveniti-un-distribuitor-de-aquaquick-2000\/\" class=\"button alert lowercase expand navbuttons\" style=\"border-radius:2px;\">\n\t\t<span>Deveni\u021bi un distribuitor<\/span>\n\t<\/a>\n\n\n<a href=\"https:\/\/www.aquaquick2000.com\/ro\/costul-transportului\/\" class=\"button alert lowercase expand navbuttons\" style=\"border-radius:2px;\">\n\t\t<span>Livrare \u0219i costuri<\/span>\n\t<\/a>\n\n\n<a href=\"https:\/\/www.aquaquick2000.com\/ro\/politica-de-inlocuire-a-garantiei\/\" class=\"button alert lowercase expand navbuttons\" style=\"border-radius:2px;\">\n\t\t<span>Politica de \u00eenlocuire a garan\u021biei<\/span>\n\t<\/a>\n\n\n<a href=\"https:\/\/www.aquaquick2000.com\/ro\/politica-de-returnare\/\" class=\"button alert lowercase expand navbuttons\" style=\"border-radius:2px;\">\n\t\t<span>Politica de returnare<\/span>\n\t<\/a>\n\n\n\n\t\t<\/div>\n\t\t<\/div><\/div>\t\t\t<\/div>\n\n\t\n\n\t<div id=\"col-1286783497\" class=\"col medium-9 small-12 large-9 small-col-first\"  >\n\t\t\t\t<div class=\"col-inner\"  >\n\t\t\t\n\t\t\t\n\n<h1>Expediere \u0219i costuri<\/h1>\n<h4>Metoda de livrare<\/h4>\n<p>La AQUAQUICK 2000, ne asigur\u0103m c\u0103 produsele noastre sunt expediate cu grij\u0103 \u0219i eficien\u021b\u0103. Toate comenzile sunt expediate folosind metode de livrare standard. Pentru a v\u0103 plasa comanda, vizita\u021bi pur \u0219i simplu site-ul nostru sau contacta\u021bi-ne prin e-mail. Odat\u0103 ce comanda dvs., inclusiv autoriza\u021bia de plat\u0103, este primit\u0103, v\u0103 vom oferi o schem\u0103 de expediere personalizat\u0103 \u00een func\u021bie de \u021bara\/loca\u021bia dvs. specific\u0103.<\/p>\n<h4>Zile lucr\u0103toare<\/h4>\n<p>Expedim comenzile numai \u00een zilele lucr\u0103toare. Zilele noastre lucr\u0103toare sunt de luni p\u00e2n\u0103 duminic\u0103, cu excep\u021bia s\u0103rb\u0103torilor legale recunoscute \u00een Uniunea European\u0103. Acest program asigur\u0103 faptul c\u0103 comanda dvs. este procesat\u0103 \u0219i expediat\u0103 cu promptitudine.<\/p>\n<h4>Costuri de expediere<\/h4>\n<p>Costul de expediere a comenzii dvs. este determinat de mai mul\u021bi factori: valoarea total\u0103 a comenzii, destina\u021bia \u0219i tipul de metod\u0103 de expediere selectat. Pentru comenzile din Uniunea European\u0103, oferim adesea tarife de transport reduse. Pentru comenzile cu destina\u021bia \u00een afara Uniunii Europene, se aplic\u0103 costuri de expediere suplimentare. Aceste costuri sunt calculate automat pe baza comenzii dvs. \u0219i confirmate prin intermediul comunic\u0103rii prin e-mail.<\/p>\n<p><strong>V\u0103 rug\u0103m s\u0103 re\u021bine\u021bi:<\/strong> Pentru livr\u0103rile \u00een AFARA EUROPEI, costurile noastre de transport nu includ taxele de v\u0103muire \u0219i taxele de import. Aceste costuri suplimentare sunt percepute la sosirea transportului \u00een \u021bara dumneavoastr\u0103 \u0219i sunt responsabilitatea destinatarului.<\/p>\n<h3>Zilele estimate de expediere \u00een func\u021bie de \u021bar\u0103<\/h3>\n<h4>\u00cen EUROPA<\/h4>\n<ul>\n<li>Austria: 4 - 6 zile<\/li>\n<li>Belgia: 1 zi<\/li>\n<li>Bulgaria: 4 - 6 zile<\/li>\n<li>Croa\u021bia: 4 - 6 zile<\/li>\n<li>Republica Ceh\u0103: 4 - 6 zile<\/li>\n<li>Danemarca: 4 - 6 zile<\/li>\n<li>Estonia: 4 - 6 zile<\/li>\n<li>Finlanda: 4 - 6 zile<\/li>\n<li>Fran\u021ba: 4 - 6 zile<\/li>\n<li>Germania: 4 - 6 zile<\/li>\n<li>Grecia: 4 - 6 zile<\/li>\n<li>Ungaria: 4 - 6 zile<\/li>\n<li>Irlanda: 4 - 6 zile<\/li>\n<li>Italia: 4 - 6 zile<\/li>\n<li>Letonia: 4 - 6 zile<\/li>\n<li>Lituania: 4 - 6 zile<\/li>\n<li>Luxemburg: 4 - 6 zile<\/li>\n<li>Polonia: 4 - 6 zile<\/li>\n<li>Portugalia: 4 - 6 zile<\/li>\n<li>Rom\u00e2nia: 5 - 7 zile<\/li>\n<li>Slovacia: 4 - 6 zile<\/li>\n<li>Slovenia: 4 - 6 zile<\/li>\n<li>Spania: 4 - 6 zile<\/li>\n<li>Suedia: 4 - 6 zile<\/li>\n<li>\u021a\u0103rile de Jos: 2 - 3 zile<\/li>\n<\/ul>\n<h4>Comenzi interna\u021bionale (\u00een afara Europei)<\/h4>\n<p>Pentru comenzile destinate \u00een afara Europei, procesarea va fi determinat\u0103 de metoda de expediere aleas\u0103, de cantitatea de produse comandate \u0219i de diverse alte condi\u021bii.<\/p>\n<h3>Restric\u021bii<\/h3>\n<p>V\u0103 rug\u0103m s\u0103 re\u021bine\u021bi c\u0103 nu se pot plasa comenzi online pentru adrese de livrare din afara Uniunii Europene. Aceast\u0103 restric\u021bie se aplic\u0103, de asemenea, unor regiuni specifice, cum ar fi Groenlanda, Insulele Feroe, anumite insule \u00eendep\u0103rtate \u0219i anumite teritorii de peste m\u0103ri. Pentru comenzi c\u0103tre aceste regiuni, v\u0103 rug\u0103m s\u0103 contacta\u021bi serviciul nostru pentru clien\u021bi la adresa <a href=\"mailto:business@aquaquick2000.com\" target=\"_new\" rel=\"noopener\">business@aquaquick2000.com<\/a>.<\/p>\n<h3>Urm\u0103rirea comenzii dvs.<\/h3>\n<p>Dup\u0103 procesarea comenzii dumneavoastr\u0103 \u00een depozitul nostru, se va atribui un num\u0103r de urm\u0103rire, dac\u0103 este cazul. Ve\u021bi primi o notificare atunci c\u00e2nd pachetul dvs. p\u0103r\u0103se\u0219te depozitul nostru. V\u0103 rug\u0103m s\u0103 re\u021bine\u021bi c\u0103 poate dura p\u00e2n\u0103 la 48 de ore pentru ca informa\u021biile de urm\u0103rire s\u0103 devin\u0103 vizibile \u00een sistemul curierului.<\/p>\n<h3>G\u0103sirea st\u0103rii comenzii dvs.<\/h3>\n<p>Pute\u021bi urm\u0103ri cu u\u0219urin\u021b\u0103 starea comenzii dumneavoastr\u0103:<\/p>\n<ul>\n<li><strong>Verific\u0103-\u021bi e-mailul:<\/strong> Ve\u021bi primi actualiz\u0103ri cu privire la starea comenzii dvs. la adresa de e-mail furnizat\u0103 \u00een timpul procesului de plat\u0103.<\/li>\n<li><strong>Vizita\u021bi site-ul nostru:<\/strong> Conecta\u021bi-v\u0103 la contul dvs. pe <a href=\"http:\/\/www.aquaquick2000.com\/ro\/\" target=\"_new\" rel=\"noopener\">www.aquaquick2000.com<\/a> pentru a avea acces la istoricul comenzilor dumneavoastr\u0103, inclusiv comenzile \u00een a\u0219teptare, comenzile ulterioare \u0219i comenzile anterioare.<\/li>\n<li><strong>Contacta\u021bi-ne:<\/strong> Pentru orice \u00eentreb\u0103ri suplimentare cu privire la comanda dvs., nu ezita\u021bi s\u0103 contacta\u021bi serviciul nostru pentru clien\u021bi la <a href=\"mailto:business@aquaquick2000.com\" target=\"_new\" rel=\"noopener\">business@aquaquick2000.com<\/a>.<\/li>\n<\/ul>\n\n\t\t<\/div>\n\t\t\t\t\t<\/div>\n\n\t\n\n<\/div>\n\n\t\t<\/div>\n\n\t\t\n<style>\n#section_606739004 {\n  padding-top: 30px;\n  padding-bottom: 30px;\n}\n<\/style>\n\t<\/section>","protected":false},"excerpt":{"rendered":"","protected":false},"author":1,"featured_media":0,"parent":0,"menu_order":0,"comment_status":"closed","ping_status":"closed","template":"","meta":{"cybocfi_hide_featured_image":"","footnotes":"","_links_to":"","_links_to_target":""},"class_list":["post-9556","page","type-page","status-publish","hentry"],"_links":{"self":[{"href":"https:\/\/www.aquaquick2000.com\/ro\/wp-json\/wp\/v2\/pages\/9556","targetHints":{"allow":["GET"]}}],"collection":[{"href":"https:\/\/www.aquaquick2000.com\/ro\/wp-json\/wp\/v2\/pages"}],"about":[{"href":"https:\/\/www.aquaquick2000.com\/ro\/wp-json\/wp\/v2\/types\/page"}],"author":[{"embeddable":true,"href":"https:\/\/www.aquaquick2000.com\/ro\/wp-json\/wp\/v2\/users\/1"}],"replies":[{"embeddable":true,"href":"https:\/\/www.aquaquick2000.com\/ro\/wp-json\/wp\/v2\/comments?post=9556"}],"version-history":[{"count":0,"href":"https:\/\/www.aquaquick2000.com\/ro\/wp-json\/wp\/v2\/pages\/9556\/revisions"}],"wp:attachment":[{"href":"https:\/\/www.aquaquick2000.com\/ro\/wp-json\/wp\/v2\/media?parent=9556"}],"curies":[{"name":"wp","href":"https:\/\/api.w.org\/{rel}","templated":true}]}}