{"id":9560,"date":"2024-01-17T19:44:55","date_gmt":"2024-01-17T19:44:55","guid":{"rendered":"https:\/\/www.aquaquick2000.com\/?page_id=9560"},"modified":"2025-06-12T12:18:27","modified_gmt":"2025-06-12T12:18:27","slug":"politica-de-inlocuire-a-garantiei","status":"publish","type":"page","link":"https:\/\/www.aquaquick2000.com\/ro\/warranty-replacement-policy\/","title":{"rendered":"Warranty &#038; Replacement Policy"},"content":{"rendered":"<section class=\"section\" id=\"section_358716329\">\n\t\t<div class=\"section-bg fill\" >\n\t\t\t\t\t\t\t\t\t\n\t\t\t\n\n\t\t<\/div>\n\n\t\t\n\n\t\t<div class=\"section-content relative\">\n\t\t\t\n\n<div class=\"row\"  id=\"row-1947969111\">\n\n\n\t<div id=\"col-128686284\" class=\"col medium-3 small-12 large-3\"  >\n\t\t<div class=\"is-sticky-column\"><div class=\"is-sticky-column__inner\">\t\t<div class=\"col-inner\"  >\n\t\t\t\n\t\t\t\n\n<a href=\"https:\/\/www.aquaquick2000.com\/ro\/about-us\/\" class=\"button alert lowercase expand navbuttons\" style=\"border-radius:2px;\">\n\t\t<span>Despre noi<\/span>\n\t<\/a>\n\n\n<a href=\"https:\/\/www.aquaquick2000.com\/ro\/unitate-de-productie\/\" class=\"button alert lowercase expand navbuttons\" style=\"border-radius:2px;\">\n\t\t<span>Fabrica de produc\u021bie<\/span>\n\t<\/a>\n\n\n<a href=\"https:\/\/www.aquaquick2000.com\/ro\/filosofia-de-mediu\/\" class=\"button alert lowercase expand navbuttons\" style=\"border-radius:2px;\">\n\t\t<span>Filosofia mediului<\/span>\n\t<\/a>\n\n\n<a href=\"https:\/\/www.aquaquick2000.com\/ro\/deveniti-un-distribuitor-de-aquaquick-2000\/\" class=\"button alert lowercase expand navbuttons\" style=\"border-radius:2px;\">\n\t\t<span>Deveni\u021bi un distribuitor<\/span>\n\t<\/a>\n\n\n<a href=\"https:\/\/www.aquaquick2000.com\/ro\/costul-transportului\/\" class=\"button alert lowercase expand navbuttons\" style=\"border-radius:2px;\">\n\t\t<span>Livrare \u0219i costuri<\/span>\n\t<\/a>\n\n\n<a href=\"https:\/\/www.aquaquick2000.com\/ro\/politica-de-inlocuire-a-garantiei\/\" class=\"button alert lowercase expand navbuttons\" style=\"border-radius:2px;\">\n\t\t<span>Politica de \u00eenlocuire a garan\u021biei<\/span>\n\t<\/a>\n\n\n<a href=\"https:\/\/www.aquaquick2000.com\/ro\/politica-de-returnare\/\" class=\"button alert lowercase expand navbuttons\" style=\"border-radius:2px;\">\n\t\t<span>Politica de returnare<\/span>\n\t<\/a>\n\n\n\n\t\t<\/div>\n\t\t<\/div><\/div>\t\t\t<\/div>\n\n\t\n\n\t<div id=\"col-722204302\" class=\"col medium-9 small-12 large-9 small-col-first\"  >\n\t\t\t\t<div class=\"col-inner\"  >\n\t\t\t\n\t\t\t\n\n<h1>Politica de \u00eenlocuire a garan\u021biei<\/h1>\n<h3>Angajamentul nostru<\/h3>\n<p>La AQUAQUICK, ne angaj\u0103m s\u0103 furniz\u0103m clien\u021bilor no\u0219tri produse de \u00eenalt\u0103 calitate. Sus\u021binem excelen\u021ba produselor noastre \u0219i dedicarea noastr\u0103 pentru satisfac\u021bia clien\u021bilor este primordial\u0103.<\/p>\n<h3>Politica de garan\u021bie<\/h3>\n<h4>Acoperire<\/h4>\n<p>Garan\u021bia noastr\u0103 acoper\u0103 orice defecte de material sau de manoper\u0103 \u00een condi\u021bii normale de utilizare \u00een timpul perioadei de garan\u021bie. Pe parcursul acestei perioade, dac\u0103 \u00eent\u00e2mpina\u021bi probleme care se datoreaz\u0103 unor defecte de fabrica\u021bie sau de ambalare, vom rezolva aceste probleme \u00een conformitate cu condi\u021biile noastre de garan\u021bie.<\/p>\n<h4>Perioada de garan\u021bie<\/h4>\n<p>Perioada de garan\u021bie pentru produsele AQUAQUICK este valabil\u0103 de la data cump\u0103r\u0103rii. V\u0103 rug\u0103m s\u0103 consulta\u021bi documenta\u021bia produsului dumneavoastr\u0103 pentru detalii specifice privind durata garan\u021biei.<\/p>\n<h3>Politica de \u00eenlocuire<\/h3>\n<h4>Evaluarea aspectelor legate de produse<\/h4>\n<p>Dac\u0103 crede\u021bi c\u0103 produsul AQUAQUICK sufer\u0103 de un defect de fabrica\u021bie sau de ambalare, sunte\u021bi invitat s\u0103 returna\u021bi produsul pentru evaluare. Vom examina cu aten\u021bie articolul returnat pentru a determina cauza problemei.<\/p>\n<h4>Condi\u021bii de \u00eenlocuire<\/h4>\n<p>\u00cenlocuirea produsului va fi luat\u0103 \u00een considerare dac\u0103:<\/p>\n<ul>\n<li>Se confirm\u0103 c\u0103 problema se datoreaz\u0103 unor erori de fabrica\u021bie sau de ambalare.<\/li>\n<li>Produsul se afl\u0103 \u00een perioada de garan\u021bie.<\/li>\n<li>Produsul a fost utilizat \u00een conformitate cu scopul pentru care a fost conceput \u0219i nu a fost supus unei utiliz\u0103ri necorespunz\u0103toare, neglij\u0103rii sau modific\u0103rii.<\/li>\n<\/ul>\n<h4>Procesul de returnare a produselor<\/h4>\n<ul>\n<li>Contacta\u021bi-ne la business@aquaquick2000.com pentru a ini\u021bia o returnare. V\u0103 rug\u0103m s\u0103 include\u021bi o descriere a problemei \u0219i o dovad\u0103 de cump\u0103rare.<\/li>\n<li>Dup\u0103 confirmarea din partea echipei noastre, trimite\u021bi produsul la adresa de retur specificat\u0103.<\/li>\n<li>Acorda\u021bi-ne un timp rezonabil pentru a primi \u0219i inspecta produsul.<\/li>\n<\/ul>\n<h4>Rezultatul evalu\u0103rii<\/h4>\n<ul>\n<li>\u00cen cazul \u00een care produsul este eligibil pentru \u00eenlocuire, vom \u00eenlocui articolul f\u0103r\u0103 costuri suplimentare pentru dumneavoastr\u0103.<\/li>\n<li>\u00cen cazul \u00een care produsul nu este eligibil pentru \u00eenlocuire, v\u0103 vom comunica motivele \u0219i vom discuta cu dumneavoastr\u0103 despre op\u021biunile disponibile.<\/li>\n<\/ul>\n<h3>Excluderi<\/h3>\n<p>Aceast\u0103 garan\u021bie nu acoper\u0103 problemele cauzate de condi\u021bii, disfunc\u021bionalit\u0103\u021bi sau daune care nu rezult\u0103 din defecte de material sau de manoper\u0103. De asemenea, nu acoper\u0103 produsele care au fost modificate sau utilizate \u00een alte scopuri dec\u00e2t cele prev\u0103zute.<\/p>\n<h3>Informa\u021bii de contact<\/h3>\n<p>Pentru orice \u00eentreb\u0103ri sau pentru a ini\u021bia un proces de returnare, v\u0103 rug\u0103m s\u0103 ne contacta\u021bi la:<\/p>\n<ul>\n<li><strong>Email:<\/strong> business@aquaquick2000.com<\/li>\n<li><strong>Telefon:<\/strong> +31 6 412 938 51 &amp; +31 6 411 89 424<\/li>\n<\/ul>\n<p>Noi, cei de la AQUAQUICK, suntem dedica\u021bi s\u0103 v\u0103 asigur\u0103m satisfac\u021bia fa\u021b\u0103 de produsele noastre \u0219i ne vom str\u0103dui s\u0103 rezolv\u0103m orice problem\u0103 \u00een conformitate cu Politica noastr\u0103 de garan\u021bie \u0219i \u00eenlocuire.<\/p>\n\n\t\t<\/div>\n\t\t\t\t\t<\/div>\n\n\t\n\n<\/div>\n\n\t\t<\/div>\n\n\t\t\n<style>\n#section_358716329 {\n  padding-top: 30px;\n  padding-bottom: 30px;\n}\n<\/style>\n\t<\/section>","protected":false},"excerpt":{"rendered":"","protected":false},"author":1,"featured_media":0,"parent":0,"menu_order":0,"comment_status":"closed","ping_status":"closed","template":"","meta":{"cybocfi_hide_featured_image":"","footnotes":"","_links_to":"","_links_to_target":""},"class_list":["post-9560","page","type-page","status-publish","hentry"],"_links":{"self":[{"href":"https:\/\/www.aquaquick2000.com\/ro\/wp-json\/wp\/v2\/pages\/9560","targetHints":{"allow":["GET"]}}],"collection":[{"href":"https:\/\/www.aquaquick2000.com\/ro\/wp-json\/wp\/v2\/pages"}],"about":[{"href":"https:\/\/www.aquaquick2000.com\/ro\/wp-json\/wp\/v2\/types\/page"}],"author":[{"embeddable":true,"href":"https:\/\/www.aquaquick2000.com\/ro\/wp-json\/wp\/v2\/users\/1"}],"replies":[{"embeddable":true,"href":"https:\/\/www.aquaquick2000.com\/ro\/wp-json\/wp\/v2\/comments?post=9560"}],"version-history":[{"count":0,"href":"https:\/\/www.aquaquick2000.com\/ro\/wp-json\/wp\/v2\/pages\/9560\/revisions"}],"wp:attachment":[{"href":"https:\/\/www.aquaquick2000.com\/ro\/wp-json\/wp\/v2\/media?parent=9560"}],"curies":[{"name":"wp","href":"https:\/\/api.w.org\/{rel}","templated":true}]}}