{"id":12894,"date":"2025-09-04T09:44:56","date_gmt":"2025-09-04T09:44:56","guid":{"rendered":"https:\/\/www.aquaquick2000.com\/?page_id=12894"},"modified":"2025-10-10T20:59:11","modified_gmt":"2025-10-10T20:59:11","slug":"aquaquick-tunesia","status":"publish","type":"page","link":"https:\/\/www.aquaquick2000.com\/tr\/distributors\/aquaquick-tunesia\/","title":{"rendered":"AQUAQUICK TUNESIA"},"content":{"rendered":"<section class=\"section\" id=\"section_286477946\">\n\t\t<div class=\"section-bg fill\" >\n\t\t\t<img decoding=\"async\" width=\"1920\" height=\"441\" src=\"https:\/\/b3871678.smushcdn.com\/3871678\/wp-content\/uploads\/2020\/09\/aquaquick-2000-oil-cleaning-waterwave.jpg?lossy=2&strip=1&webp=1\" class=\"bg attachment- size-\" alt=\"\" title=\"\" srcset=\"https:\/\/b3871678.smushcdn.com\/3871678\/wp-content\/uploads\/2020\/09\/aquaquick-2000-oil-cleaning-waterwave.jpg?lossy=2&amp;strip=1&amp;webp=1 1920w, https:\/\/b3871678.smushcdn.com\/3871678\/wp-content\/uploads\/2020\/09\/aquaquick-2000-oil-cleaning-waterwave-510x117.jpg?lossy=2&amp;strip=1&amp;webp=1 510w, https:\/\/b3871678.smushcdn.com\/3871678\/wp-content\/uploads\/2020\/09\/aquaquick-2000-oil-cleaning-waterwave-500x115.jpg?lossy=2&amp;strip=1&amp;webp=1 500w, https:\/\/b3871678.smushcdn.com\/3871678\/wp-content\/uploads\/2020\/09\/aquaquick-2000-oil-cleaning-waterwave-1280x294.jpg?lossy=2&amp;strip=1&amp;webp=1 1280w, https:\/\/b3871678.smushcdn.com\/3871678\/wp-content\/uploads\/2020\/09\/aquaquick-2000-oil-cleaning-waterwave-768x176.jpg?lossy=2&amp;strip=1&amp;webp=1 768w, https:\/\/b3871678.smushcdn.com\/3871678\/wp-content\/uploads\/2020\/09\/aquaquick-2000-oil-cleaning-waterwave-1536x353.jpg?lossy=2&amp;strip=1&amp;webp=1 1536w, https:\/\/b3871678.smushcdn.com\/3871678\/wp-content\/uploads\/2020\/09\/aquaquick-2000-oil-cleaning-waterwave.jpg?size=204x47&amp;lossy=2&amp;strip=1&amp;webp=1 204w, https:\/\/b3871678.smushcdn.com\/3871678\/wp-content\/uploads\/2020\/09\/aquaquick-2000-oil-cleaning-waterwave.jpg?size=408x94&amp;lossy=2&amp;strip=1&amp;webp=1 408w, https:\/\/b3871678.smushcdn.com\/3871678\/wp-content\/uploads\/2020\/09\/aquaquick-2000-oil-cleaning-waterwave.jpg?size=612x141&amp;lossy=2&amp;strip=1&amp;webp=1 612w, https:\/\/b3871678.smushcdn.com\/3871678\/wp-content\/uploads\/2020\/09\/aquaquick-2000-oil-cleaning-waterwave.jpg?size=1020x234&amp;lossy=2&amp;strip=1&amp;webp=1 1020w\" sizes=\"(max-width: 1920px) 100vw, 1920px\">\t\t\t\t\t\t<div class=\"section-bg-overlay absolute fill\"><\/div>\n\t\t\t\n\n\t\t<\/div>\n\n\t\t\n\n\t\t<div class=\"section-content relative\">\n\t\t\t\n\n<div class=\"row row-collapse align-equal\"  id=\"row-1938923905\">\n\n\n\t<div id=\"col-632038413\" class=\"col small-12 large-12\"  >\n\t\t\t\t<div class=\"col-inner\"  >\n\t\t\t\n\t\t\t\n\n<h2 class=\"uppercase\" style=\"text-align: center;\">AQUAQUICK 2000 TUNESIA'DA AQUAQUICK TUNESIA TARAFINDAN SATILMAKTADIR<\/h2>\n\n\t\t<\/div>\n\t\t\t\t\t<\/div>\n\n\t\n\n<\/div>\n\n\t\t<\/div>\n\n\t\t\n<style>\n#section_286477946 {\n  padding-top: 45px;\n  padding-bottom: 45px;\n}\n#section_286477946 .section-bg-overlay {\n  background-color: rgba(240, 240, 240, 0.64);\n}\n<\/style>\n\t<\/section>\n\t\n\n\t<section class=\"section\" id=\"section_576004407\">\n\t\t<div class=\"section-bg fill\" >\n\t\t\t\t\t\t\t\t\t<div class=\"section-bg-overlay absolute fill\"><\/div>\n\t\t\t\n\n\t\t<\/div>\n\n\t\t\n\n\t\t<div class=\"section-content relative\">\n\t\t\t\n\n<div class=\"row\"  id=\"row-1045028955\">\n\n\n\t<div id=\"col-1140386199\" class=\"col medium-6 small-12 large-6\"  >\n\t\t\t\t<div class=\"col-inner\"  >\n\t\t\t\n\t\t\t\n\n<h2>Tunus'ta AQUAQUICK 2000 Distrib\u00fct\u00f6r\u00fc<\/h2>\n<p>AQUAQUICK TUNUS, AQUAQUICK \u00fcr\u00fcnlerinin \u00fclkedeki resmi temsilcisidir. AQUAQUICK GLOBAL B.V. taraf\u0131ndan yetkilendirilen ve onaylanan Tunus distrib\u00fct\u00f6r\u00fcm\u00fcz, m\u00fc\u015fterilerin orijinal AQUAQUICK 2000 \u00fcr\u00fcnlerine, teknik rehberli\u011fe ve profesyonel deste\u011fe do\u011frudan eri\u015fimini sa\u011flar.<\/p>\n<p>AQUAQUICK TUNUS arac\u0131l\u0131\u011f\u0131yla end\u00fcstriler, y\u00fckleniciler ve devlet kurumlar\u0131 petrol s\u0131z\u0131nt\u0131s\u0131na m\u00fcdahale, end\u00fcstriyel temizlik, arazi iyile\u015ftirme ve hidrokarbon giderme gibi uygulamalar i\u00e7in h\u0131zl\u0131 ve g\u00fcvenilir AQUAQUICK 2000 tedarikinden faydalanabilir. Yerel distrib\u00fct\u00f6r\u00fcm\u00fczle \u00e7al\u0131\u015farak Tunuslu m\u00fc\u015fterilere g\u00fcvenilir hizmet ve uluslararas\u0131 kalite standartlar\u0131 garanti edilmektedir.<\/p>\n<h3>AQUAQUICK TUNUS \u0130leti\u015fim Bilgileri<\/h3>\n<p>\n<strong>E-posta:<\/strong> manager@aquaquick2000.tn<br \/>\n<strong>Telefon:<\/strong> +216 94 105 999 \/ +216 94 104 999\n<\/p>\n\n<a href=\"https:\/\/www.aquaquick2000.com\/tr\/distributorler\/\" class=\"button primary\" >\n\t\t<span>AQUAQUICK 2000'in T\u00fcm Distrib\u00fct\u00f6rleri<\/span>\n\t<\/a>\n\n\n\n\t\t<\/div>\n\t\t\t\t\t<\/div>\n\n\t\n\n\t<div id=\"col-1530636662\" class=\"col medium-6 small-12 large-6\"  >\n\t\t\t\t<div class=\"col-inner\" style=\"background-color:rgb(240, 240, 240);\" >\n\t\t\t\n\t\t\t\n\n<div class=\"accordion\">\n\n\t<div id=\"accordion-1845262946\" class=\"accordion-item\">\n\t\t<a id=\"accordion-1845262946-label\" class=\"accordion-title plain active\" href=\"#accordion-item-aquaquick-2000-in-tunesia\" aria-expanded=\"true\" aria-controls=\"accordion-1845262946-content\">\n\t\t\t<button class=\"toggle\" aria-label=\"A\u00e7\/Kapat\"><i class=\"icon-angle-down\" aria-hidden=\"true\"><\/i><\/button>\n\t\t\t<span>Tunesia'da AQUAQUICK 2000<\/span>\n\t\t<\/a>\n\t\t<div id=\"accordion-1845262946-content\" class=\"accordion-inner\" style=\"display: block;\" aria-labelledby=\"accordion-1845262946-label\">\n\t\t\t\n\n<p>AQUAQUICK 2000, Tunus'ta yetkili distrib\u00fct\u00f6r\u00fcm\u00fcz arac\u0131l\u0131\u011f\u0131yla do\u011frudan sat\u0131n al\u0131nabilir. Yerel orta\u011f\u0131m\u0131z, Tunus'taki m\u00fc\u015fterilerin \u00fcr\u00fcnlerimize, teknik rehberli\u011fe ve sat\u0131\u015f sonras\u0131 deste\u011fe h\u0131zl\u0131 ve g\u00fcvenilir bir \u015fekilde eri\u015fmesini sa\u011flar.<\/p>\n<p>D\u00fcnya \u00e7ap\u0131nda g\u00fcvenilir bir \u00e7\u00f6z\u00fcm olan AQUAQUICK 2000, petrol s\u0131z\u0131nt\u0131s\u0131 temizleme, arazi dekontaminasyonu, end\u00fcstriyel ya\u011f giderme ve g\u00fcvenlik, performans ve \u00e7evresel sorumlulu\u011fun \u00f6nemli oldu\u011fu di\u011fer bir\u00e7ok uygulamada onlarca y\u0131ld\u0131r kullan\u0131lmaktad\u0131r. \u00dcr\u00fcn\u00fcn y\u00fcksek konsantrasyonlu, su bazl\u0131 ve biyolojik olarak par\u00e7alanabilir olmas\u0131, onu d\u00fcnya \u00e7ap\u0131nda end\u00fcstriler ve h\u00fck\u00fcmetler i\u00e7in tercih edilen bir se\u00e7enek haline getirmektedir.<\/p>\n<p>\u0130ster hidrokarbon kirlili\u011fini temizlemek, ister end\u00fcstriyel ekipmanlar\u0131n bak\u0131m\u0131n\u0131 yapmak veya y\u00fczeyleri g\u00fcvenli ve etkili bir \u015fekilde haz\u0131rlamak isteyin, AQUAQUICK 2000 kan\u0131tlanm\u0131\u015f bir \u00e7\u00f6z\u00fcm sunar. \u015eu anda Tunus'ta mevcut olmas\u0131yla, m\u00fc\u015fteriler AQUAQUICK GLOBAL'in uluslararas\u0131 deneyimine ve kalitesine g\u00fcvenirken yerel tedarikten faydalanabilirler.<\/p>\n\n\n\t\t<\/div>\n\t<\/div>\n\t\n\t<div id=\"accordion-1032896032\" class=\"accordion-item\">\n\t\t<a id=\"accordion-1032896032-label\" class=\"accordion-title plain\" href=\"#accordion-item-oil-spills-in-tunesia\" aria-expanded=\"false\" aria-controls=\"accordion-1032896032-content\">\n\t\t\t<button class=\"toggle\" aria-label=\"A\u00e7\/Kapat\"><i class=\"icon-angle-down\" aria-hidden=\"true\"><\/i><\/button>\n\t\t\t<span>Tunus'ta petrol s\u0131z\u0131nt\u0131lar\u0131<\/span>\n\t\t<\/a>\n\t\t<div id=\"accordion-1032896032-content\" class=\"accordion-inner\" aria-labelledby=\"accordion-1032896032-label\">\n\t\t\t\n\n<p>Petrol s\u0131z\u0131nt\u0131lar\u0131 ve hidrokarbon kirlili\u011fine kar\u015f\u0131 acil ve \u00e7evre dostu bir \u00e7\u00f6z\u00fcm i\u00e7in AQUAQUICK 2000 tercih edilen \u00fcr\u00fcnd\u00fcr. Tunus'ta m\u00fc\u015fterilerimiz, AQUAQUICK 2000'i h\u0131zl\u0131 ve verimli bir \u015fekilde tedarik eden resmi distrib\u00fct\u00f6r\u00fcm\u00fcze g\u00fcvenebilir ve olaylar meydana geldi\u011finde h\u0131zl\u0131 bir \u015fekilde m\u00fcdahale edilmesini sa\u011flayabilir.<\/p>\n<p>AQUAQUICK 2000, petrol s\u0131z\u0131nt\u0131s\u0131na m\u00fcdahale, end\u00fcstriyel bak\u0131m ve \u00e7evre koruma alanlar\u0131nda onlarca y\u0131ld\u0131r d\u00fcnya \u00e7ap\u0131nda g\u00fcvenilen, y\u00fcksek konsantrasyonlu, biyolojik olarak par\u00e7alanabilen bir temizlik maddesidir. Geleneksel kimyasal temizleyicilerin aksine su bazl\u0131d\u0131r, toksik de\u011fildir ve hassas alanlarda kullan\u0131m i\u00e7in g\u00fcvenlidir, bu da onu sadece deniz ve k\u0131y\u0131 d\u00f6k\u00fcnt\u00fcleri i\u00e7in de\u011fil ayn\u0131 zamanda end\u00fcstriyel sahalar, yol kazalar\u0131, at\u00f6lyeler ve arazi iyile\u015ftirme projeleri i\u00e7in de uygun hale getirir.<\/p>\n<p>\u00dcr\u00fcn, ya\u011f, gres ve hidrokarbon kal\u0131nt\u0131lar\u0131n\u0131 etkili bir \u015fekilde par\u00e7alamak i\u00e7in tasarlanm\u0131\u015ft\u0131r ve hem insanlar\u0131 hem de \u00e7evreyi korurken kolayca \u00e7\u0131kar\u0131lmas\u0131n\u0131 sa\u011flar. \u00c7ok y\u00f6nl\u00fcl\u00fc\u011f\u00fc sayesinde AQUAQUICK 2000, denizcilik, ta\u015f\u0131mac\u0131l\u0131k ve havac\u0131l\u0131ktan madencilik, enerji ve imalat end\u00fcstrilerine kadar \u00e7e\u015fitli sekt\u00f6rlerde uygulanmaktad\u0131r. Kan\u0131tlanm\u0131\u015f verimlili\u011fi ve g\u00fcvenlik standartlar\u0131, onu d\u00fcnya \u00e7ap\u0131nda bir\u00e7ok h\u00fck\u00fcmet, belediye ve \u015firketin ilk tercihi haline getirmektedir.<\/p>\n\n\n\t\t<\/div>\n\t<\/div>\n\t\n\t<div id=\"accordion-2623641501\" class=\"accordion-item\">\n\t\t<a id=\"accordion-2623641501-label\" class=\"accordion-title plain\" href=\"#accordion-item-about-aquaquick-tunesia\" aria-expanded=\"false\" aria-controls=\"accordion-2623641501-content\">\n\t\t\t<button class=\"toggle\" aria-label=\"A\u00e7\/Kapat\"><i class=\"icon-angle-down\" aria-hidden=\"true\"><\/i><\/button>\n\t\t\t<span>AQUAQUICK TUNESIA Hakk\u0131nda<\/span>\n\t\t<\/a>\n\t\t<div id=\"accordion-2623641501-content\" class=\"accordion-inner\" aria-labelledby=\"accordion-2623641501-label\">\n\t\t\t\n\n<p>AQUAQUICK TUNUS, b\u00f6lgede \u00e7evre dostu ve son derece etkili temizlik \u00e7\u00f6z\u00fcmleri sunma konusundaki g\u00fc\u00e7l\u00fc kararl\u0131l\u0131\u011f\u0131m\u0131z\u0131 temsil etmektedir. Tunus'un \u00e7evre koruma ve end\u00fcstriyel g\u00fcvenlik konusunda artan fark\u0131ndal\u0131\u011f\u0131 ile AQUAQUICK 2000, petrol s\u0131z\u0131nt\u0131lar\u0131, end\u00fcstriyel kirlenme ve hidrokarbon kal\u0131nt\u0131lar\u0131n\u0131 y\u00f6netmek i\u00e7in g\u00fcvenilir \u00fcr\u00fcnler arayan \u015firketler i\u00e7in \u00f6nemli bir ortak haline gelmi\u015ftir.<\/p>\n<p>Tunus'taki varl\u0131\u011f\u0131m\u0131z, hem \u00f6zel \u015firketlerin hem de devlet kurumlar\u0131n\u0131n yerel uzmanl\u0131k ve da\u011f\u0131t\u0131mla desteklenen AQUAQUICK 2000'e do\u011frudan eri\u015febilmelerini sa\u011flamaktad\u0131r. Bu da olaylara h\u0131zla m\u00fcdahale etmeyi m\u00fcmk\u00fcn k\u0131larken, ayn\u0131 zamanda daha temiz operasyonlar, daha g\u00fcvenli i\u015fyerleri ve daha sa\u011fl\u0131kl\u0131 bir \u00e7evre i\u00e7in uzun vadeli \u00e7\u00f6z\u00fcmleri entegre etmeyi m\u00fcmk\u00fcn k\u0131lmaktad\u0131r.<\/p>\n<p>AQUAQUICK TUNUS arac\u0131l\u0131\u011f\u0131yla, end\u00fcstriler sadece \u00fcr\u00fcn tedarikine de\u011fil, ayn\u0131 zamanda teknik bilgi ve uygulama rehberli\u011fine de eri\u015fim kazanmaktad\u0131r. \u0130ster petrol s\u0131z\u0131nt\u0131s\u0131na m\u00fcdahale, ister arazi \u0131slah\u0131, ister makinelerin ya\u011fdan ar\u0131nd\u0131r\u0131lmas\u0131 veya depolama tanklar\u0131n\u0131n temizlenmesi i\u00e7in kullan\u0131ls\u0131n, AQUAQUICK 2000 hem insanlar\u0131 hem de do\u011fay\u0131 korurken tutarl\u0131 bir performans sunar. Bu yerel kullan\u0131labilirlik, Tunuslu \u015firketlerin operasyonlar\u0131nda g\u00fcvenli ve s\u00fcrd\u00fcr\u00fclebilir uygulamalar\u0131n \u00f6n saflar\u0131nda yer almas\u0131n\u0131 sa\u011flar.<\/p>\n\n\n\t\t<\/div>\n\t<\/div>\n\t\n\n<\/div>\n\n\t\t<\/div>\n\t\t\t\t\t<\/div>\n\n\t\n\n<\/div>\n\n\t\t<\/div>\n\n\t\t\n<style>\n#section_576004407 {\n  padding-top: 30px;\n  padding-bottom: 30px;\n  background-color: rgb(255, 255, 255);\n}\n#section_576004407 .section-bg-overlay {\n  background-color: rgba(240, 240, 240, 0);\n}\n<\/style>\n\t<\/section>","protected":false},"excerpt":{"rendered":"","protected":false},"author":1,"featured_media":0,"parent":2564,"menu_order":0,"comment_status":"closed","ping_status":"closed","template":"page-blank.php","meta":{"cybocfi_hide_featured_image":"","footnotes":"","_links_to":"","_links_to_target":""},"class_list":["post-12894","page","type-page","status-publish","hentry"],"_links":{"self":[{"href":"https:\/\/www.aquaquick2000.com\/tr\/wp-json\/wp\/v2\/pages\/12894","targetHints":{"allow":["GET"]}}],"collection":[{"href":"https:\/\/www.aquaquick2000.com\/tr\/wp-json\/wp\/v2\/pages"}],"about":[{"href":"https:\/\/www.aquaquick2000.com\/tr\/wp-json\/wp\/v2\/types\/page"}],"author":[{"embeddable":true,"href":"https:\/\/www.aquaquick2000.com\/tr\/wp-json\/wp\/v2\/users\/1"}],"replies":[{"embeddable":true,"href":"https:\/\/www.aquaquick2000.com\/tr\/wp-json\/wp\/v2\/comments?post=12894"}],"version-history":[{"count":0,"href":"https:\/\/www.aquaquick2000.com\/tr\/wp-json\/wp\/v2\/pages\/12894\/revisions"}],"up":[{"embeddable":true,"href":"https:\/\/www.aquaquick2000.com\/tr\/wp-json\/wp\/v2\/pages\/2564"}],"wp:attachment":[{"href":"https:\/\/www.aquaquick2000.com\/tr\/wp-json\/wp\/v2\/media?parent=12894"}],"curies":[{"name":"wp","href":"https:\/\/api.w.org\/{rel}","templated":true}]}}