{"id":2532,"date":"2017-01-02T12:53:57","date_gmt":"2017-01-02T12:53:57","guid":{"rendered":"http:\/\/www.aquaquick2000.com\/?page_id=2532"},"modified":"2023-01-26T13:03:21","modified_gmt":"2023-01-26T13:03:21","slug":"onaylar-sertifikalar-listesi","status":"publish","type":"page","link":"https:\/\/www.aquaquick2000.com\/tr\/accreditations\/list-of-approvals-certificates\/","title":{"rendered":"Onaylar ve sertifikalar\u0131n listesi"},"content":{"rendered":"Onaylar ve sertifikalar\u0131n listesi\n\n<h2>AQUAQUICK 2000 i\u00e7in Onaylar ve Sertifikalar Listesi.<\/h2>\n<p>Ge\u00e7ti\u011fimiz 40 y\u0131l boyunca AQUAQUICK 2000 \u00fcr\u00fcn\u00fc ola\u011fan\u00fcst\u00fc sonu\u00e7larla d\u00fcnyay\u0131 \u015fa\u015f\u0131rtm\u0131\u015ft\u0131r. O zamandan beri AQUAQUICK 2000 bir\u00e7ok end\u00fcstriyel uygulama i\u00e7in ba\u015far\u0131l\u0131 bir \u00e7\u00f6z\u00fcm olarak kullan\u0131lmaktad\u0131r. AQUAQUICK 2000 a\u015fa\u011f\u0131daki kurulu\u015flar, \u015firketler ve devlet enstit\u00fcleri taraf\u0131ndan test edilmi\u015f ve onaylanm\u0131\u015f veya sertifikaland\u0131r\u0131lm\u0131\u015ft\u0131r. <\/p>\n<ul>\n<li class=\"bullet-checkmark\">UT Enschede, Hollanda - AQUAQUICK 2000, At\u0131k Su Ar\u0131tma Tesisinde kullan\u0131ld\u0131\u011f\u0131nda tamamen biyolojik olarak par\u00e7alanabilir ve klor i\u00e7ermez, topraktaki hidrokarbonlar\u0131 kolayca giderirken \u00f6zel sa\u011fl\u0131k riskleri veya toksik yan \u00fcr\u00fcnler \u00fcretmez.<\/li>\n<li class=\"bullet-checkmark\">TNO \u00dcniversitesi Delft, Hollanda - Bu \u00fcr\u00fcn\u00fcn ekosistemler, su sistemleri veya kullan\u0131c\u0131lar \u00fczerinde uzun vadeli olumsuz etkileri yoktur \u00e7\u00fcnk\u00fc AQUAQUICK 2000 tamamen biyolojik olarak par\u00e7alanabilir, hassasla\u015ft\u0131r\u0131c\u0131 de\u011fildir ve insan cildi veya g\u00f6zleri i\u00e7in a\u015f\u0131nd\u0131r\u0131c\u0131 de\u011fildir.<\/li>\n<li class=\"bullet-checkmark\">Sa\u011fl\u0131k Bakanl\u0131\u011f\u0131, Hollanda - AQUAQUICK 2000 t\u00fcm Hollanda g\u0131da end\u00fcstrisi uygulama y\u00f6netmeliklerine uygundur.<\/li>\n<li class=\"bullet-checkmark\">Hollanda Savunma Bakanl\u0131\u011f\u0131, Hollanda - AQUAQUICK 2000 boyalara veya kaplamalara zarar vermez ve kararl\u0131 bir em\u00fclsiyon olu\u015ftururken hidrokarbonlar\u0131 gidermek i\u00e7in uygun oldu\u011funu g\u00f6stermi\u015ftir.<\/li>\n<li class=\"bullet-checkmark\">Hollanda Su Kurulu B\u00f6lgeleri, Hollanda - AQUAQUICK 2000, ayr\u0131\u015ft\u0131r\u0131lan hidrokarbonlar\u0131n uzakla\u015ft\u0131r\u0131lmas\u0131ndan sonra, yasaklanm\u0131\u015f maddelerle kirlenmeyecek \u015fekilde kanalizasyona at\u0131labilir.<\/li>\n<li class=\"bullet-checkmark\">Denizcilik ve Gemicilik Genel M\u00fcd\u00fcrl\u00fc\u011f\u00fc, Londra Birle\u015fik Krall\u0131k (IMO) - AQUAQUICK 2000 ve AQUAQUICK 2000 SP, MARPOL Ek II, Tank Temizli\u011fi (MERC.2\/CIRC.8) ve ESPH \u00c7al\u0131\u015fma Grubu'nda belirtilen t\u00fcm y\u00f6nergeleri kar\u015f\u0131lamaktad\u0131r.<\/li>\n<li class=\"bullet-checkmark\">NS Dutch Railways Utrecht, Hollanda - AQUAQUICK 2000, metallerin ve boyal\u0131 y\u00fczeylerin temizlenmesi i\u00e7in uygun bir evrensel temizlik maddesidir ve uygulamas\u0131 i\u00e7in \u00f6zel g\u00fcvenlik prosed\u00fcrleri gerekmez. Y\u00fcksek bas\u0131n\u00e7l\u0131 dispersiyon ekipman\u0131 ile de kullan\u0131labilir.<\/li>\n<li class=\"bullet-checkmark\">American Bureau of Shipping Londra, \u0130ngiltere - AQUAQUICK 2000 ve AQUAQUICK 2000 SP'ye nakliye onay\u0131 i\u00e7in \u00dcr\u00fcn Tasar\u0131m De\u011ferlendirme Sertifikas\u0131 verildi.<\/li>\n<li class=\"bullet-checkmark\">Devlet Maden Denetimi, Hollanda - AQUAQUICK 2000, K\u0131ta Sahanl\u0131\u011f\u0131 Maden Y\u00f6netmeli\u011fi Madde 49B, alt paragraf 1'e g\u00f6re, deniz \u00e7evresi i\u00e7in zarars\u0131z bulunmu\u015ftur.<\/li>\n<li class=\"bullet-checkmark\">TUV Ara\u015ft\u0131rma Enstit\u00fcs\u00fc Hannover, Almanya - AQUAQUICK 2000 SP, Otomotiv ve Metal \u0130\u015fleme End\u00fcstrilerinde kullan\u0131m i\u00e7in onaylanm\u0131\u015ft\u0131r ve h\u0131zl\u0131 ayr\u0131\u015ft\u0131r\u0131c\u0131 temizleyiciler i\u00e7in t\u00fcm gereklilikleri kar\u015f\u0131larken, \u00e7evre direktifi k\u0131lavuzlar\u0131ndan tehlikeli maddeler veya m\u00fcstahzarlar i\u00e7in Alman d\u00fczenlemelerini kar\u015f\u0131lamaktad\u0131r.<\/li>\n<li class=\"bullet-checkmark\">Dekra Umwelt Gmbh Stuttgart, Almanya - AQUAQUICK 2000 SP, ya\u011f ve gres separat\u00f6rlerinde (Avusturya Standard\u0131 B 5105) tehlikeli olmayan malzeme ta\u015f\u0131ma s\u0131n\u0131fland\u0131rmas\u0131yla kullan\u0131m i\u00e7in onay standartlar\u0131n\u0131 kar\u015f\u0131lar.<\/li>\n<li class=\"bullet-checkmark\">Gelsenkirchen Hijyen Enstit\u00fcs\u00fc, Almanya - AQUAQUICK 2000, ya\u011fla kirlenmi\u015f yol y\u00fczeylerinin temizlenmesi i\u00e7in onaylanm\u0131\u015f bir deterjand\u0131r.<\/li>\n<li class=\"bullet-checkmark\">Dortmund Devlet Malzeme Ara\u015ft\u0131rma Laboratuvar\u0131, Almanya - AQUAQUICK 2000'in, ya\u011f emiciler hari\u00e7 olmak \u00fczere, yol y\u00fczeylerindeki ya\u011f izlerinin giderilmesine y\u00f6nelik yerle\u015fik \"y\u00f6ntemlere uygun oldu\u011fu tespit edilmi\u015ftir.<\/li>\n<li class=\"bullet-checkmark\">Kimya Laboratuvar\u0131 Webling, Almanya - AQUAQUICK 2000 100% biyolojik olarak par\u00e7alanabilir, at\u0131k su ar\u0131tma tesislerinde veya ekipman \u00fczerinde hi\u00e7bir olumsuz etkiye neden olmaz.<\/li>\n<li class=\"bullet-checkmark\">Malezya Ara\u015ft\u0131rmas\u0131 - AQUAQUICK 2000'in Uluslararas\u0131 Denizcilik \u00d6rg\u00fct\u00fc (IMO) \u00fcr\u00fcn s\u0131n\u0131fland\u0131rmas\u0131na uygun olarak (LC50 ve EC50 de\u011ferleri &gt;1000mg\/L) sucul ortamlar i\u00e7in toksik olmad\u0131\u011f\u0131 belirlenmi\u015ftir. Testler, at\u0131k suyun gres ve ya\u011f i\u00e7eri\u011finin sadece 21 g\u00fcn i\u00e7inde 94%'ye kadar azald\u0131\u011f\u0131n\u0131 g\u00f6stermi\u015ftir.<\/li>\n<li class=\"bullet-checkmark\">Mikro-Biyoloji Laboratuvar\u0131 Ara\u015ft\u0131rmac\u0131s\u0131 J. Balfanz Munster, Almanya - AQUAQUICK 2000 V-93 bakteri ve mikroorganizmalar\u0131n b\u00fcy\u00fcmesini uyar\u0131r ve y\u00fczey topra\u011f\u0131 ve sudaki hidrokarbonlar\u0131n par\u00e7alanmas\u0131n\u0131 h\u0131zland\u0131r\u0131r. Ara\u015ft\u0131rma, 35 g\u00fcnde hidrokarbonlar\u0131n ortalama 90% par\u00e7aland\u0131\u011f\u0131n\u0131 g\u00f6stermi\u015ftir.<\/li>\n<li class=\"bullet-checkmark\">Mechem Technical &amp; Laboratory Services Pte, Ltd, Singapur - AQUAQUICK 2000'in deniz kirlili\u011finin \u00f6nlenmesine ili\u015fkin birinci \u00e7izelgede listelenen da\u011f\u0131t\u0131c\u0131lara ili\u015fkin spesifikasyonlarla uyumlu oldu\u011fu tespit edilmi\u015ftir. (1999 Y\u00f6netmeli\u011fi).<\/li>\n<li class=\"bullet-checkmark\">Migas Laboratories, Endonezya - AQUAQUICK 2000, 10 ml su ile 1:50 oran\u0131nda seyreltildi\u011finde, petrol s\u0131z\u0131nt\u0131lar\u0131n\u0131 kontrol etmek ve k\u0131y\u0131daki ve k\u0131y\u0131 d\u0131\u015f\u0131ndaki tekneleri temizlemek i\u00e7in yasal ve g\u00fcvenli bir \u015fekilde kullan\u0131labilir.<\/li>\n<li class=\"bullet-checkmark\">Londra Metrosu Birle\u015fik Krall\u0131k - AQUAQUICK 2000, sa\u011fl\u0131k veya g\u00fcvenlik a\u00e7\u0131s\u0131ndan herhangi bir sak\u0131nca g\u00f6r\u00fclmeden Londra Metrosu Ltd. b\u00fcnyesinde kullan\u0131m i\u00e7in kabul edilebilir. (Rapor No. C7638, 9 \u015eubat 1996)<\/li>\n<li class=\"bullet-checkmark\">SABA - AQUAQUICK 2000 ve AQUAQUICK 2000 SP'nin Simson ve SABA taraf\u0131ndan benzin istasyonlar\u0131 i\u00e7in \u00fcretilen s\u0131v\u0131 ge\u00e7irmez zemin s\u0131zd\u0131rmazl\u0131k malzemeleri \u00fczerinde hi\u00e7bir zararl\u0131 etkisi olmad\u0131\u011f\u0131 tespit edilmi\u015ftir.<\/li>\n<li class=\"bullet-checkmark\">Kanada G\u0131da Denetim Ajans\u0131, Ontario, Kanada - AQUAQUICK 2000 ve AQUAQUICK 2000 SP, g\u0131da end\u00fcstrisi ekipmanlar\u0131n\u0131n end\u00fcstriyel temizli\u011finde kullan\u0131m i\u00e7in onaylanm\u0131\u015ft\u0131r. Elde edilen bulgular g\u0131dalarda herhangi bir kontaminasyon olmayaca\u011f\u0131n\u0131 g\u00f6stermektedir. Bu \u00fcr\u00fcnler, g\u0131da i\u015flenmedi\u011fi zamanlarda g\u0131da alanlar\u0131ndaki zemin ve duvarlarda kullan\u0131labilir.<\/li>\n<li class=\"bullet-checkmark\">\u0130zlanda G\u0131da Denetim Ajans\u0131, \u0130zlanda - AQUAQUICK 2000, t\u00fcm g\u0131da end\u00fcstrisi ekipmanlar\u0131nda end\u00fcstriyel temizlik kullan\u0131m\u0131 i\u00e7in onaylanm\u0131\u015ft\u0131r. Toksik olmad\u0131\u011f\u0131, a\u015f\u0131nd\u0131r\u0131c\u0131 olmad\u0131\u011f\u0131, kullan\u0131c\u0131 ve \u00e7evre dostu oldu\u011fu tespit edilmi\u015ftir.<\/li>\n<li class=\"bullet-checkmark\">Polonya G\u0131da Denetim Ajans\u0131, Polonya - AQUAQUICK 2000, g\u0131da \u00fcretim ekipmanlar\u0131n\u0131n end\u00fcstriyel temizli\u011fi i\u00e7in onaylanm\u0131\u015ft\u0131r.<\/li>\n<li class=\"bullet-checkmark\">Deutschland \u00c7evre Koruma Grubu, Almanya - AQUAQUICK 2000 g\u00fcvenli bulunmu\u015f ve Almanya'daki t\u00fcm \u00e7evresel uygulamalar i\u00e7in onaylanm\u0131\u015ft\u0131r.<\/li>\n<li class=\"bullet-checkmark\">Tayland\/Malezya - AQUAQUICK 2000, Tayland ve Malezya b\u00f6lgelerindeki t\u00fcm end\u00fcstriyel ve \u00e7evresel uygulamalarda kullan\u0131m i\u00e7in onaylanm\u0131\u015ft\u0131r.<\/li>\n<li class=\"bullet-checkmark\">Peru - AQUAQUICK 2000 Peru'da temizlik uygulamalar\u0131nda kullan\u0131m i\u00e7in onaylanm\u0131\u015ft\u0131r.<\/li>\n<li class=\"bullet-checkmark\">M\u0131s\u0131r - AQUAQUICK 2000 genel ve end\u00fcstriyel temizlik uygulamalar\u0131 i\u00e7in onay alm\u0131\u015ft\u0131r. Ayr\u0131ca M\u0131s\u0131r'da petrol s\u0131z\u0131nt\u0131lar\u0131n\u0131n ar\u0131t\u0131lmas\u0131 i\u00e7in de ruhsatland\u0131r\u0131lm\u0131\u015ft\u0131r.<\/li>\n<li class=\"bullet-checkmark\">Filipin Sahil G\u00fcvenlik, Filipinler - AQUAQUICK 2000, bir petrol s\u0131z\u0131nt\u0131s\u0131 da\u011f\u0131t\u0131c\u0131 i\u00e7in akreditasyonun t\u00fcm gerekliliklerine uygundur.<\/li>\n<li class=\"bullet-checkmark\">Y\u00fczey Y\u0131kama Maddeleri: 2013 G\u00fcncellemesi, Spill Science, Edmonton, Alberta, Kanada - AQUAQUICK 2000'i etkinlik, toksisite ve uygulama i\u00e7in t\u00fcm test standartlar\u0131n\u0131 kar\u015f\u0131layan onayl\u0131 bir y\u00fczey y\u0131kama da\u011f\u0131t\u0131c\u0131s\u0131 olarak listeler.<\/li>\n<\/ul>","protected":false},"excerpt":{"rendered":"<p>List of approvals &amp; certificates List of Approvals &amp; Certificates for AQUAQUICK 2000. For the past 4 decades the AQUAQUICK 2000 product has amazed the world with remarkable results. Since then AQUAQUICK 2000 has been used as a successful solution for many industrial applications. AQUAQUICK 2000 has been tested and approved or certified by the [&#8230;]\n","protected":false},"author":1,"featured_media":4384,"parent":2528,"menu_order":0,"comment_status":"closed","ping_status":"closed","template":"","meta":{"cybocfi_hide_featured_image":"","footnotes":"","_links_to":"","_links_to_target":""},"class_list":["post-2532","page","type-page","status-publish","has-post-thumbnail","hentry"],"_links":{"self":[{"href":"https:\/\/www.aquaquick2000.com\/tr\/wp-json\/wp\/v2\/pages\/2532","targetHints":{"allow":["GET"]}}],"collection":[{"href":"https:\/\/www.aquaquick2000.com\/tr\/wp-json\/wp\/v2\/pages"}],"about":[{"href":"https:\/\/www.aquaquick2000.com\/tr\/wp-json\/wp\/v2\/types\/page"}],"author":[{"embeddable":true,"href":"https:\/\/www.aquaquick2000.com\/tr\/wp-json\/wp\/v2\/users\/1"}],"replies":[{"embeddable":true,"href":"https:\/\/www.aquaquick2000.com\/tr\/wp-json\/wp\/v2\/comments?post=2532"}],"version-history":[{"count":0,"href":"https:\/\/www.aquaquick2000.com\/tr\/wp-json\/wp\/v2\/pages\/2532\/revisions"}],"up":[{"embeddable":true,"href":"https:\/\/www.aquaquick2000.com\/tr\/wp-json\/wp\/v2\/pages\/2528"}],"wp:featuredmedia":[{"embeddable":true,"href":"https:\/\/www.aquaquick2000.com\/tr\/wp-json\/wp\/v2\/media\/4384"}],"wp:attachment":[{"href":"https:\/\/www.aquaquick2000.com\/tr\/wp-json\/wp\/v2\/media?parent=2532"}],"curies":[{"name":"wp","href":"https:\/\/api.w.org\/{rel}","templated":true}]}}