{"id":29,"date":"2014-10-20T12:48:29","date_gmt":"2014-10-20T12:48:29","guid":{"rendered":"http:\/\/xml-io.proteusthemes.com\/buildpress\/?page_id=29"},"modified":"2023-01-27T10:26:45","modified_gmt":"2023-01-27T10:26:45","slug":"iletisim-us","status":"publish","type":"page","link":"https:\/\/www.aquaquick2000.com\/tr\/contact-us\/","title":{"rendered":"Bize Ula\u015f\u0131n"},"content":{"rendered":"<section class=\"section dark\" id=\"section_799860503\">\n\t\t<div class=\"section-bg fill\" >\n\t\t\t<img decoding=\"async\" width=\"1920\" height=\"593\" src=\"https:\/\/b3871678.smushcdn.com\/3871678\/wp-content\/uploads\/2017\/12\/page-header-AQ-2000-bubbles-1.jpg?lossy=2&strip=1&webp=1\" class=\"bg attachment- size-\" alt=\"\" title=\"\" srcset=\"https:\/\/b3871678.smushcdn.com\/3871678\/wp-content\/uploads\/2017\/12\/page-header-AQ-2000-bubbles-1.jpg?lossy=2&amp;strip=1&amp;webp=1 1920w, https:\/\/b3871678.smushcdn.com\/3871678\/wp-content\/uploads\/2017\/12\/page-header-AQ-2000-bubbles-1-510x158.jpg?lossy=2&amp;strip=1&amp;webp=1 510w, https:\/\/b3871678.smushcdn.com\/3871678\/wp-content\/uploads\/2017\/12\/page-header-AQ-2000-bubbles-1-300x93.jpg?lossy=2&amp;strip=1&amp;webp=1 300w, https:\/\/b3871678.smushcdn.com\/3871678\/wp-content\/uploads\/2017\/12\/page-header-AQ-2000-bubbles-1-768x237.jpg?lossy=2&amp;strip=1&amp;webp=1 768w, https:\/\/b3871678.smushcdn.com\/3871678\/wp-content\/uploads\/2017\/12\/page-header-AQ-2000-bubbles-1-1024x316.jpg?lossy=2&amp;strip=1&amp;webp=1 1024w, https:\/\/b3871678.smushcdn.com\/3871678\/wp-content\/uploads\/2017\/12\/page-header-AQ-2000-bubbles-1-280x86.jpg?lossy=2&amp;strip=1&amp;webp=1 280w, https:\/\/b3871678.smushcdn.com\/3871678\/wp-content\/uploads\/2017\/12\/page-header-AQ-2000-bubbles-1-1170x361.jpg?lossy=2&amp;strip=1&amp;webp=1 1170w, https:\/\/b3871678.smushcdn.com\/3871678\/wp-content\/uploads\/2017\/12\/page-header-AQ-2000-bubbles-1-600x185.jpg?lossy=2&amp;strip=1&amp;webp=1 600w, https:\/\/b3871678.smushcdn.com\/3871678\/wp-content\/uploads\/2017\/12\/page-header-AQ-2000-bubbles-1.jpg?size=204x63&amp;lossy=2&amp;strip=1&amp;webp=1 204w, https:\/\/b3871678.smushcdn.com\/3871678\/wp-content\/uploads\/2017\/12\/page-header-AQ-2000-bubbles-1.jpg?size=408x126&amp;lossy=2&amp;strip=1&amp;webp=1 408w, https:\/\/b3871678.smushcdn.com\/3871678\/wp-content\/uploads\/2017\/12\/page-header-AQ-2000-bubbles-1.jpg?size=1530x473&amp;lossy=2&amp;strip=1&amp;webp=1 1530w\" sizes=\"(max-width: 1920px) 100vw, 1920px\">\t\t\t\t\t\t<div class=\"section-bg-overlay absolute fill\"><\/div>\n\t\t\t\n\n\t\t<\/div>\n\n\t\t\n\n\t\t<div class=\"section-content relative\">\n\t\t\t\n\n<div class=\"row\"  id=\"row-961606154\">\n\n\n\t<div id=\"col-1059349831\" class=\"col small-12 large-12\"  >\n\t\t\t\t<div class=\"col-inner text-center\"  >\n\t\t\t\n\t\t\t\n\n<h2 style=\"font-size: 200%;\">AQUAQUICK GLOBAL ile ileti\u015fime ge\u00e7in<\/h2>\n<p>AQUAQUICK 2000 hakk\u0131nda daha fazla bilgi veya sorular\u0131n\u0131z i\u00e7in a\u015fa\u011f\u0131daki adresten bize ula\u015f\u0131n.<\/p>\n\t<div id=\"gap-971303951\" class=\"gap-element clearfix\" style=\"display:block; height:auto;\">\n\t\t\n<style>\n#gap-971303951 {\n  padding-top: 60px;\n}\n<\/style>\n\t<\/div>\n\t\n\n\n\t\t<\/div>\n\t\t\t\t\n<style>\n#col-1059349831 > .col-inner {\n  padding: 20px 0px 0px 0px;\n}\n<\/style>\n\t<\/div>\n\n\t\n\n<\/div>\n\n\t\t<\/div>\n\n\t\t\n<style>\n#section_799860503 {\n  padding-top: 33px;\n  padding-bottom: 33px;\n  background-color: rgb(40, 40, 40);\n}\n#section_799860503 .section-bg-overlay {\n  background-color: rgba(0, 0, 0, 0.39);\n}\n<\/style>\n\t<\/section>\n\t\n\n\t<section class=\"section\" id=\"section_1897605884\">\n\t\t<div class=\"section-bg fill\" >\n\t\t\t\t\t\t\t\t\t\n\t\t\t\n\n\t\t<\/div>\n\n\t\t\n\n\t\t<div class=\"section-content relative\">\n\t\t\t\n\n<div class=\"row\"  id=\"row-409356155\">\n\n\n\t<div id=\"col-229451211\" class=\"col small-12 large-12\"  >\n\t\t\t\t<div class=\"col-inner\"  >\n\t\t\t\n\t\t\t\n\n<div class=\"row align-equal\"  id=\"row-1218912491\">\n\n\n\t<div id=\"col-168384092\" class=\"col medium-6 small-12 large-6\"  >\n\t\t\t\t<div class=\"col-inner text-center\"  >\n\t\t\t\n\t\t\t\n\n\n\t\t<div class=\"icon-box featured-box icon-box-center text-center\"  >\n\t\t\t\t<div class=\"icon-box-text last-reset\">\n\t\t\t\t\t\t\t\t\t\n\n<h4>Telefonla ileti\u015fim<\/h4>\n<p>AQUAQUICK 2000 hakk\u0131nda telefonda g\u00f6r\u00fc\u015fmek istedi\u011finiz herhangi bir sorunuz veya endi\u015feniz varsa, bize a\u015fa\u011f\u0131daki telefon numaras\u0131ndan ula\u015fabilirsiniz.<\/p>\n\t<div id=\"gap-1269127112\" class=\"gap-element clearfix\" style=\"display:block; height:auto;\">\n\t\t\n<style>\n#gap-1269127112 {\n  padding-top: 20px;\n}\n<\/style>\n\t<\/div>\n\t\n\n<a class=\"button primary expand\" >\n\t\t<span>Jaimy de Vries: +31 6 41 293 851<\/span>\n\t<\/a>\n\n\n<a class=\"button secondary expand\" >\n\t\t<span>Bart de Vries: +31 6 411 89 424<\/span>\n\t<\/a>\n\n\n\n\t\t<\/div>\n\t<\/div>\n\t\n\t\n\n\t\t<\/div>\n\t\t\t\t\t<\/div>\n\n\t\n\n\t<div id=\"col-1642466614\" class=\"col medium-6 small-12 large-6\"  >\n\t\t\t\t<div class=\"col-inner text-center\"  >\n\t\t\t\n\t\t\t\n\n\n\t\t<div class=\"icon-box featured-box icon-box-center text-center\"  >\n\t\t\t\t<div class=\"icon-box-text last-reset\">\n\t\t\t\t\t\t\t\t\t\n\n<h4>\u00c7evrimi\u00e7i ileti\u015fim deste\u011fi<\/h4>\n<p>AQUAQUICK 2000 hakk\u0131nda bekleyemeyecek bir sorunuz veya endi\u015feniz mi var? Acil yard\u0131m i\u00e7in \u00e7evrimi\u00e7i deste\u011fimizle ileti\u015fime ge\u00e7mekten \u00e7ekinmeyin.<\/p>\n\t<div id=\"gap-1816045512\" class=\"gap-element clearfix\" style=\"display:block; height:auto;\">\n\t\t\n<style>\n#gap-1816045512 {\n  padding-top: 20px;\n}\n<\/style>\n\t<\/div>\n\t\n\n\n\t\t<\/div>\n\t<\/div>\n\t\n\t\n<a href=\"https:\/\/wa.me\/31641293851\" target=\"_blank\" class=\"button primary expand\" rel=\"noopener\">\n\t\t<span>Whatsapp \u00fczerinden ileti\u015fim<\/span>\n\t<\/a>\n\n\n<a href=\"https:\/\/t.me\/jaimydevries\" target=\"_blank\" class=\"button secondary expand\" rel=\"noopener\">\n\t\t<span>Telegram \u00fczerinden ileti\u015fim<\/span>\n\t<\/a>\n\n\n\n\t\t<\/div>\n\t\t\t\t\t<\/div>\n\n\t\n\n\t<div id=\"col-1591790954\" class=\"col small-12 large-12\"  >\n\t\t\t\t<div class=\"col-inner text-center\" style=\"background-color:rgb(255,255,255);\" >\n\t\t\t\n\t\t\t\n\n<h3>AQUAQUICK 2000 ile ilgili sorular\u0131n\u0131z veya endi\u015feleriniz i\u00e7in a\u015fa\u011f\u0131daki formu doldurun.<\/h3>\n<div class=\"is-divider divider clearfix\" ><\/div>\n\n<div class=\"row align-center\"  id=\"row-945223439\">\n\n\n\t<div id=\"col-1212369691\" class=\"col medium-11 small-12 large-7\"  >\n\t\t\t\t<div class=\"col-inner text-left\"  >\n\t\t\t\n\t\t\t\n\n\n            <div \n                class=\"elfsight-widget-contact-form elfsight-widget\" \n                data-elfsight-contact-form-options=\"%7B%22ei%22%3A%22%22%2C%22fields%22%3A%5B%7B%22type%22%3A%22text%22%2C%22placeholder%22%3A%22John%20Denver%22%2C%22description%22%3A%22%22%2C%22label%22%3A%22Full%20name%22%2C%22required%22%3Afalse%2C%22columnWidth%22%3A50%2C%22id%22%3A%22%5Bfull-name%5D%22%7D%2C%7B%22type%22%3A%22email%22%2C%22label%22%3A%22Email%20address%22%2C%22description%22%3A%22%22%2C%22placeholder%22%3A%22example%40aquaquick2000.com%22%2C%22required%22%3Atrue%2C%22columnWidth%22%3A50%2C%22id%22%3A%22%5Bemail-address%5D%22%7D%2C%7B%22type%22%3A%22phone%22%2C%22label%22%3A%22Phone%20number%22%2C%22placeholder%22%3A%22%2B1-999-999-9999%22%2C%22description%22%3A%22%22%2C%22required%22%3Afalse%2C%22columnWidth%22%3A50%2C%22id%22%3A%22%5Bphone-number%5D%22%7D%2C%7B%22type%22%3A%22dropdown%22%2C%22label%22%3A%22Topic%20of%20your%20question%22%2C%22name%22%3A%22%22%2C%22placeholder%22%3A%22Choose%20an%20option%22%2C%22options%22%3A%22General%20question%20%5CnTechnical%20product%20support%5CnPurchase%20AQUAQUICK%202000%5CnDistributor%20license%20AQUAQUICK%202000%22%2C%22scaleNumbersMin%22%3A1%2C%22scaleNumbersMax%22%3A10%2C%22leftCaption%22%3A%22Not%20likely%22%2C%22rightCaption%22%3A%22Very%20likely%22%2C%22fileLinkCaption%22%3A%22Choose%20file%22%2C%22fileDragCaption%22%3A%22or%20drag%20%26%20drop%20here%22%2C%22text%22%3A%22Text%22%2C%22title%22%3A%22Heading%22%2C%22caption%22%3A%22%22%2C%22value%22%3A%22%22%2C%22labelText%22%3A%22Label%22%2C%22dateTime%22%3A%22date%22%2C%22dateFormat%22%3A%22d.m.Y%22%2C%22timeFormat%22%3A%22H%3Ai%22%2C%22starsCount%22%3A5%2C%22required%22%3Atrue%2C%22description%22%3A%22%22%2C%22columnWidth%22%3A50%2C%22elementColumnWidth%22%3A100%2C%22fileAllowedAll%22%3Atrue%2C%22fileAllowed%22%3A%5B%22.jpg%22%2C%22.jpeg%22%2C%22.png%22%2C%22.gif%22%2C%22.txt%22%2C%22.pdf%22%2C%22.doc%22%2C%22.docx%22%2C%22.pages%22%2C%22.numbers%22%2C%22.xls%22%2C%22.xlsx%22%2C%22.odt%22%2C%22.ppt%22%2C%22.pptx%22%2C%22.pps%22%2C%22.ppsx%22%2C%22.html%22%5D%2C%22fileMax%22%3A25%2C%22fields%22%3A%22%22%2C%22id%22%3A%22%5Btopic-of-your-question%5D%22%7D%2C%7B%22type%22%3A%22textarea%22%2C%22label%22%3A%22Write%20your%20message%22%2C%22description%22%3A%22%22%2C%22placeholder%22%3A%22Tell%20us%20briefly%20about%20what%20you%20are%20looking%20for.%22%2C%22required%22%3Atrue%2C%22columnWidth%22%3A100%2C%22id%22%3A%22%5Bwrite-your-message%5D%22%7D%5D%2C%22headerActive%22%3Afalse%2C%22headerTitle%22%3A%22Get%20in%20Touch%22%2C%22headerText%22%3A%22Leave%20your%20message%20and%20we%27ll%20get%20back%20to%20you%20shortly.%22%2C%22headerPictureUrl%22%3A%22message%22%2C%22footerText%22%3A%22%22%2C%22actionAfterSubmit%22%3A%22message%22%2C%22successMessage%22%3A%22Your%20message%20was%20successfully%20sent%21%20We%20will%20reply%20to%20you%20shortly.%22%2C%22successContinueText%22%3A%22OK%22%2C%22redirectUrl%22%3A%22https%3A%5C%2F%5C%2Fexample.com%22%2C%22submitText%22%3A%22Submit%22%2C%22stepsMessagesDivider%22%3Anull%2C%22stepsMessagesTitle%22%3Anull%2C%22stepsText%22%3A%22step%20%251%20of%20%252%22%2C%22stepBackText%22%3A%22Back%22%2C%22stepNextText%22%3A%22Next%22%2C%22errorMessageAllRequired%22%3A%22Please%2C%20fill%20all%20the%20required%20fields%22%2C%22errorMessageAllIncorrect%22%3A%22Please%2C%20fill%20all%20the%20fields%20correctly%22%2C%22errorMessageSetMailTo%22%3A%22Please%2C%20set%20the%20email%20to%20send%20messages%20to%22%2C%22errorMessageRequiredCaptcha%22%3A%22Please%2C%20enter%20the%20captcha%22%2C%22errorMessageFileSizeLimit%22%3A%22File%20size%20limit%20exceeded%22%2C%22errorMessageFileNotAllowed%22%3A%22File%20extension%20not%20allowed%22%2C%22errorMessageUnknown%22%3A%22Unknown%20error%22%2C%22errorMessageRequired%22%3A%22Required%20field%22%2C%22errorMessageInvalid%22%3A%22Invalid%22%2C%22errorMessageInvalidEmail%22%3A%22Invalid%20email%22%2C%22errorMessageInvalidPhone%22%3A%22Invalid%20phone%20number%22%2C%22errorMessageInvalidUrl%22%3A%22Invalid%20URL%22%2C%22calendarWeekdaysShorthand%22%3A%22Sun%5CnMon%5CnTue%5CnWed%5CnThu%5CnFri%5CnSat%22%2C%22calendarMonthsLonghand%22%3A%22January%5CnFebruary%5CnMarch%5CnApril%5CnMay%5CnJune%5CnJuly%5CnAugust%5CnSeptember%5CnOctober%5CnNovember%5CnDecember%22%2C%22showProgress%22%3Atrue%2C%22recaptchaType%22%3A%22invisible%22%2C%22integrationsGoogleToken%22%3A%22%22%2C%22integrationsGoogleSheetId%22%3A%22%22%2C%22layout%22%3A%22default%22%2C%22floatingIcon%22%3A%22message%22%2C%22floatingText%22%3A%22%22%2C%22floatingPosition%22%3A%22right%22%2C%22width%22%3A%22580%22%2C%22style%22%3A%22classic%22%2C%22mainColor%22%3A%22rgba%2828%2C%20145%2C%20255%2C%201%29%22%2C%22apiUrl%22%3A%22https%3A%5C%2F%5C%2Fwww.aquaquick2000.com%5C%2Ftr%5C%2Fwp-json%5C%2Felfsight-contact-form%5C%2Fapi%22%2C%22recaptchaKeyCheckbox%22%3A%226LfXGHgUAAAAAHNIE_EH7kEI1l4xvf_ynIlg5bfo%22%2C%22recaptchaKeyInvisible%22%3A%226Ld1CXgUAAAAAFTHmixC1Eo-NP7_3ddB1YOj9AfX%22%2C%22widgetId%22%3A%221%22%7D\" \n                data-elfsight-contact-form-version=\"2.3.1\"\n                data-elfsight-widget-id=\"elfsight-contact-form-1\">\n            <\/div>\n            \n\n\t\t<\/div>\n\t\t\t\t\t<\/div>\n\n\t\n\n\t<div id=\"col-1368110945\" class=\"col medium-11 small-12 large-5\"  >\n\t\t\t\t<div class=\"col-inner text-left\"  >\n\t\t\t\n\t\t\t\n\n\t<div id=\"gap-1173840393\" class=\"gap-element clearfix\" style=\"display:block; height:auto;\">\n\t\t\n<style>\n#gap-1173840393 {\n  padding-top: 45px;\n}\n<\/style>\n\t<\/div>\n\t\n\n<h3 class=\"uppercase\" style=\"text-align: left;\"><span style=\"font-size: 90%;\"><strong>i\u0307leti\u0307\u015fi\u0307m bi\u0307lgi\u0307leri\u0307<\/strong><\/span><\/h3>\n<p style=\"text-align: left;\"><strong>\u015eirket:<\/strong> AQUAQUICK GLOBAL B.V<\/p>\n<hr>\n<p style=\"text-align: left;\"><strong>Adres:<\/strong> Rutbekerveldweg 275 | 7548PP Enschede<\/p>\n<hr>\n<p style=\"text-align: left;\"><strong>Telefon Numaras\u0131 Bart de Vries:<\/strong> +31641189424<\/p>\n<hr>\n<p style=\"text-align: left;\"><strong>Telefon Numaras\u0131 Jaimy de Vries:<\/strong> +31641293851<\/p>\n<hr>\n<p style=\"text-align: left;\"><strong>\u0130\u015f soru\u015fturmalar\u0131:<\/strong> business@aquaquick2000.com<\/p>\n<hr>\n<p style=\"text-align: left;\"><strong>\u0130\u015f soru\u015fturmalar\u0131:<\/strong> info@aquaquick2000.com<\/p>\n\n\t\t<\/div>\n\t\t\t\t\t<\/div>\n\n\t\n\n<\/div>\n\n\t\t<\/div>\n\t\t\t\t\n<style>\n#col-1591790954 > .col-inner {\n  padding: 5px 5px 5px 5;\n  margin: 0 0px 0px 0px;\n}\n<\/style>\n\t<\/div>\n\n\t\n\n\n<style>\n#row-1218912491 > .col > .col-inner {\n  padding: 40px 40px 40px 40px;\n  background-color: rgb(255,255,255);\n}\n<\/style>\n<\/div>\n\n\t\t<\/div>\n\t\t\t\t\n<style>\n#col-229451211 > .col-inner {\n  margin: -100px 0px 0px 0px;\n}\n<\/style>\n\t<\/div>\n\n\t\n\n<\/div>\n<div class=\"row\"  id=\"row-2144109910\">\n\n\n\t<div id=\"col-604414000\" class=\"col small-12 large-12\"  >\n\t\t\t\t<div class=\"col-inner text-center\"  >\n\t\t\t\n\t\t\t\n\n<h4>AQUAQUICK GLOBAL B.V \u015eirket bilgileri<\/h4>\n<p><b>AQUAQUICK GLOBAL B.V<\/b> Rutbekerveldweg 275 | 7548PP, Hollanda | Enschede<\/p>\n<p><a href=\"mailto:business@aquaquick2000.com\">business@aquaquick2000.com<\/a> <b>|<\/b> <a href=\"mailto:jaimy@aquaquick2000.com\">jaimy@aquaquick2000.com<\/a> <b> | <\/b> <a href=\"mailto:bart@aquaquick2000.com\">bart@aquaquick2000.com<\/a><\/p>\n<p>\u0130\u015fletme kayd\u0131: KDV Numaras\u0131: 8522.56.814B01 \/\/ Ticaret Odas\u0131: 56680236<\/p>\n\n\t\t<\/div>\n\t\t\t\t\t<\/div>\n\n\t\n\n<\/div>\n\n\t\t<\/div>\n\n\t\t\n<style>\n#section_1897605884 {\n  padding-top: 30px;\n  padding-bottom: 30px;\n  background-color: rgb(244, 244, 244);\n}\n<\/style>\n\t<\/section>","protected":false},"excerpt":{"rendered":"","protected":false},"author":1,"featured_media":8695,"parent":0,"menu_order":0,"comment_status":"closed","ping_status":"closed","template":"page-blank.php","meta":{"cybocfi_hide_featured_image":"","footnotes":"","_links_to":"","_links_to_target":""},"class_list":["post-29","page","type-page","status-publish","has-post-thumbnail","hentry"],"_links":{"self":[{"href":"https:\/\/www.aquaquick2000.com\/tr\/wp-json\/wp\/v2\/pages\/29","targetHints":{"allow":["GET"]}}],"collection":[{"href":"https:\/\/www.aquaquick2000.com\/tr\/wp-json\/wp\/v2\/pages"}],"about":[{"href":"https:\/\/www.aquaquick2000.com\/tr\/wp-json\/wp\/v2\/types\/page"}],"author":[{"embeddable":true,"href":"https:\/\/www.aquaquick2000.com\/tr\/wp-json\/wp\/v2\/users\/1"}],"replies":[{"embeddable":true,"href":"https:\/\/www.aquaquick2000.com\/tr\/wp-json\/wp\/v2\/comments?post=29"}],"version-history":[{"count":0,"href":"https:\/\/www.aquaquick2000.com\/tr\/wp-json\/wp\/v2\/pages\/29\/revisions"}],"wp:featuredmedia":[{"embeddable":true,"href":"https:\/\/www.aquaquick2000.com\/tr\/wp-json\/wp\/v2\/media\/8695"}],"wp:attachment":[{"href":"https:\/\/www.aquaquick2000.com\/tr\/wp-json\/wp\/v2\/media?parent=29"}],"curies":[{"name":"wp","href":"https:\/\/api.w.org\/{rel}","templated":true}]}}