{"id":3561,"date":"2018-04-23T21:19:18","date_gmt":"2018-04-23T21:19:18","guid":{"rendered":"http:\/\/www.aquaquick2000.com\/?page_id=3561"},"modified":"2023-01-27T10:31:09","modified_gmt":"2023-01-27T10:31:09","slug":"nck-international-corp","status":"publish","type":"page","link":"https:\/\/www.aquaquick2000.com\/tr\/distributors\/nck-international-corp\/","title":{"rendered":"NCK INTERNATIONAL CORP"},"content":{"rendered":"<section class=\"section\" id=\"section_1477353231\">\n\t\t<div class=\"section-bg fill\" >\n\t\t\t<img decoding=\"async\" width=\"1920\" height=\"441\" src=\"https:\/\/b3871678.smushcdn.com\/3871678\/wp-content\/uploads\/2020\/09\/aquaquick-2000-oil-cleaning-waterwave.jpg?lossy=2&strip=1&webp=1\" class=\"bg attachment- size-\" alt=\"\" title=\"\" srcset=\"https:\/\/b3871678.smushcdn.com\/3871678\/wp-content\/uploads\/2020\/09\/aquaquick-2000-oil-cleaning-waterwave.jpg?lossy=2&amp;strip=1&amp;webp=1 1920w, https:\/\/b3871678.smushcdn.com\/3871678\/wp-content\/uploads\/2020\/09\/aquaquick-2000-oil-cleaning-waterwave-510x117.jpg?lossy=2&amp;strip=1&amp;webp=1 510w, https:\/\/b3871678.smushcdn.com\/3871678\/wp-content\/uploads\/2020\/09\/aquaquick-2000-oil-cleaning-waterwave-500x115.jpg?lossy=2&amp;strip=1&amp;webp=1 500w, https:\/\/b3871678.smushcdn.com\/3871678\/wp-content\/uploads\/2020\/09\/aquaquick-2000-oil-cleaning-waterwave-1280x294.jpg?lossy=2&amp;strip=1&amp;webp=1 1280w, https:\/\/b3871678.smushcdn.com\/3871678\/wp-content\/uploads\/2020\/09\/aquaquick-2000-oil-cleaning-waterwave-768x176.jpg?lossy=2&amp;strip=1&amp;webp=1 768w, https:\/\/b3871678.smushcdn.com\/3871678\/wp-content\/uploads\/2020\/09\/aquaquick-2000-oil-cleaning-waterwave-1536x353.jpg?lossy=2&amp;strip=1&amp;webp=1 1536w, https:\/\/b3871678.smushcdn.com\/3871678\/wp-content\/uploads\/2020\/09\/aquaquick-2000-oil-cleaning-waterwave.jpg?size=204x47&amp;lossy=2&amp;strip=1&amp;webp=1 204w, https:\/\/b3871678.smushcdn.com\/3871678\/wp-content\/uploads\/2020\/09\/aquaquick-2000-oil-cleaning-waterwave.jpg?size=408x94&amp;lossy=2&amp;strip=1&amp;webp=1 408w, https:\/\/b3871678.smushcdn.com\/3871678\/wp-content\/uploads\/2020\/09\/aquaquick-2000-oil-cleaning-waterwave.jpg?size=612x141&amp;lossy=2&amp;strip=1&amp;webp=1 612w, https:\/\/b3871678.smushcdn.com\/3871678\/wp-content\/uploads\/2020\/09\/aquaquick-2000-oil-cleaning-waterwave.jpg?size=1020x234&amp;lossy=2&amp;strip=1&amp;webp=1 1020w\" sizes=\"(max-width: 1920px) 100vw, 1920px\">\t\t\t\t\t\t<div class=\"section-bg-overlay absolute fill\"><\/div>\n\t\t\t\n\n\t\t<\/div>\n\n\t\t\n\n\t\t<div class=\"section-content relative\">\n\t\t\t\n\n<div class=\"row row-collapse align-equal\"  id=\"row-752120458\">\n\n\n\t<div id=\"col-2024381633\" class=\"col small-12 large-12\"  >\n\t\t\t\t<div class=\"col-inner\"  >\n\t\t\t\n\t\t\t\n\n<h2 class=\"uppercase\" style=\"text-align: center;\">AQUAQUICK 2000 \u00c7in, Tayvan ve Vietnam'da NCK INTERNATIONAL CORP TARAFINDAN SATILMAKTADIR<\/h2>\n\n\t\t<\/div>\n\t\t\t\t\t<\/div>\n\n\t\n\n<\/div>\n\n\t\t<\/div>\n\n\t\t\n<style>\n#section_1477353231 {\n  padding-top: 45px;\n  padding-bottom: 45px;\n}\n#section_1477353231 .section-bg-overlay {\n  background-color: rgba(240, 240, 240, 0.64);\n}\n<\/style>\n\t<\/section>\n\t\n\n\t<section class=\"section\" id=\"section_1126867916\">\n\t\t<div class=\"section-bg fill\" >\n\t\t\t\t\t\t\t\t\t<div class=\"section-bg-overlay absolute fill\"><\/div>\n\t\t\t\n\n\t\t<\/div>\n\n\t\t\n\n\t\t<div class=\"section-content relative\">\n\t\t\t\n\n<div class=\"row\"  id=\"row-266824650\">\n\n\n\t<div id=\"col-1377452433\" class=\"col medium-6 small-12 large-6\"  >\n\t\t\t\t<div class=\"col-inner\"  >\n\t\t\t\n\t\t\t\n\n<h3 class=\"widget-title\">AQUAQUICK 2000 \u00c7in, Tayvan ve Vietnam Distrib\u00fct\u00f6r\u00fc<\/h3>\n<p class=\"widget-title\">NCK INTERNATIONAL CORP, istihdam ve \u00e7evre i\u00e7in \u00fcretim yapan bir dizi Avrupal\u0131 \u00fcreticiyi temsil etmektedir.<\/p>\n<p>NCK INTERNATIONAL CORP geni\u015f bir hizmet yelpazesi sunmaktad\u0131r.<\/p>\n<p>NCK INTERNATIONAL CORP, AQUAQUICK \u00fcr\u00fcnlerini \u00c7in, Tayvan ve Vietnam'da satma lisans\u0131na sahiptir.<\/p>\n<p><em><strong>NCK INTERNATIONAL CORP, AQUAQUICK GLOBAL B.V. taraf\u0131ndan onaylanm\u0131\u015ft\u0131r.<\/strong><\/em><\/p>\n<h3>NCK INTERNATIONAL CORP \u0130leti\u015fim Bilgileri<\/h3>\n<a href=\"https:\/\/www.aquaquick2000.com\/tr\/distributorler\/\" class=\"button primary\" >\n\t\t<span>AQUAQUICK 2000'in T\u00fcm Distrib\u00fct\u00f6rleri<\/span>\n\t<\/a>\n\n\n\n\t\t<\/div>\n\t\t\t\t\t<\/div>\n\n\t\n\n\t<div id=\"col-1067907511\" class=\"col medium-6 small-12 large-6\"  >\n\t\t\t\t<div class=\"col-inner\" style=\"background-color:rgb(240, 240, 240);\" >\n\t\t\t\n\t\t\t\n\n<div class=\"accordion\">\n\n\t<div id=\"accordion-1487086120\" class=\"accordion-item\">\n\t\t<a id=\"accordion-1487086120-label\" class=\"accordion-title plain active\" href=\"#accordion-item-aquaquick-2000-in-china,-taiwan-&#038;-vietnam\" aria-expanded=\"true\" aria-controls=\"accordion-1487086120-content\">\n\t\t\t<button class=\"toggle\" aria-label=\"A\u00e7\/Kapat\"><i class=\"icon-angle-down\" aria-hidden=\"true\"><\/i><\/button>\n\t\t\t<span>AQUAQUICK 2000 \u00c7in, Tayvan ve Vietnam'da<\/span>\n\t\t<\/a>\n\t\t<div id=\"accordion-1487086120-content\" class=\"accordion-inner\" style=\"display: block;\" aria-labelledby=\"accordion-1487086120-label\">\n\t\t\t\n\n<p>AQUAQUICK 2000'i do\u011frudan sat\u0131n almak i\u00e7in <b>\u00c7in, Tayvan ve Vietnam<\/b> yerel distrib\u00fct\u00f6r\u00fcm\u00fczle ileti\u015fime ge\u00e7ebilirsiniz <strong>NCK INTERNATIONAL CORP<\/strong>.<\/p>\n<p>AQUAQUICK 2000 d\u00fcnyan\u0131n herhangi bir \u00fclkesinde sat\u0131n al\u0131nabilir ve petrol d\u00f6k\u00fcnt\u00fcs\u00fc temizli\u011finde bir numaral\u0131 \u00e7\u00f6z\u00fcmd\u00fcr.<\/p>\n\n\t\t<\/div>\n\t<\/div>\n\t\n\t<div id=\"accordion-1422103872\" class=\"accordion-item\">\n\t\t<a id=\"accordion-1422103872-label\" class=\"accordion-title plain\" href=\"#accordion-item-oil-spills-in-china,-taiwan-&#038;-vietnam\" aria-expanded=\"false\" aria-controls=\"accordion-1422103872-content\">\n\t\t\t<button class=\"toggle\" aria-label=\"A\u00e7\/Kapat\"><i class=\"icon-angle-down\" aria-hidden=\"true\"><\/i><\/button>\n\t\t\t<span>\u00c7in, Tayvan ve Vietnam'da petrol s\u0131z\u0131nt\u0131lar\u0131<\/span>\n\t\t<\/a>\n\t\t<div id=\"accordion-1422103872-content\" class=\"accordion-inner\" aria-labelledby=\"accordion-1422103872-label\">\n\t\t\t\n\n<p>\u00c7evre dostu acil bir petrol s\u0131z\u0131nt\u0131s\u0131 \u00e7\u00f6z\u00fcm\u00fc i\u00e7in en iyisi AQUAQUICK 2000 kullanmakt\u0131r. E\u011fer herhangi bir petrol s\u0131z\u0131nt\u0131s\u0131 ile kar\u015f\u0131la\u015f\u0131rsan\u0131z <b>\u00c7in, Tayvan ve Vietnam <\/b>AQUAQUICK 2000 tedariki i\u00e7in NCK INTERNATIONAL CORP ile ileti\u015fime ge\u00e7ebilirsiniz.<\/p>\n\n\t\t<\/div>\n\t<\/div>\n\t\n\t<div id=\"accordion-2744213754\" class=\"accordion-item\">\n\t\t<a id=\"accordion-2744213754-label\" class=\"accordion-title plain\" href=\"#accordion-item-about-nck-international-corp\" aria-expanded=\"false\" aria-controls=\"accordion-2744213754-content\">\n\t\t\t<button class=\"toggle\" aria-label=\"A\u00e7\/Kapat\"><i class=\"icon-angle-down\" aria-hidden=\"true\"><\/i><\/button>\n\t\t\t<span>NCK INTERNATIONAL CORP Hakk\u0131nda<\/span>\n\t\t<\/a>\n\t\t<div id=\"accordion-2744213754-content\" class=\"accordion-inner\" aria-labelledby=\"accordion-2744213754-label\">\n\t\t\t\n\n<h3>NCK INTERNATIONAL CORP Hakk\u0131nda<\/h3>\n<p>T\u00fcketiciler enerji tasarrufu ve \u00e7evre koruma konusunda daha olgun hale geldik\u00e7e, \"Hong Quansheng\", \u00e7evre koruma geli\u015fiminin geri d\u00f6n\u00fc\u015f\u00fc olmayan e\u011filimi i\u00e7in herkesin ye\u015fil, g\u00fcvenli ve rahat bir ya\u015fam ortam\u0131nda ya\u015fayabilmesi i\u00e7in \"yenilik\", \"enerji tasarrufu\" ve \"s\u00fcrd\u00fcr\u00fclebilirlik\" tutarl\u0131 kurumsal felsefesine ba\u011fl\u0131 kalmaktad\u0131r.<\/p>\n<p>Hong Quansheng International Y\u00f6netim Kurulu Ba\u015fkan\u0131 Zheng Fengning, Japonya Merkez Ara\u015ft\u0131rma Enstit\u00fcs\u00fc NCK Co. Ltd. taraf\u0131ndan geli\u015ftirilen Adgreencoat \u00e7evre dostu enerji tasarruflu \u0131s\u0131 koruyucu boyay\u0131 tan\u0131tt\u0131. Bu \u00fcr\u00fcn g\u00fcne\u015f \u0131\u015f\u0131\u011f\u0131, ultraviyole \u0131\u015f\u0131nlar\u0131 ve yak\u0131n k\u0131z\u0131l\u00f6tesi \u0131\u015f\u0131nlar\u0131n radyan \u0131s\u0131s\u0131n\u0131 do\u011frudan ve etkili bir \u015fekilde yans\u0131tabilmektedir.<\/p>\n<p>S\u00f6z konusu ortamdaki (binalar\/variller\/otob\u00fcsler vb.) s\u0131cakl\u0131\u011f\u0131 d\u00fc\u015f\u00fcr\u00fcr, klima elektrik maliyetlerini azalt\u0131r ve \u00e7al\u0131\u015fma ortam\u0131n\u0131n konforunu art\u0131r\u0131r. 2013 y\u0131l\u0131nda, B\u00fcy\u00fck \u00c7in b\u00f6lgesindeki \u00fcr\u00fcnlerin \u00fcretim, pazarlama ve kanal geli\u015ftirmesinden sorumlu olmak \u00fczere NCK ile ortak bir giri\u015fim olarak China Research International Co.<\/p>\n<p>Buna ek olarak, China Research International 2017'den bu yana \u00e7evre dostu enerji tasarruflu \u00fcr\u00fcnler geli\u015ftirmeye devam etme ruhuyla m\u00fc\u015fterilerine y\u00fcksek kaliteli ye\u015fil hizmetler ve \u00e7\u00f6z\u00fcmler sunmay\u0131 taahh\u00fct etmektedir.<\/p>\n<p>AQUAQUICK GLOBAL BV'nin AQUAQUICK 2000 serisi \u00fcr\u00fcnlerini Hollanda'dan temsil etmeye ba\u015flad\u0131 ve m\u00fc\u015fterilere \u00e7evre dostu temizlik (ya\u011f\u0131n bozulmas\u0131) En iyi ve etkili tahsis plan\u0131. M\u00fc\u015fterilerle yak\u0131n ortakl\u0131klar kurmaya \u00e7al\u0131\u015f\u0131yoruz, m\u00fc\u015fterilere ve tedarik\u00e7ilere verdi\u011fimiz taahh\u00fctlere sad\u0131k kal\u0131yoruz ve kazan-kazan ve s\u00fcrd\u00fcr\u00fclebilir bir operasyon izliyoruz.<\/p>\n<p>Zhongyan \u00fcr\u00fcn kalitesi, hammadde kaynaklar\u0131n\u0131n se\u00e7imi ve titiz s\u00fcre\u00e7 standartlar\u0131 konusunda \u0131srarc\u0131d\u0131r. S\u00fcrd\u00fcr\u00fclebilir operasyon vizyonuna ula\u015fmak i\u00e7in yaln\u0131zca sosyal sorumluluk ve ba\u011fl\u0131l\u0131\u011f\u0131n sa\u011flanabilece\u011fine inanmaktad\u0131r.<\/p>\n\n\t\t<\/div>\n\t<\/div>\n\t\n\n<\/div>\n\t<div class=\"img has-hover x md-x lg-x y md-y lg-y\" id=\"image_1349702356\">\n\t\t\t\t\t\t\t\t<div class=\"img-inner dark\" >\n\t\t\t<img decoding=\"async\" width=\"500\" height=\"149\" data-src=\"https:\/\/b3871678.smushcdn.com\/3871678\/wp-content\/uploads\/2020\/09\/AQUAQUICK-2000-DISTRIBUTOR-LOGOS_0007_logo03-1-e1523610811893.jpg?lossy=2&strip=1&webp=1\" class=\"attachment-large size-large lazyload\" alt=\"AQUAQUICK 2000 DISTRIB\u00dcT\u00d6R\u00dc NCK INTERNATIONAL CORP\" title=\"\" data-srcset=\"https:\/\/b3871678.smushcdn.com\/3871678\/wp-content\/uploads\/2020\/09\/AQUAQUICK-2000-DISTRIBUTOR-LOGOS_0007_logo03-1-e1523610811893.jpg?lossy=2&amp;strip=1&amp;webp=1 500w, https:\/\/b3871678.smushcdn.com\/3871678\/wp-content\/uploads\/2020\/09\/AQUAQUICK-2000-DISTRIBUTOR-LOGOS_0007_logo03-1-e1523610811893.jpg?size=204x61&amp;lossy=2&amp;strip=1&amp;webp=1 204w, https:\/\/b3871678.smushcdn.com\/3871678\/wp-content\/uploads\/2020\/09\/AQUAQUICK-2000-DISTRIBUTOR-LOGOS_0007_logo03-1-e1523610811893.jpg?size=408x122&amp;lossy=2&amp;strip=1&amp;webp=1 408w\" data-sizes=\"auto\" src=\"data:image\/svg+xml;base64,PHN2ZyB3aWR0aD0iMSIgaGVpZ2h0PSIxIiB4bWxucz0iaHR0cDovL3d3dy53My5vcmcvMjAwMC9zdmciPjwvc3ZnPg==\" style=\"--smush-placeholder-width: 500px; --smush-placeholder-aspect-ratio: 500\/149;\" data-original-sizes=\"(max-width: 500px) 100vw, 500px\">\t\t\t\t\t\t\n\t\t\t\t\t<\/div>\n\t\t\t\t\t\t\t\t\n<style>\n#image_1349702356 {\n  width: 100%;\n}\n<\/style>\n\t<\/div>\n\t\n\n\n\t\t<\/div>\n\t\t\t\t\t<\/div>\n\n\t\n\n<\/div>\n\n\t\t<\/div>\n\n\t\t\n<style>\n#section_1126867916 {\n  padding-top: 30px;\n  padding-bottom: 30px;\n  background-color: rgb(255, 255, 255);\n}\n#section_1126867916 .section-bg-overlay {\n  background-color: rgba(240, 240, 240, 0);\n}\n<\/style>\n\t<\/section>","protected":false},"excerpt":{"rendered":"","protected":false},"author":1,"featured_media":5585,"parent":2564,"menu_order":0,"comment_status":"closed","ping_status":"closed","template":"page-blank.php","meta":{"cybocfi_hide_featured_image":"","footnotes":"","_links_to":"","_links_to_target":""},"class_list":["post-3561","page","type-page","status-publish","has-post-thumbnail","hentry"],"_links":{"self":[{"href":"https:\/\/www.aquaquick2000.com\/tr\/wp-json\/wp\/v2\/pages\/3561","targetHints":{"allow":["GET"]}}],"collection":[{"href":"https:\/\/www.aquaquick2000.com\/tr\/wp-json\/wp\/v2\/pages"}],"about":[{"href":"https:\/\/www.aquaquick2000.com\/tr\/wp-json\/wp\/v2\/types\/page"}],"author":[{"embeddable":true,"href":"https:\/\/www.aquaquick2000.com\/tr\/wp-json\/wp\/v2\/users\/1"}],"replies":[{"embeddable":true,"href":"https:\/\/www.aquaquick2000.com\/tr\/wp-json\/wp\/v2\/comments?post=3561"}],"version-history":[{"count":0,"href":"https:\/\/www.aquaquick2000.com\/tr\/wp-json\/wp\/v2\/pages\/3561\/revisions"}],"up":[{"embeddable":true,"href":"https:\/\/www.aquaquick2000.com\/tr\/wp-json\/wp\/v2\/pages\/2564"}],"wp:featuredmedia":[{"embeddable":true,"href":"https:\/\/www.aquaquick2000.com\/tr\/wp-json\/wp\/v2\/media\/5585"}],"wp:attachment":[{"href":"https:\/\/www.aquaquick2000.com\/tr\/wp-json\/wp\/v2\/media?parent=3561"}],"curies":[{"name":"wp","href":"https:\/\/api.w.org\/{rel}","templated":true}]}}