{"id":5746,"date":"2020-11-03T11:35:52","date_gmt":"2020-11-03T11:35:52","guid":{"rendered":"https:\/\/www.aquaquick2000.com\/?page_id=5746"},"modified":"2023-01-27T10:32:28","modified_gmt":"2023-01-27T10:32:28","slug":"sorb-chem","status":"publish","type":"page","link":"https:\/\/www.aquaquick2000.com\/tr\/distributors\/sorb-chem\/","title":{"rendered":"Sorb Kimya"},"content":{"rendered":"<section class=\"section\" id=\"section_371438585\">\n\t\t<div class=\"section-bg fill\" >\n\t\t\t<img decoding=\"async\" width=\"1920\" height=\"441\" src=\"https:\/\/b3871678.smushcdn.com\/3871678\/wp-content\/uploads\/2020\/09\/aquaquick-2000-oil-cleaning-waterwave.jpg?lossy=2&strip=1&webp=1\" class=\"bg attachment- size-\" alt=\"\" title=\"\" srcset=\"https:\/\/b3871678.smushcdn.com\/3871678\/wp-content\/uploads\/2020\/09\/aquaquick-2000-oil-cleaning-waterwave.jpg?lossy=2&amp;strip=1&amp;webp=1 1920w, https:\/\/b3871678.smushcdn.com\/3871678\/wp-content\/uploads\/2020\/09\/aquaquick-2000-oil-cleaning-waterwave-510x117.jpg?lossy=2&amp;strip=1&amp;webp=1 510w, https:\/\/b3871678.smushcdn.com\/3871678\/wp-content\/uploads\/2020\/09\/aquaquick-2000-oil-cleaning-waterwave-500x115.jpg?lossy=2&amp;strip=1&amp;webp=1 500w, https:\/\/b3871678.smushcdn.com\/3871678\/wp-content\/uploads\/2020\/09\/aquaquick-2000-oil-cleaning-waterwave-1280x294.jpg?lossy=2&amp;strip=1&amp;webp=1 1280w, https:\/\/b3871678.smushcdn.com\/3871678\/wp-content\/uploads\/2020\/09\/aquaquick-2000-oil-cleaning-waterwave-768x176.jpg?lossy=2&amp;strip=1&amp;webp=1 768w, https:\/\/b3871678.smushcdn.com\/3871678\/wp-content\/uploads\/2020\/09\/aquaquick-2000-oil-cleaning-waterwave-1536x353.jpg?lossy=2&amp;strip=1&amp;webp=1 1536w, https:\/\/b3871678.smushcdn.com\/3871678\/wp-content\/uploads\/2020\/09\/aquaquick-2000-oil-cleaning-waterwave.jpg?size=204x47&amp;lossy=2&amp;strip=1&amp;webp=1 204w, https:\/\/b3871678.smushcdn.com\/3871678\/wp-content\/uploads\/2020\/09\/aquaquick-2000-oil-cleaning-waterwave.jpg?size=408x94&amp;lossy=2&amp;strip=1&amp;webp=1 408w, https:\/\/b3871678.smushcdn.com\/3871678\/wp-content\/uploads\/2020\/09\/aquaquick-2000-oil-cleaning-waterwave.jpg?size=612x141&amp;lossy=2&amp;strip=1&amp;webp=1 612w, https:\/\/b3871678.smushcdn.com\/3871678\/wp-content\/uploads\/2020\/09\/aquaquick-2000-oil-cleaning-waterwave.jpg?size=1020x234&amp;lossy=2&amp;strip=1&amp;webp=1 1020w\" sizes=\"(max-width: 1920px) 100vw, 1920px\">\t\t\t\t\t\t<div class=\"section-bg-overlay absolute fill\"><\/div>\n\t\t\t\n\n\t\t<\/div>\n\n\t\t\n\n\t\t<div class=\"section-content relative\">\n\t\t\t\n\n<div class=\"row row-collapse align-equal\"  id=\"row-658171285\">\n\n\n\t<div id=\"col-948319658\" class=\"col small-12 large-12\"  >\n\t\t\t\t<div class=\"col-inner\"  >\n\t\t\t\n\t\t\t\n\n<h2 class=\"uppercase\" style=\"text-align: center;\">AQUAQUICK 2000 Litvanya'da Sorb Chem Taraf\u0131ndan Sat\u0131lmaktad\u0131r<\/h2>\n\n\t\t<\/div>\n\t\t\t\t\t<\/div>\n\n\t\n\n<\/div>\n\n\t\t<\/div>\n\n\t\t\n<style>\n#section_371438585 {\n  padding-top: 45px;\n  padding-bottom: 45px;\n}\n#section_371438585 .section-bg-overlay {\n  background-color: rgba(240, 240, 240, 0.64);\n}\n<\/style>\n\t<\/section>\n\t\n\n\t<section class=\"section\" id=\"section_1200279628\">\n\t\t<div class=\"section-bg fill\" >\n\t\t\t\t\t\t\t\t\t<div class=\"section-bg-overlay absolute fill\"><\/div>\n\t\t\t\n\n\t\t<\/div>\n\n\t\t\n\n\t\t<div class=\"section-content relative\">\n\t\t\t\n\n<div class=\"row\"  id=\"row-1624919425\">\n\n\n\t<div id=\"col-1229974885\" class=\"col medium-6 small-12 large-6\"  >\n\t\t\t\t<div class=\"col-inner\"  >\n\t\t\t\n\t\t\t\n\n<h3 class=\"widget-title\">Litvanya'da AQUAQUICK 2000 Distrib\u00fct\u00f6r\u00fc<\/h3>\n<p class=\"widget-title\">UAB SORB CHEM, i\u015f ve \u00e7evre \u00fcretimi yapan bir dizi Avrupal\u0131 \u00fcreticiyi temsil etmektedir. UAB SORB geni\u015f bir hizmet yelpazesi sunmaktad\u0131r. <\/p>\n<p>Sorb Chem, Litvanya'da AQUAQUICK \u00fcr\u00fcnlerini satmak i\u00e7in lisans alm\u0131\u015ft\u0131r.<br><em><strong>Sorb Chem, AQUAQUICK GLOBAL B.V. taraf\u0131ndan onaylanm\u0131\u015ft\u0131r.<\/strong><\/em><\/p>\n<h3>Sorb Chem \u0130leti\u015fim Bilgileri<\/h3>\n<p>Bay Darius Vaisnora<\/p>\n<ul>\n<li class=\"bullet-arrow\">Adres Titnago g. 12, LT-02300 Vilnius<\/li>\n<li class=\"bullet-arrow\">E-posta:<a href=\"mailto:info@sorbchem.lt\">info@sorbchem.lt<\/a><\/li>\n<li class=\"bullet-arrow\">\u015eirket Telefonu\/faks\u0131: +370 5 265 3281&nbsp;<\/li>\n<li class=\"bullet-arrow\">Alternatif telefon numaras\u0131 1. +370 690 96 265<\/li>\n<li class=\"bullet-arrow\">Alternatif telefon numaras\u0131 2. +370 650 38 090<\/li>\n<\/ul>\n<h3>Sorb Chem Litvanya'da m\u00fcnhas\u0131r olmayan bir distrib\u00fct\u00f6rd\u00fcr<\/h3>\n<a href=\"https:\/\/www.aquaquick2000.com\/tr\/distributorler\/\" class=\"button primary\" >\n\t\t<span>AQUAQUICK 2000'in T\u00fcm Distrib\u00fct\u00f6rleri<\/span>\n\t<\/a>\n\n\n\n\t\t<\/div>\n\t\t\t\t\t<\/div>\n\n\t\n\n\t<div id=\"col-1536774846\" class=\"col medium-6 small-12 large-6\"  >\n\t\t\t\t<div class=\"col-inner\" style=\"background-color:rgb(240, 240, 240);\" >\n\t\t\t\n\t\t\t\n\n<div class=\"accordion\">\n\n\t<div id=\"accordion-2236803175\" class=\"accordion-item\">\n\t\t<a id=\"accordion-2236803175-label\" class=\"accordion-title plain active\" href=\"#accordion-item-aquaquick-2000-in-lithuania\" aria-expanded=\"true\" aria-controls=\"accordion-2236803175-content\">\n\t\t\t<button class=\"toggle\" aria-label=\"A\u00e7\/Kapat\"><i class=\"icon-angle-down\" aria-hidden=\"true\"><\/i><\/button>\n\t\t\t<span>Litvanya'da AQUAQUICK 2000<\/span>\n\t\t<\/a>\n\t\t<div id=\"accordion-2236803175-content\" class=\"accordion-inner\" style=\"display: block;\" aria-labelledby=\"accordion-2236803175-label\">\n\t\t\t\n\n<p>AQUAQUICK 2000'i do\u011frudan sat\u0131n almak i\u00e7in <b>Litvanya<\/b> yerel distrib\u00fct\u00f6r\u00fcm\u00fczle ileti\u015fime ge\u00e7ebilirsiniz <strong>Sorb Kimya<\/strong>.<\/p>\n<p>AQUAQUICK 2000 d\u00fcnyan\u0131n herhangi bir \u00fclkesinde sat\u0131n al\u0131nabilir ve petrol d\u00f6k\u00fcnt\u00fcs\u00fc temizli\u011finde bir numaral\u0131 \u00e7\u00f6z\u00fcmd\u00fcr.<\/p>\n\n\t\t<\/div>\n\t<\/div>\n\t\n\t<div id=\"accordion-4107065282\" class=\"accordion-item\">\n\t\t<a id=\"accordion-4107065282-label\" class=\"accordion-title plain\" href=\"#accordion-item-oil-spills-in-lithuania\" aria-expanded=\"false\" aria-controls=\"accordion-4107065282-content\">\n\t\t\t<button class=\"toggle\" aria-label=\"A\u00e7\/Kapat\"><i class=\"icon-angle-down\" aria-hidden=\"true\"><\/i><\/button>\n\t\t\t<span>Litvanya'daki petrol s\u0131z\u0131nt\u0131lar\u0131<\/span>\n\t\t<\/a>\n\t\t<div id=\"accordion-4107065282-content\" class=\"accordion-inner\" aria-labelledby=\"accordion-4107065282-label\">\n\t\t\t\n\n<p>\u00c7evre dostu acil bir petrol s\u0131z\u0131nt\u0131s\u0131 \u00e7\u00f6z\u00fcm\u00fc i\u00e7in en iyisi AQUAQUICK 2000 kullanmakt\u0131r. E\u011fer herhangi bir petrol s\u0131z\u0131nt\u0131s\u0131 ile kar\u015f\u0131la\u015f\u0131rsan\u0131z <strong>Litvanya<\/strong> ileti\u015fime ge\u00e7ebilirsiniz <strong>Sorb Kimya<\/strong> AQUAQUICK 2000'in tedariki i\u00e7in.<\/p>\n\n\t\t<\/div>\n\t<\/div>\n\t\n\t<div id=\"accordion-2720211622\" class=\"accordion-item\">\n\t\t<a id=\"accordion-2720211622-label\" class=\"accordion-title plain\" href=\"#accordion-item-about-sorb-chem\" aria-expanded=\"false\" aria-controls=\"accordion-2720211622-content\">\n\t\t\t<button class=\"toggle\" aria-label=\"A\u00e7\/Kapat\"><i class=\"icon-angle-down\" aria-hidden=\"true\"><\/i><\/button>\n\t\t\t<span>Sorb Chem Hakk\u0131nda<\/span>\n\t\t<\/a>\n\t\t<div id=\"accordion-2720211622-content\" class=\"accordion-inner\" aria-labelledby=\"accordion-2720211622-label\">\n\t\t\t\n\n<h3>UAB Sorb Chem Hakk\u0131nda<\/h3>\n<p>UAB \"SORB CHEM\", \u00fcr\u00fcnleri i\u015flerin ve \u00e7evrenin korunmas\u0131, ekolojik kazalar\u0131n ortadan kald\u0131r\u0131lmas\u0131 i\u00e7in tasarlanm\u0131\u015f olan bir dizi Avrupal\u0131 \u00fcreticiyi temsil etmektedir<\/p>\n<ul>\n<li class=\"bullet-arrow\">Suyun susuzla\u015ft\u0131r\u0131lmas\u0131 ve yumu\u015fat\u0131lmas\u0131 i\u00e7in tesisatlar.<\/li>\n<li class=\"bullet-arrow\">Demineralize ve deiyonize su haz\u0131rlanmas\u0131 i\u00e7in cihazlar ve sistemler.<\/li>\n<li class=\"bullet-arrow\">Laboratuvarlar ve \u00e7evre koruma i\u00e7in cihazlar.<\/li>\n<li class=\"bullet-arrow\">Ak\u00fcm\u00fclat\u00f6rler, \u00fct\u00fcleme, buharla\u015ft\u0131rma, so\u011futma \u00e7\u00f6zeltilerinin haz\u0131rlanmas\u0131, Euro 5 kullan\u0131lan \u00e7\u00f6zeltilerin (adblue) haz\u0131rlanmas\u0131 i\u00e7in kullan\u0131lan su \u00fcretimi i\u00e7in aparatlar ve sistemler.<\/li>\n<li class=\"bullet-arrow\">Kimyasallara dayan\u0131kl\u0131 pompalar.<\/li>\n<li class=\"bullet-arrow\">Manyetik kaplinli pompalar.<\/li>\n<li class=\"bullet-arrow\">Galvanik \u00e7\u00f6zeltileri filtrelemek i\u00e7in aparat ve sistemler.<\/li>\n<li class=\"bullet-arrow\">\u00c7e\u015fitli s\u0131v\u0131 emici, sorbent emici malzemeler.<\/li>\n<li class=\"bullet-arrow\">Sadece petrol \u00fcr\u00fcnlerini emmek ve absorbe etmek i\u00e7in ara\u00e7lar ve malzemeler.<\/li>\n<li class=\"bullet-arrow\">Agresif, konsantre kimyasallar\u0131n emilmesi i\u00e7in emiciler.<\/li>\n<li class=\"bullet-arrow\">Kara ve su ta\u015f\u0131mac\u0131l\u0131\u011f\u0131na y\u00f6nelik ADR kitlerinin montaj\u0131 i\u00e7in emiciler.<\/li>\n<li class=\"bullet-arrow\">D\u00f6k\u00fclen s\u0131v\u0131lar\u0131n toplanmas\u0131 ve \u00e7al\u0131\u015fma alanlar\u0131n\u0131n temiz tutulmas\u0131 i\u00e7in \u00f6nlemler ve malzemeler.<\/li>\n<li class=\"bullet-arrow\">Ekolojik ya\u011f \u00fcr\u00fcn\u00fc deterjan\u0131 - ay\u0131r\u0131c\u0131 \"AQUAQUICK2000\" - ya\u011f ve di\u011fer ya\u011fl\u0131 \u00fcr\u00fcnlerin \u00e7e\u015fitli y\u00fczeylerden ve sudan ayr\u0131\u015ft\u0131r\u0131lmas\u0131 ve temizlenmesi i\u00e7in.<\/li>\n<li class=\"bullet-arrow\">\u00c7e\u015fitli \u00e7\u00f6zeltilerin filtrasyonu i\u00e7in malzemeler.<\/li>\n<li class=\"bullet-arrow\">Boru hatlar\u0131n\u0131n m\u00fch\u00fcrlenmesi ve bloke edilmesi i\u00e7in \u00f6nlemler.<\/li>\n<li class=\"bullet-arrow\">Hava yast\u0131klar\u0131 - \u00e7e\u015fitli a\u011f\u0131r y\u00fckleri kald\u0131rmak i\u00e7in.<\/li>\n<li class=\"bullet-arrow\">\u00d6zellikle temiz odalar i\u00e7in yap\u0131\u015fkan paspaslar - antibakteriyel, antistatik.<\/li>\n<li class=\"bullet-arrow\">Polipropilenden yap\u0131lm\u0131\u015f \u00fcr\u00fcnler: batmayan - \u015famand\u0131ralar ve di\u011fer halatlar, \u00e7e\u015fitli a\u011flar.<\/li>\n<li class=\"bullet-arrow\">Su filtreleri, su ar\u0131tma sistemleri.<\/li>\n<\/ul>\n\n\t\t<\/div>\n\t<\/div>\n\t\n\n<\/div>\n\t<div class=\"img has-hover x md-x lg-x y md-y lg-y\" id=\"image_700752009\">\n\t\t\t\t\t\t\t\t<div class=\"img-inner dark\" >\n\t\t\t<img decoding=\"async\" width=\"500\" height=\"149\" data-src=\"https:\/\/b3871678.smushcdn.com\/3871678\/wp-content\/uploads\/2020\/09\/AQUAQUICK-2000-DISTRIBUTOR-LOGOS_0000_sorb-chem-aquaquick2000.jpg?lossy=2&strip=1&webp=1\" class=\"attachment-large size-large lazyload\" alt=\"\" title=\"\" data-srcset=\"https:\/\/b3871678.smushcdn.com\/3871678\/wp-content\/uploads\/2020\/09\/AQUAQUICK-2000-DISTRIBUTOR-LOGOS_0000_sorb-chem-aquaquick2000.jpg?lossy=2&amp;strip=1&amp;webp=1 500w, https:\/\/b3871678.smushcdn.com\/3871678\/wp-content\/uploads\/2020\/09\/AQUAQUICK-2000-DISTRIBUTOR-LOGOS_0000_sorb-chem-aquaquick2000.jpg?size=204x61&amp;lossy=2&amp;strip=1&amp;webp=1 204w, https:\/\/b3871678.smushcdn.com\/3871678\/wp-content\/uploads\/2020\/09\/AQUAQUICK-2000-DISTRIBUTOR-LOGOS_0000_sorb-chem-aquaquick2000.jpg?size=408x122&amp;lossy=2&amp;strip=1&amp;webp=1 408w\" data-sizes=\"auto\" src=\"data:image\/svg+xml;base64,PHN2ZyB3aWR0aD0iMSIgaGVpZ2h0PSIxIiB4bWxucz0iaHR0cDovL3d3dy53My5vcmcvMjAwMC9zdmciPjwvc3ZnPg==\" style=\"--smush-placeholder-width: 500px; --smush-placeholder-aspect-ratio: 500\/149;\" data-original-sizes=\"(max-width: 500px) 100vw, 500px\">\t\t\t\t\t\t\n\t\t\t\t\t<\/div>\n\t\t\t\t\t\t\t\t\n<style>\n#image_700752009 {\n  width: 100%;\n}\n<\/style>\n\t<\/div>\n\t\n\n\n\t\t<\/div>\n\t\t\t\t\t<\/div>\n\n\t\n\n<\/div>\n\n\t\t<\/div>\n\n\t\t\n<style>\n#section_1200279628 {\n  padding-top: 30px;\n  padding-bottom: 30px;\n  background-color: rgb(255, 255, 255);\n}\n#section_1200279628 .section-bg-overlay {\n  background-color: rgba(240, 240, 240, 0);\n}\n<\/style>\n\t<\/section>","protected":false},"excerpt":{"rendered":"","protected":false},"author":1,"featured_media":5587,"parent":2564,"menu_order":0,"comment_status":"closed","ping_status":"closed","template":"page-blank.php","meta":{"cybocfi_hide_featured_image":"","footnotes":"","_links_to":"","_links_to_target":""},"class_list":["post-5746","page","type-page","status-publish","has-post-thumbnail","hentry"],"_links":{"self":[{"href":"https:\/\/www.aquaquick2000.com\/tr\/wp-json\/wp\/v2\/pages\/5746","targetHints":{"allow":["GET"]}}],"collection":[{"href":"https:\/\/www.aquaquick2000.com\/tr\/wp-json\/wp\/v2\/pages"}],"about":[{"href":"https:\/\/www.aquaquick2000.com\/tr\/wp-json\/wp\/v2\/types\/page"}],"author":[{"embeddable":true,"href":"https:\/\/www.aquaquick2000.com\/tr\/wp-json\/wp\/v2\/users\/1"}],"replies":[{"embeddable":true,"href":"https:\/\/www.aquaquick2000.com\/tr\/wp-json\/wp\/v2\/comments?post=5746"}],"version-history":[{"count":0,"href":"https:\/\/www.aquaquick2000.com\/tr\/wp-json\/wp\/v2\/pages\/5746\/revisions"}],"up":[{"embeddable":true,"href":"https:\/\/www.aquaquick2000.com\/tr\/wp-json\/wp\/v2\/pages\/2564"}],"wp:featuredmedia":[{"embeddable":true,"href":"https:\/\/www.aquaquick2000.com\/tr\/wp-json\/wp\/v2\/media\/5587"}],"wp:attachment":[{"href":"https:\/\/www.aquaquick2000.com\/tr\/wp-json\/wp\/v2\/media?parent=5746"}],"curies":[{"name":"wp","href":"https:\/\/api.w.org\/{rel}","templated":true}]}}