{"id":8658,"date":"2020-11-20T17:16:29","date_gmt":"2020-11-20T17:16:29","guid":{"rendered":"https:\/\/www.aquaquick2000.com\/?page_id=8658"},"modified":"2023-01-27T10:33:58","modified_gmt":"2023-01-27T10:33:58","slug":"fiyat-listesi","status":"publish","type":"page","link":"https:\/\/www.aquaquick2000.com\/tr\/price-list\/","title":{"rendered":"Learn more about the Price"},"content":{"rendered":"<section class=\"section\" id=\"section_590309187\">\n\t\t<div class=\"section-bg fill\" >\n\t\t\t<img decoding=\"async\" width=\"1920\" height=\"441\" src=\"https:\/\/b3871678.smushcdn.com\/3871678\/wp-content\/uploads\/2020\/09\/aquaquick-2000-oil-cleaning-waterwave.jpg?lossy=2&strip=1&webp=1\" class=\"bg attachment- size-\" alt=\"\" title=\"\" srcset=\"https:\/\/b3871678.smushcdn.com\/3871678\/wp-content\/uploads\/2020\/09\/aquaquick-2000-oil-cleaning-waterwave.jpg?lossy=2&amp;strip=1&amp;webp=1 1920w, https:\/\/b3871678.smushcdn.com\/3871678\/wp-content\/uploads\/2020\/09\/aquaquick-2000-oil-cleaning-waterwave-510x117.jpg?lossy=2&amp;strip=1&amp;webp=1 510w, https:\/\/b3871678.smushcdn.com\/3871678\/wp-content\/uploads\/2020\/09\/aquaquick-2000-oil-cleaning-waterwave-500x115.jpg?lossy=2&amp;strip=1&amp;webp=1 500w, https:\/\/b3871678.smushcdn.com\/3871678\/wp-content\/uploads\/2020\/09\/aquaquick-2000-oil-cleaning-waterwave-1280x294.jpg?lossy=2&amp;strip=1&amp;webp=1 1280w, https:\/\/b3871678.smushcdn.com\/3871678\/wp-content\/uploads\/2020\/09\/aquaquick-2000-oil-cleaning-waterwave-768x176.jpg?lossy=2&amp;strip=1&amp;webp=1 768w, https:\/\/b3871678.smushcdn.com\/3871678\/wp-content\/uploads\/2020\/09\/aquaquick-2000-oil-cleaning-waterwave-1536x353.jpg?lossy=2&amp;strip=1&amp;webp=1 1536w, https:\/\/b3871678.smushcdn.com\/3871678\/wp-content\/uploads\/2020\/09\/aquaquick-2000-oil-cleaning-waterwave.jpg?size=204x47&amp;lossy=2&amp;strip=1&amp;webp=1 204w, https:\/\/b3871678.smushcdn.com\/3871678\/wp-content\/uploads\/2020\/09\/aquaquick-2000-oil-cleaning-waterwave.jpg?size=408x94&amp;lossy=2&amp;strip=1&amp;webp=1 408w, https:\/\/b3871678.smushcdn.com\/3871678\/wp-content\/uploads\/2020\/09\/aquaquick-2000-oil-cleaning-waterwave.jpg?size=612x141&amp;lossy=2&amp;strip=1&amp;webp=1 612w, https:\/\/b3871678.smushcdn.com\/3871678\/wp-content\/uploads\/2020\/09\/aquaquick-2000-oil-cleaning-waterwave.jpg?size=1020x234&amp;lossy=2&amp;strip=1&amp;webp=1 1020w\" sizes=\"(max-width: 1920px) 100vw, 1920px\">\t\t\t\t\t\t<div class=\"section-bg-overlay absolute fill\"><\/div>\n\t\t\t\n\n\t\t<\/div>\n\n\t\t\n\n\t\t<div class=\"section-content relative\">\n\t\t\t\n\n<div class=\"row align-middle\"  id=\"row-497546267\">\n\n\n\t<div id=\"col-111177598\" class=\"col medium-9 small-12 large-9\"  >\n\t\t\t\t<div class=\"col-inner\"  >\n\t\t\t\n\t\t\t\n\n<h1>AQUAQUICK 2000'in fiyat\u0131 hakk\u0131nda daha fazla bilgi edinin<\/h1>\n\n\t\t<\/div>\n\t\t\t\t\t<\/div>\n\n\t\n\n\t<div id=\"col-452059181\" class=\"col medium-3 small-12 large-3\"  >\n\t\t\t\t<div class=\"col-inner\"  >\n\t\t\t\n\t\t\t\n\n<a href=\"https:\/\/www.aquaquick2000.com\/tr\/iletisim-us\/\" class=\"button primary\" >\n\t\t<span>Fiyat Listesi \u0130STE\u011e\u0130<\/span>\n\t<i class=\"icon-envelop\" aria-hidden=\"true\"><\/i><\/a>\n\n\n\n\t\t<\/div>\n\t\t\t\t\t<\/div>\n\n\t\n\n<\/div>\n\n\t\t<\/div>\n\n\t\t\n<style>\n#section_590309187 {\n  padding-top: 0px;\n  padding-bottom: 0px;\n  min-height: 160px;\n}\n#section_590309187 .section-bg-overlay {\n  background-color: rgba(255, 255, 255, 0.59);\n}\n<\/style>\n\t<\/section>\n\t\n\n\t<section class=\"section\" id=\"section_2043589358\">\n\t\t<div class=\"section-bg fill\" >\n\t\t\t\t\t\t\t\t\t\n\t\t\t\n\n\t\t<\/div>\n\n\t\t\n\n\t\t<div class=\"section-content relative\">\n\t\t\t\n\n<div class=\"row\"  id=\"row-1373344491\">\n\n\n\t<div id=\"col-1749885803\" class=\"col medium-6 small-12 large-6\"  >\n\t\t\t\t<div class=\"col-inner\"  >\n\t\t\t\n\t\t\t\n\n<h2>AQUAQUICK 2000'in fiyat\u0131 nedir<\/h2>\n<p>AQUAQUICK 2000'in fiyat\u0131n\u0131n ne olmas\u0131 gerekti\u011fini bilmiyorsan\u0131z, \u00fcr\u00fcn\u00fcm\u00fcz\u00fcn sonu\u00e7lar\u0131n\u0131 ve maliyetini net bir \u015fekilde anlamak sizin i\u00e7in ger\u00e7ekten sinir bozucu olabilir. Bir\u00e7ok web sitesi AQUAQUICK 2000 \u00fcr\u00fcnleri i\u00e7in farkl\u0131 fiyatlar listeler ve di\u011fer web siteleri sadece bir teklif talebine at\u0131fta bulunur.<\/p>\n<p>D\u00fcnya \u00e7ap\u0131nda \u00fcretici ve AQUAQUICK 2000'in lisans sahiplerini ve distrib\u00fct\u00f6rlerini atayabilen tek \u015firket olarak, sonu\u00e7ta sizi bu konuda bilgilendirebilmeliyiz.<\/p>\n<p>AQUAQUICK 2000 \u00fcr\u00fcn\u00fc onlarca y\u0131ldan beri bilinen bir \u00fcr\u00fcnd\u00fcr. \u0130\u015fletme bug\u00fcne kadar hala bir aile \u015firketidir ve \u00fc\u00e7\u00fcnc\u00fc nesline ge\u00e7erek d\u00f6rd\u00fcnc\u00fc nesle do\u011fru ilerlemektedir. Her i\u015fte oldu\u011fu gibi zaman i\u00e7inde kurallar ve pazar yakla\u015f\u0131mlar\u0131 de\u011fi\u015fmektedir ve AQUAQUICK GLOBAL BV de bundan farkl\u0131 de\u011fildir.&nbsp;<\/p>\n<p>\u015eu anda AQUAQUICK 2000'in fiyat\u0131 web sitemizde mevcut olarak listelenmemi\u015ftir. Bunun nedeni, ge\u00e7mi\u015fte AQUAQUICK 2000'in yaln\u0131zca belirli \u00fclkelerdeki, b\u00f6lgelerdeki veya pazar segmentlerindeki distrib\u00fct\u00f6rlerimizden do\u011frudan sat\u0131n al\u0131nabilmesidir. Bunun genel olarak ini\u015f ve \u00e7\u0131k\u0131\u015flar\u0131 olabilece\u011finin ve bir\u00e7ok kar\u0131\u015f\u0131kl\u0131\u011fa yol a\u00e7abilece\u011finin fark\u0131nda olarak bu konuyu daha dikkatli bir \u015fekilde inceledik.&nbsp;<\/p>\n<p>Gelecekte AQUAQUICK GLOBAL BV, AQUAQUICK 2000 \u00fcr\u00fcn grubu i\u00e7in yeni bir strateji ve i\u015f modeli izleyecektir. Bu, AQUAQUICK 2000'in fiyatland\u0131rmas\u0131 hakk\u0131nda daha fazla bilgi olaca\u011f\u0131 ve \u015fu anda yerel bir atanm\u0131\u015f distrib\u00fct\u00f6rle desteklenmeyen b\u00f6lgelerde AQUAQUICK 2000'i do\u011frudan bizim arac\u0131l\u0131\u011f\u0131m\u0131zla sat\u0131n almak i\u00e7in daha kolay bir s\u00fcre\u00e7 olaca\u011f\u0131 anlam\u0131na gelir.<\/p>\n<p>AQUAQUICK 2000 yaln\u0131zca atanm\u0131\u015f distrib\u00fct\u00f6rlerimiz (atand\u0131klar\u0131 b\u00f6lgede) arac\u0131l\u0131\u011f\u0131yla ve ba\u015fka yerlerde AQUAQUICK GLOBAL BV taraf\u0131ndan temin edilebilir. Bug\u00fcne kadar AQUAQUICK 2000 distrib\u00fct\u00f6r\u00fc oldu\u011funu iddia eden ve AQUAQUICK 2000 ad\u0131 ve markas\u0131 alt\u0131nda \u00fcr\u00fcn satan baz\u0131 \u015firketler bulunmaktad\u0131r. Ne yaz\u0131k ki ge\u00e7mi\u015fte AQUAQUICK 2000'in, orijinal \u00fcr\u00fcn gibi davranmak i\u00e7in AQUAQUICK 2000 markas\u0131n\u0131 kullanan sahte ucuz \u00fcr\u00fcnler taraf\u0131ndan taklit edilen \u00fcr\u00fcnlerden biri oldu\u011funa birka\u00e7 kez rastlad\u0131k.&nbsp;<\/p>\n<p>\u0130nternette AQUAQUICK 2000 hakk\u0131nda bilgi buldu\u011funuzda, \u00fcr\u00fcn\u00fcn ger\u00e7ekten yasal olup olmad\u0131\u011f\u0131ndan emin de\u011filseniz, daha fazla bilgi i\u00e7in bizimle ileti\u015fime ge\u00e7menizi tavsiye ederiz. Bunu bize business@aquaquick2000.com adresine \u00fcr\u00fcn ve fiyatland\u0131rma hakk\u0131nda ald\u0131\u011f\u0131n\u0131z kadar bilgi i\u00e7eren bir e-posta g\u00f6ndererek yapabilirsiniz.&nbsp;&nbsp;<\/p>\n<p>\u00dcr\u00fcn\u00fcm\u00fcz\u00fcn taklitlerini s\u00fcrekli olarak tar\u0131yor ve ara\u015ft\u0131r\u0131yoruz. Bu nedenle, sahte veya taklit bir AQUAQUICK 2000 \u00fcr\u00fcn\u00fcn\u00fcn yan\u0131 s\u0131ra AQUAQUICK 2000'in tek distrib\u00fct\u00f6r\u00fc veya tek temsilcisi oldu\u011funu iddia eden \u015firketler s\u00f6z konusu oldu\u011funda bulgular\u0131n\u0131z\u0131 bize bildirmenizden b\u00fcy\u00fck memnuniyet duyar\u0131z.&nbsp;<\/p>\n<p><strong>AQUAQUICK 2000'i satmak veya herhangi bir \u015fekilde AQUAQUICK 2000'in tek temsilcisi oldu\u011funu iddia etmek yasakt\u0131r. Yukar\u0131da belirtildi\u011fi gibi, AQUAQUICK GLOBAL B.V, marka ad\u0131 ve \u00fcr\u00fcn form\u00fcllerinin t\u00fcm yasal haklar\u0131na sahip olan d\u00fcnya \u00e7ap\u0131ndaki tek \u015firkettir ve bu nedenle AQUAQUICK 2000 \u00fcr\u00fcn yelpazesinin tek \u00fcreticisi ve lisans sahibiyiz.&nbsp;<\/strong><\/p>\n\n\t\t<\/div>\n\t\t\t\t\t<\/div>\n\n\t\n\n\t<div id=\"col-1110398291\" class=\"col medium-6 small-12 large-6\"  >\n\t\t\t\t<div class=\"col-inner\"  >\n\t\t\t\n\t\t\t\n\n<div class=\"row\"  id=\"row-239529559\">\n\n\n\t<div id=\"col-515774321\" class=\"col small-12 large-12\"  >\n\t\t\t\t<div class=\"col-inner\" style=\"background-color:rgb(246, 246, 246);\" >\n\t\t\t\n\t\t\t\n\n<h2>AQUAQUICK 2000 Fiyatland\u0131rma Ger\u00e7ekleri<\/h2>\n<ul>\n<li class=\"bullet-checkmark\" style=\"font-size: 11pt;\">Distrib\u00fct\u00f6rler kendi fiyatlar\u0131n\u0131 belirleme \u00f6zg\u00fcrl\u00fc\u011f\u00fcne sahip oldular<\/li>\n<li class=\"bullet-checkmark\" style=\"font-size: 11pt;\">AQUAQUICK GLOBAL E-ticaret kullanm\u0131yor <strong>(hen\u00fcz)<\/strong>.<\/li>\n<li class=\"bullet-checkmark\" style=\"font-size: 11pt;\">AQUAQUICK 2000'in tek k\u00fcresel \u00fcreticisiyiz.<\/li>\n<li class=\"bullet-checkmark\" style=\"font-size: 11pt;\">AQUAQUICK 2000 lisanslar\u0131 sadece bizim taraf\u0131m\u0131zdan atanabilir.<\/li>\n<li class=\"bullet-checkmark\" style=\"font-size: 11pt;\">AQUAQUICK 2000'in tavsiye edilen sat\u0131\u015f fiyat\u0131 litre ba\u015f\u0131na 15,99 \u20ac'dur.<\/li>\n<li class=\"bullet-checkmark\" style=\"font-size: 11pt;\">AQUAQUICK 2000'i taklit eden sahte \u00fcr\u00fcnler mevcuttur <strong>(Uyar\u0131)<\/strong><\/li>\n<li style=\"font-size: 11pt;\" class=\"bullet-checkmark\">AQUAQUICK 2000 bir aile \u015firketi taraf\u0131ndan icat edilmi\u015f ve bak\u0131m\u0131 yap\u0131lm\u0131\u015ft\u0131r.<\/li>\n<\/ul>\n\n\t\t<\/div>\n\t\t\t\t\n<style>\n#col-515774321 > .col-inner {\n  padding: 10px 10px 0px 10px;\n}\n<\/style>\n\t<\/div>\n\n\t\n\n<\/div>\n<div class=\"row\"  id=\"row-1891153751\">\n\n\n\t<div id=\"col-1706905977\" class=\"col small-12 large-12\"  >\n\t\t\t\t<div class=\"col-inner\"  >\n\t\t\t\n\t\t\t\n\n\t<div class=\"box has-hover   has-hover box-shadow-2 box-text-bottom\" >\n\n\t\t<div class=\"box-image\" >\n\t\t\t\t\t\t<div class=\"\" >\n\t\t\t\t<img decoding=\"async\" width=\"1206\" height=\"804\" data-src=\"https:\/\/b3871678.smushcdn.com\/3871678\/wp-content\/uploads\/2020\/09\/aquaquick-2000-packaging-made-in-2015-4.jpg?lossy=2&strip=1&webp=1\" class=\"attachment- size- lazyload\" alt=\"\" data-srcset=\"https:\/\/b3871678.smushcdn.com\/3871678\/wp-content\/uploads\/2020\/09\/aquaquick-2000-packaging-made-in-2015-4.jpg?lossy=2&strip=1&webp=1 1206w, https:\/\/b3871678.smushcdn.com\/3871678\/wp-content\/uploads\/2020\/09\/aquaquick-2000-packaging-made-in-2015-4-510x340.jpg?lossy=2&strip=1&webp=1 510w, https:\/\/b3871678.smushcdn.com\/3871678\/wp-content\/uploads\/2020\/09\/aquaquick-2000-packaging-made-in-2015-4-500x333.jpg?lossy=2&strip=1&webp=1 500w, https:\/\/b3871678.smushcdn.com\/3871678\/wp-content\/uploads\/2020\/09\/aquaquick-2000-packaging-made-in-2015-4-768x512.jpg?lossy=2&strip=1&webp=1 768w, https:\/\/b3871678.smushcdn.com\/3871678\/wp-content\/uploads\/2020\/09\/aquaquick-2000-packaging-made-in-2015-4-600x400.jpg?lossy=2&strip=1&webp=1 600w, https:\/\/b3871678.smushcdn.com\/3871678\/wp-content\/uploads\/2020\/09\/aquaquick-2000-packaging-made-in-2015-4.jpg?size=204x136&lossy=2&strip=1&webp=1 204w, https:\/\/b3871678.smushcdn.com\/3871678\/wp-content\/uploads\/2020\/09\/aquaquick-2000-packaging-made-in-2015-4.jpg?size=408x272&lossy=2&strip=1&webp=1 408w, https:\/\/b3871678.smushcdn.com\/3871678\/wp-content\/uploads\/2020\/09\/aquaquick-2000-packaging-made-in-2015-4.jpg?size=1020x680&lossy=2&strip=1&webp=1 1020w\" data-sizes=\"auto\" title=\"\" src=\"data:image\/svg+xml;base64,PHN2ZyB3aWR0aD0iMSIgaGVpZ2h0PSIxIiB4bWxucz0iaHR0cDovL3d3dy53My5vcmcvMjAwMC9zdmciPjwvc3ZnPg==\" style=\"--smush-placeholder-width: 1206px; --smush-placeholder-aspect-ratio: 1206\/804;\" data-original-sizes=\"(max-width: 1206px) 100vw, 1206px\">\t\t\t\t\t\t\t\t\t\t\t<\/div>\n\t\t\t\t\t<\/div>\n\n\t\t<div class=\"box-text text-center\" style=\"background-color:rgb(243, 243, 243);\">\n\t\t\t<div class=\"box-text-inner\">\n\t\t\t\t\n\n<h4>AQUAQUICK 2000 &amp; AQUAQUICK 2000 R2U<\/h4>\n<p>Bu AQUAQUICK 2000'in bir resmidir <br>ve AQUAQUICK 2000 R2U<em><strong>(Kullan\u0131ma haz\u0131r)<\/strong><\/em><\/p>\n\n\t\t\t<\/div>\n\t\t<\/div>\n\t<\/div>\n\t\n\t<div id=\"gap-235940175\" class=\"gap-element clearfix\" style=\"display:block; height:auto;\">\n\t\t\n<style>\n#gap-235940175 {\n  padding-top: 30px;\n}\n<\/style>\n\t<\/div>\n\t\n\n\t<div class=\"box has-hover   has-hover box-shadow-2 box-text-bottom\" >\n\n\t\t<div class=\"box-image\" >\n\t\t\t\t\t\t<div class=\"\" >\n\t\t\t\t<img decoding=\"async\" width=\"1206\" height=\"804\" data-src=\"https:\/\/b3871678.smushcdn.com\/3871678\/wp-content\/uploads\/2020\/09\/AQUAQUICK-2000-SP-PACKAGING-MADE-IN-2015-3.jpg?lossy=2&strip=1&webp=1\" class=\"attachment- size- lazyload\" alt=\"AQUAQUICK 2000 SP\" data-srcset=\"https:\/\/b3871678.smushcdn.com\/3871678\/wp-content\/uploads\/2020\/09\/AQUAQUICK-2000-SP-PACKAGING-MADE-IN-2015-3.jpg?lossy=2&strip=1&webp=1 1206w, https:\/\/b3871678.smushcdn.com\/3871678\/wp-content\/uploads\/2020\/09\/AQUAQUICK-2000-SP-PACKAGING-MADE-IN-2015-3-510x340.jpg?lossy=2&strip=1&webp=1 510w, https:\/\/b3871678.smushcdn.com\/3871678\/wp-content\/uploads\/2020\/09\/AQUAQUICK-2000-SP-PACKAGING-MADE-IN-2015-3-500x333.jpg?lossy=2&strip=1&webp=1 500w, https:\/\/b3871678.smushcdn.com\/3871678\/wp-content\/uploads\/2020\/09\/AQUAQUICK-2000-SP-PACKAGING-MADE-IN-2015-3-768x512.jpg?lossy=2&strip=1&webp=1 768w, https:\/\/b3871678.smushcdn.com\/3871678\/wp-content\/uploads\/2020\/09\/AQUAQUICK-2000-SP-PACKAGING-MADE-IN-2015-3-600x400.jpg?lossy=2&strip=1&webp=1 600w, https:\/\/b3871678.smushcdn.com\/3871678\/wp-content\/uploads\/2020\/09\/AQUAQUICK-2000-SP-PACKAGING-MADE-IN-2015-3.jpg?size=204x136&lossy=2&strip=1&webp=1 204w, https:\/\/b3871678.smushcdn.com\/3871678\/wp-content\/uploads\/2020\/09\/AQUAQUICK-2000-SP-PACKAGING-MADE-IN-2015-3.jpg?size=408x272&lossy=2&strip=1&webp=1 408w, https:\/\/b3871678.smushcdn.com\/3871678\/wp-content\/uploads\/2020\/09\/AQUAQUICK-2000-SP-PACKAGING-MADE-IN-2015-3.jpg?size=1020x680&lossy=2&strip=1&webp=1 1020w\" data-sizes=\"auto\" title=\"\" src=\"data:image\/svg+xml;base64,PHN2ZyB3aWR0aD0iMSIgaGVpZ2h0PSIxIiB4bWxucz0iaHR0cDovL3d3dy53My5vcmcvMjAwMC9zdmciPjwvc3ZnPg==\" style=\"--smush-placeholder-width: 1206px; --smush-placeholder-aspect-ratio: 1206\/804;\" data-original-sizes=\"(max-width: 1206px) 100vw, 1206px\">\t\t\t\t\t\t\t\t\t\t\t<\/div>\n\t\t\t\t\t<\/div>\n\n\t\t<div class=\"box-text text-center\" style=\"background-color:rgb(243, 243, 243);\">\n\t\t\t<div class=\"box-text-inner\">\n\t\t\t\t\n\n<h4>AQUAQUICK 2000 SP &amp; AQUAQUICK 2000 SP R2U<\/h4>\n<p>Bu AQUAQUICK 2000 SP'nin bir resmidir <br>Ve AQUAQUICK 2000 SP R2U<em><strong>(Kullan\u0131ma haz\u0131r)<\/strong><\/em><\/p>\n\n\t\t\t<\/div>\n\t\t<\/div>\n\t<\/div>\n\t\n\n\t\t<\/div>\n\t\t\t\t\t<\/div>\n\n\t\n\n<\/div>\n\n\t\t<\/div>\n\t\t\t\t\t<\/div>\n\n\t\n\n<\/div>\n\n\t\t<\/div>\n\n\t\t\n<style>\n#section_2043589358 {\n  padding-top: 30px;\n  padding-bottom: 30px;\n}\n<\/style>\n\t<\/section>","protected":false},"excerpt":{"rendered":"","protected":false},"author":1,"featured_media":8679,"parent":0,"menu_order":0,"comment_status":"closed","ping_status":"closed","template":"page-blank.php","meta":{"cybocfi_hide_featured_image":"","footnotes":"","_links_to":"","_links_to_target":""},"class_list":["post-8658","page","type-page","status-publish","has-post-thumbnail","hentry"],"_links":{"self":[{"href":"https:\/\/www.aquaquick2000.com\/tr\/wp-json\/wp\/v2\/pages\/8658","targetHints":{"allow":["GET"]}}],"collection":[{"href":"https:\/\/www.aquaquick2000.com\/tr\/wp-json\/wp\/v2\/pages"}],"about":[{"href":"https:\/\/www.aquaquick2000.com\/tr\/wp-json\/wp\/v2\/types\/page"}],"author":[{"embeddable":true,"href":"https:\/\/www.aquaquick2000.com\/tr\/wp-json\/wp\/v2\/users\/1"}],"replies":[{"embeddable":true,"href":"https:\/\/www.aquaquick2000.com\/tr\/wp-json\/wp\/v2\/comments?post=8658"}],"version-history":[{"count":0,"href":"https:\/\/www.aquaquick2000.com\/tr\/wp-json\/wp\/v2\/pages\/8658\/revisions"}],"wp:featuredmedia":[{"embeddable":true,"href":"https:\/\/www.aquaquick2000.com\/tr\/wp-json\/wp\/v2\/media\/8679"}],"wp:attachment":[{"href":"https:\/\/www.aquaquick2000.com\/tr\/wp-json\/wp\/v2\/media?parent=8658"}],"curies":[{"name":"wp","href":"https:\/\/api.w.org\/{rel}","templated":true}]}}