{"id":8668,"date":"2020-11-20T23:07:35","date_gmt":"2020-11-20T23:07:35","guid":{"rendered":"https:\/\/www.aquaquick2000.com\/?page_id=8668"},"modified":"2023-01-27T10:25:47","modified_gmt":"2023-01-27T10:25:47","slug":"about-the-aquaquick-libya-brand","status":"publish","type":"page","link":"https:\/\/www.aquaquick2000.com\/tr\/brand-history\/about-the-aquaquick-libya-brand\/","title":{"rendered":"AQUAQUICK Libya Markas\u0131 Hakk\u0131nda"},"content":{"rendered":"<section class=\"section\" id=\"section_259448918\">\n\t\t<div class=\"section-bg fill\" >\n\t\t\t<img decoding=\"async\" width=\"1920\" height=\"1200\" src=\"https:\/\/b3871678.smushcdn.com\/3871678\/wp-content\/uploads\/2020\/09\/AQUAQUICK-2000-Bubbles-Background.jpg?lossy=2&strip=1&webp=1\" class=\"bg attachment- size-\" alt=\"\" title=\"\" srcset=\"https:\/\/b3871678.smushcdn.com\/3871678\/wp-content\/uploads\/2020\/09\/AQUAQUICK-2000-Bubbles-Background.jpg?lossy=2&amp;strip=1&amp;webp=1 1920w, https:\/\/b3871678.smushcdn.com\/3871678\/wp-content\/uploads\/2020\/09\/AQUAQUICK-2000-Bubbles-Background-510x319.jpg?lossy=2&amp;strip=1&amp;webp=1 510w, https:\/\/b3871678.smushcdn.com\/3871678\/wp-content\/uploads\/2020\/09\/AQUAQUICK-2000-Bubbles-Background-500x313.jpg?lossy=2&amp;strip=1&amp;webp=1 500w, https:\/\/b3871678.smushcdn.com\/3871678\/wp-content\/uploads\/2020\/09\/AQUAQUICK-2000-Bubbles-Background-1280x800.jpg?lossy=2&amp;strip=1&amp;webp=1 1280w, https:\/\/b3871678.smushcdn.com\/3871678\/wp-content\/uploads\/2020\/09\/AQUAQUICK-2000-Bubbles-Background-768x480.jpg?lossy=2&amp;strip=1&amp;webp=1 768w, https:\/\/b3871678.smushcdn.com\/3871678\/wp-content\/uploads\/2020\/09\/AQUAQUICK-2000-Bubbles-Background-1536x960.jpg?lossy=2&amp;strip=1&amp;webp=1 1536w, https:\/\/b3871678.smushcdn.com\/3871678\/wp-content\/uploads\/2020\/09\/AQUAQUICK-2000-Bubbles-Background.jpg?size=204x128&amp;lossy=2&amp;strip=1&amp;webp=1 204w, https:\/\/b3871678.smushcdn.com\/3871678\/wp-content\/uploads\/2020\/09\/AQUAQUICK-2000-Bubbles-Background.jpg?size=408x255&amp;lossy=2&amp;strip=1&amp;webp=1 408w, https:\/\/b3871678.smushcdn.com\/3871678\/wp-content\/uploads\/2020\/09\/AQUAQUICK-2000-Bubbles-Background.jpg?size=612x383&amp;lossy=2&amp;strip=1&amp;webp=1 612w, https:\/\/b3871678.smushcdn.com\/3871678\/wp-content\/uploads\/2020\/09\/AQUAQUICK-2000-Bubbles-Background.jpg?size=1020x638&amp;lossy=2&amp;strip=1&amp;webp=1 1020w\" sizes=\"(max-width: 1920px) 100vw, 1920px\">\t\t\t\t\t\t<div class=\"section-bg-overlay absolute fill\"><\/div>\n\t\t\t\n\n\t\t<\/div>\n\n\t\t\n\n\t\t<div class=\"section-content relative\">\n\t\t\t\n\n<div class=\"row align-middle\"  id=\"row-89802684\">\n\n\n\t<div id=\"col-387607629\" class=\"col small-12 large-12\"  >\n\t\t\t\t<div class=\"col-inner\"  >\n\t\t\t\n\t\t\t\n\n\t<div id=\"gap-103351666\" class=\"gap-element clearfix\" style=\"display:block; height:auto;\">\n\t\t\n<style>\n#gap-103351666 {\n  padding-top: 30px;\n}\n<\/style>\n\t<\/div>\n\t\n\n<h1>AQUAQUICK LIBYA Markas\u0131 hakk\u0131nda daha fazla bilgi<\/h1>\n<p><strong>AQUAQUICK LIBYA, AQUAQUICK GLOBAL BV'ye ait bir ticari markad\u0131r<\/strong><\/p>\n\n\t\t<\/div>\n\t\t\t\t\t<\/div>\n\n\t\n\n<\/div>\n\n\t\t<\/div>\n\n\t\t\n<style>\n#section_259448918 {\n  padding-top: 30px;\n  padding-bottom: 30px;\n}\n#section_259448918 .section-bg-overlay {\n  background-color: rgba(255, 255, 255, 0.6);\n}\n#section_259448918 .section-bg img {\n  object-position: 6% 57%;\n}\n<\/style>\n\t<\/section>\n\t\n\n\t<section class=\"section\" id=\"section_1704189595\">\n\t\t<div class=\"section-bg fill\" >\n\t\t\t\t\t\t\t\t\t\n\t\t\t\n\n\t\t<\/div>\n\n\t\t\n\n\t\t<div class=\"section-content relative\">\n\t\t\t\n\n<div class=\"row\"  id=\"row-1490421418\">\n\n\n\t<div id=\"col-1247977606\" class=\"col medium-7 small-12 large-7\"  >\n\t\t\t\t<div class=\"col-inner\"  >\n\t\t\t\n\t\t\t\n\n<h2>Libya'da AQUAQUICK 2000 \u00dcr\u00fcn\u00fc<\/h2>\n<div>Libya'da AQUAQUICK 2000 s\u00f6z konusu oldu\u011funda, \u00fcr\u00fcn petrol end\u00fcstrisindeki \u015firketler aras\u0131nda \u00e7ok iyi bilinmektedir. Libya merkezli \u015firketler, petrol s\u0131z\u0131nt\u0131lar\u0131n\u0131 temizlemenin yan\u0131 s\u0131ra \u015firketin kapanmas\u0131n\u0131 \u00f6nlemek i\u00e7in ba\u015far\u0131l\u0131 bak\u0131m temizleme seanslar\u0131 i\u00e7in uzun y\u0131llard\u0131r AQUAQUICK 2000 kullanmaktad\u0131r. AQUAQUICK 2000, Libya'daki bir\u00e7ok \u015firkette \u00e7al\u0131\u015fma ko\u015fullar\u0131n\u0131n yan\u0131 s\u0131ra yerel halk, \u00fcr\u00fcn kullan\u0131c\u0131lar\u0131 ve Libya'da petrol d\u00f6k\u00fclen yerlerin yak\u0131n\u0131nda ya\u015fayan hayvanlar i\u00e7in \u00e7evre ve sa\u011fl\u0131k ko\u015fullar\u0131n\u0131 iyile\u015ftirmek i\u00e7in uygulanm\u0131\u015ft\u0131r.<\/div>\n<div>&nbsp;<\/div>\n<h2>Libya'da AQUAQUICK 2000 sat\u0131n al\u0131n<\/h2>\n<div>AQUAQUICK 2000, Libya'daki atanm\u0131\u015f distrib\u00fct\u00f6rlerden biri arac\u0131l\u0131\u011f\u0131yla do\u011frudan sat\u0131n al\u0131nabilir veya \u015fu anda yerel distrib\u00fct\u00f6rlerden biriyle ileti\u015fime ge\u00e7emedi\u011finizde do\u011frudan bizim arac\u0131l\u0131\u011f\u0131m\u0131zla sat\u0131n al\u0131nabilir. AQUAQUICK 2000'in Libya'daki mevcut durumu hakk\u0131nda daha fazla bilgi edinmek i\u00e7in business@aquaquick2000.com adresine bir e-posta g\u00f6ndererek bizimle ileti\u015fime ge\u00e7ebilirsiniz.&nbsp;<\/div>\n<div>&nbsp;<\/div>\n<h2>AQUAQUICK L\u0130BYA Telif Haklar\u0131 ve Marka \u0130hlali&nbsp;<\/h2>\n<div>AQUAQUICK LIBYA markas\u0131, yasal haklar ve do\u011frudan AQUAQUICK GLOBAL B.V.'den yaz\u0131l\u0131 bildirim sa\u011flanmad\u0131k\u00e7a, AQUAQUICK GLOBAL B.V. d\u0131\u015f\u0131nda herhangi biri taraf\u0131ndan kopyalanamaz veya kullan\u0131lamaz. AQUAQUICK &amp; AQUAQUICK 2000 ile ilgili t\u00fcm ilgili markalar, \u00fcr\u00fcnler, ticari markalar vb. yasal olarak AQUAQUICK GLOBAL B.V.'ye aittir.&nbsp;<\/div>\n<div>&nbsp;<\/div>\n<div>AQUAQUICK \u00fcr\u00fcn yelpazesi veya AQUAQUICK markas\u0131 hakk\u0131nda daha fazla bilgi i\u00e7in business@aquaquick2000.com adresinden do\u011frudan bizimle ileti\u015fime ge\u00e7in.<\/div>\n\n\t\t<\/div>\n\t\t\t\t\t<\/div>\n\n\t\n\n\t<div id=\"col-1159882830\" class=\"col medium-5 small-12 large-5\"  >\n\t\t\t\t<div class=\"col-inner\"  >\n\t\t\t\n\t\t\t\n\n<div class=\"row\"  id=\"row-2096272754\">\n\n\n\t<div id=\"col-2119082056\" class=\"col small-12 large-12\"  >\n\t\t\t\t<div class=\"col-inner\"  >\n\t\t\t\n\t\t\t\n\n<h2>AQUAQUICK L\u0130BYA Hakk\u0131nda<\/h2>\n<ul>\n<li class=\"bullet-checkmark\">AQUAQUICK 2000 Libya'da Sat\u0131\u015fa Sunuldu<\/li>\n<li class=\"bullet-checkmark\">AQUAQUICK LIBYA'n\u0131n sahibi biziz<\/li>\n<li class=\"bullet-checkmark\">AQUAQUICK 2000 Toplam Ya\u011f Temizleme Sol\u00fcsyonu<\/li>\n<li class=\"bullet-checkmark\">AQUAQUICK 2000 ile Libya'da B\u00fcy\u00fck \u0130z Kay\u0131tlar\u0131<\/li><li class=\"bullet-checkmark\">www.aquaquicklibya.com taraf\u0131m\u0131zdan ayr\u0131lm\u0131\u015ft\u0131r<\/li>\n<\/ul>\n\n\t\t<\/div>\n\t\t\t\t\t<\/div>\n\n\t\n\n\n<style>\n#row-2096272754 > .col > .col-inner {\n  padding: 22px 15px 0px 15px;\n  background-color: rgb(242, 242, 242);\n}\n<\/style>\n<\/div>\n\t<div class=\"img has-hover x md-x lg-x y md-y lg-y\" id=\"image_108428756\">\n\t\t\t\t\t\t\t\t<div class=\"img-inner dark\" >\n\t\t\t<img decoding=\"async\" width=\"1020\" height=\"230\" data-src=\"https:\/\/b3871678.smushcdn.com\/3871678\/wp-content\/uploads\/2020\/11\/AQUAQUICK-LIBYa-MIDSIZE-format-sheet-psd-1280x289.png?lossy=2&strip=1&webp=1\" class=\"attachment-large size-large lazyload\" alt=\"\" data-srcset=\"https:\/\/b3871678.smushcdn.com\/3871678\/wp-content\/uploads\/2020\/11\/AQUAQUICK-LIBYa-MIDSIZE-format-sheet-psd-1280x289.png?lossy=2&strip=1&webp=1 1280w, https:\/\/b3871678.smushcdn.com\/3871678\/wp-content\/uploads\/2020\/11\/AQUAQUICK-LIBYa-MIDSIZE-format-sheet-psd-510x115.png?lossy=2&strip=1&webp=1 510w, https:\/\/b3871678.smushcdn.com\/3871678\/wp-content\/uploads\/2020\/11\/AQUAQUICK-LIBYa-MIDSIZE-format-sheet-psd-500x113.png?lossy=2&strip=1&webp=1 500w, https:\/\/b3871678.smushcdn.com\/3871678\/wp-content\/uploads\/2020\/11\/AQUAQUICK-LIBYa-MIDSIZE-format-sheet-psd-768x174.png?lossy=2&strip=1&webp=1 768w, https:\/\/b3871678.smushcdn.com\/3871678\/wp-content\/uploads\/2020\/11\/AQUAQUICK-LIBYa-MIDSIZE-format-sheet-psd.png?lossy=2&strip=1&webp=1 1500w, https:\/\/b3871678.smushcdn.com\/3871678\/wp-content\/uploads\/2020\/11\/AQUAQUICK-LIBYa-MIDSIZE-format-sheet-psd.png?size=204x46&lossy=2&strip=1&webp=1 204w, https:\/\/b3871678.smushcdn.com\/3871678\/wp-content\/uploads\/2020\/11\/AQUAQUICK-LIBYa-MIDSIZE-format-sheet-psd.png?size=408x92&lossy=2&strip=1&webp=1 408w, https:\/\/b3871678.smushcdn.com\/3871678\/wp-content\/uploads\/2020\/11\/AQUAQUICK-LIBYa-MIDSIZE-format-sheet-psd.png?size=612x138&lossy=2&strip=1&webp=1 612w, https:\/\/b3871678.smushcdn.com\/3871678\/wp-content\/uploads\/2020\/11\/AQUAQUICK-LIBYa-MIDSIZE-format-sheet-psd.png?size=1020x230&lossy=2&strip=1&webp=1 1020w\" data-sizes=\"auto\" title=\"\" src=\"data:image\/svg+xml;base64,PHN2ZyB3aWR0aD0iMSIgaGVpZ2h0PSIxIiB4bWxucz0iaHR0cDovL3d3dy53My5vcmcvMjAwMC9zdmciPjwvc3ZnPg==\" style=\"--smush-placeholder-width: 1020px; --smush-placeholder-aspect-ratio: 1020\/230;\" data-original-sizes=\"(max-width: 1020px) 100vw, 1020px\">\t\t\t\t\t\t\n\t\t\t\t\t<\/div>\n\t\t\t\t\t\t\t\t\n<style>\n#image_108428756 {\n  width: 100%;\n}\n<\/style>\n\t<\/div>\n\t\n\n\t<div class=\"img has-hover x md-x lg-x y md-y lg-y\" id=\"image_1507033410\">\n\t\t\t\t\t\t\t\t<div class=\"img-inner dark\" >\n\t\t\t<img decoding=\"async\" width=\"1020\" height=\"510\" data-src=\"https:\/\/b3871678.smushcdn.com\/3871678\/wp-content\/uploads\/2020\/09\/AQUAQUICK-2000-in-Libya.png?lossy=2&strip=1&webp=1\" class=\"attachment-large size-large lazyload\" alt=\"\" data-srcset=\"https:\/\/b3871678.smushcdn.com\/3871678\/wp-content\/uploads\/2020\/09\/AQUAQUICK-2000-in-Libya.png?lossy=2&strip=1&webp=1 1024w, https:\/\/b3871678.smushcdn.com\/3871678\/wp-content\/uploads\/2020\/09\/AQUAQUICK-2000-in-Libya-510x255.png?lossy=2&strip=1&webp=1 510w, https:\/\/b3871678.smushcdn.com\/3871678\/wp-content\/uploads\/2020\/09\/AQUAQUICK-2000-in-Libya-500x250.png?lossy=2&strip=1&webp=1 500w, https:\/\/b3871678.smushcdn.com\/3871678\/wp-content\/uploads\/2020\/09\/AQUAQUICK-2000-in-Libya-768x384.png?lossy=2&strip=1&webp=1 768w, https:\/\/b3871678.smushcdn.com\/3871678\/wp-content\/uploads\/2020\/09\/AQUAQUICK-2000-in-Libya.png?size=204x102&lossy=2&strip=1&webp=1 204w, https:\/\/b3871678.smushcdn.com\/3871678\/wp-content\/uploads\/2020\/09\/AQUAQUICK-2000-in-Libya.png?size=408x204&lossy=2&strip=1&webp=1 408w, https:\/\/b3871678.smushcdn.com\/3871678\/wp-content\/uploads\/2020\/09\/AQUAQUICK-2000-in-Libya.png?size=612x306&lossy=2&strip=1&webp=1 612w\" data-sizes=\"auto\" title=\"\" src=\"data:image\/svg+xml;base64,PHN2ZyB3aWR0aD0iMSIgaGVpZ2h0PSIxIiB4bWxucz0iaHR0cDovL3d3dy53My5vcmcvMjAwMC9zdmciPjwvc3ZnPg==\" style=\"--smush-placeholder-width: 1020px; --smush-placeholder-aspect-ratio: 1020\/510;\" data-original-sizes=\"(max-width: 1020px) 100vw, 1020px\">\t\t\t\t\t\t\n\t\t\t\t\t<\/div>\n\t\t\t\t\t\t\t\t\n<style>\n#image_1507033410 {\n  width: 100%;\n}\n<\/style>\n\t<\/div>\n\t\n\n\n\t\t<\/div>\n\t\t\t\t\t<\/div>\n\n\t\n\n<\/div>\n\n\t\t<\/div>\n\n\t\t\n<style>\n#section_1704189595 {\n  padding-top: 30px;\n  padding-bottom: 30px;\n}\n<\/style>\n\t<\/section>","protected":false},"excerpt":{"rendered":"","protected":false},"author":1,"featured_media":8711,"parent":8666,"menu_order":0,"comment_status":"closed","ping_status":"closed","template":"page-blank.php","meta":{"cybocfi_hide_featured_image":"","footnotes":"","_links_to":"","_links_to_target":""},"class_list":["post-8668","page","type-page","status-publish","has-post-thumbnail","hentry"],"_links":{"self":[{"href":"https:\/\/www.aquaquick2000.com\/tr\/wp-json\/wp\/v2\/pages\/8668","targetHints":{"allow":["GET"]}}],"collection":[{"href":"https:\/\/www.aquaquick2000.com\/tr\/wp-json\/wp\/v2\/pages"}],"about":[{"href":"https:\/\/www.aquaquick2000.com\/tr\/wp-json\/wp\/v2\/types\/page"}],"author":[{"embeddable":true,"href":"https:\/\/www.aquaquick2000.com\/tr\/wp-json\/wp\/v2\/users\/1"}],"replies":[{"embeddable":true,"href":"https:\/\/www.aquaquick2000.com\/tr\/wp-json\/wp\/v2\/comments?post=8668"}],"version-history":[{"count":0,"href":"https:\/\/www.aquaquick2000.com\/tr\/wp-json\/wp\/v2\/pages\/8668\/revisions"}],"up":[{"embeddable":true,"href":"https:\/\/www.aquaquick2000.com\/tr\/wp-json\/wp\/v2\/pages\/8666"}],"wp:featuredmedia":[{"embeddable":true,"href":"https:\/\/www.aquaquick2000.com\/tr\/wp-json\/wp\/v2\/media\/8711"}],"wp:attachment":[{"href":"https:\/\/www.aquaquick2000.com\/tr\/wp-json\/wp\/v2\/media?parent=8668"}],"curies":[{"name":"wp","href":"https:\/\/api.w.org\/{rel}","templated":true}]}}