{"id":9168,"date":"2022-07-06T13:59:59","date_gmt":"2022-07-06T13:59:59","guid":{"rendered":"https:\/\/www.aquaquick2000.com\/?page_id=9168"},"modified":"2025-12-25T13:23:33","modified_gmt":"2025-12-25T13:23:33","slug":"fabrika-afdal-al-tanzif-deterjanlar-icin","status":"publish","type":"page","link":"https:\/\/www.aquaquick2000.com\/tr\/distributors\/factory-afdal-al-tanzif-for-detergents\/","title":{"rendered":"Deterjanlar i\u00e7in Fabrika Afdal Al-Tanzif"},"content":{"rendered":"<section class=\"section\" id=\"section_290199275\">\n\t\t<div class=\"section-bg fill\" >\n\t\t\t<img decoding=\"async\" width=\"1920\" height=\"441\" src=\"https:\/\/b3871678.smushcdn.com\/3871678\/wp-content\/uploads\/2020\/09\/aquaquick-2000-oil-cleaning-waterwave.jpg?lossy=2&strip=1&webp=1\" class=\"bg attachment- size-\" alt=\"\" title=\"\" srcset=\"https:\/\/b3871678.smushcdn.com\/3871678\/wp-content\/uploads\/2020\/09\/aquaquick-2000-oil-cleaning-waterwave.jpg?lossy=2&amp;strip=1&amp;webp=1 1920w, https:\/\/b3871678.smushcdn.com\/3871678\/wp-content\/uploads\/2020\/09\/aquaquick-2000-oil-cleaning-waterwave-510x117.jpg?lossy=2&amp;strip=1&amp;webp=1 510w, https:\/\/b3871678.smushcdn.com\/3871678\/wp-content\/uploads\/2020\/09\/aquaquick-2000-oil-cleaning-waterwave-500x115.jpg?lossy=2&amp;strip=1&amp;webp=1 500w, https:\/\/b3871678.smushcdn.com\/3871678\/wp-content\/uploads\/2020\/09\/aquaquick-2000-oil-cleaning-waterwave-1280x294.jpg?lossy=2&amp;strip=1&amp;webp=1 1280w, https:\/\/b3871678.smushcdn.com\/3871678\/wp-content\/uploads\/2020\/09\/aquaquick-2000-oil-cleaning-waterwave-768x176.jpg?lossy=2&amp;strip=1&amp;webp=1 768w, https:\/\/b3871678.smushcdn.com\/3871678\/wp-content\/uploads\/2020\/09\/aquaquick-2000-oil-cleaning-waterwave-1536x353.jpg?lossy=2&amp;strip=1&amp;webp=1 1536w, https:\/\/b3871678.smushcdn.com\/3871678\/wp-content\/uploads\/2020\/09\/aquaquick-2000-oil-cleaning-waterwave.jpg?size=204x47&amp;lossy=2&amp;strip=1&amp;webp=1 204w, https:\/\/b3871678.smushcdn.com\/3871678\/wp-content\/uploads\/2020\/09\/aquaquick-2000-oil-cleaning-waterwave.jpg?size=408x94&amp;lossy=2&amp;strip=1&amp;webp=1 408w, https:\/\/b3871678.smushcdn.com\/3871678\/wp-content\/uploads\/2020\/09\/aquaquick-2000-oil-cleaning-waterwave.jpg?size=612x141&amp;lossy=2&amp;strip=1&amp;webp=1 612w, https:\/\/b3871678.smushcdn.com\/3871678\/wp-content\/uploads\/2020\/09\/aquaquick-2000-oil-cleaning-waterwave.jpg?size=1020x234&amp;lossy=2&amp;strip=1&amp;webp=1 1020w\" sizes=\"(max-width: 1920px) 100vw, 1920px\">\t\t\t\t\t\t<div class=\"section-bg-overlay absolute fill\"><\/div>\n\t\t\t\n\n\t\t<\/div>\n\n\t\t\n\n\t\t<div class=\"section-content relative\">\n\t\t\t\n\n<div class=\"row row-collapse align-equal\"  id=\"row-1916645113\">\n\n\n\t<div id=\"col-1457359048\" class=\"col small-12 large-12\"  >\n\t\t\t\t<div class=\"col-inner\"  >\n\t\t\t\n\t\t\t\n\n\t<div id=\"text-61978976\" class=\"text\">\n\t\t\n\n<h2 class=\"uppercase\" style=\"text-align: center;\">Suudi Arabistan'\u0131n Tek Distrib\u00fct\u00f6r\u00fc, Deterjanlar \u0130\u00e7in Fabrika Afdal al-Tanzif'tir<\/h2>\n\t\t\n<style>\n#text-61978976 {\n  color: rgb(31, 31, 31);\n}\n#text-61978976 > * {\n  color: rgb(31, 31, 31);\n}\n<\/style>\n\t<\/div>\n\t\n\n\t\t<\/div>\n\t\t\t\t\t<\/div>\n\n\t\n\n<\/div>\n\n\t\t<\/div>\n\n\t\t\n<style>\n#section_290199275 {\n  padding-top: 45px;\n  padding-bottom: 45px;\n}\n#section_290199275 .section-bg-overlay {\n  background-color: rgba(240, 240, 240, 0.64);\n}\n<\/style>\n\t<\/section>\n\t\n\n\t<section class=\"section\" id=\"section_403380151\">\n\t\t<div class=\"section-bg fill\" >\n\t\t\t\t\t\t\t\t\t<div class=\"section-bg-overlay absolute fill\"><\/div>\n\t\t\t\n\n\t\t<\/div>\n\n\t\t\n\n\t\t<div class=\"section-content relative\">\n\t\t\t\n\n<div class=\"row\"  id=\"row-1590199924\">\n\n\n\t<div id=\"col-1712187693\" class=\"col medium-6 small-12 large-6\"  >\n\t\t\t\t<div class=\"col-inner\"  >\n\t\t\t\n\t\t\t\n\n<h3 class=\"widget-title\">Suudi Arabistan'da AQUAQUICK 2000 Distrib\u00fct\u00f6r\u00fc.<\/h3>\n<p>Fabrika Afdal al-Tanzif For Detergents. Suudi Arabistan'da AQUAQUICK \u00fcr\u00fcnlerini satma lisans\u0131na sahiptir<\/p>\n<p><em><strong>Fabrika Afdal al-Tanzif For Detergents. AQUAQUICK GLOBAL B.V. taraf\u0131ndan onaylanm\u0131\u015ft\u0131r.<\/strong><\/em><\/p>\n<h3>Deterjanlar \u0130\u00e7in Fabrika Afdal al-Tanzif \u0130leti\u015fim Bilgileri.<\/h3>\n<p>abdullah@bestcleansa.com<br \/>+966555553656<\/p>\n<a href=\"https:\/\/www.aquaquick2000.com\/tr\/distributorler\/\" class=\"button primary\" >\n\t\t<span>AQUAQUICK 2000'in T\u00fcm Distrib\u00fct\u00f6rleri<\/span>\n\t<\/a>\n\n\n\t<div class=\"img has-hover x md-x lg-x y md-y lg-y\" id=\"image_729057141\">\n\t\t\t\t\t\t\t\t<div class=\"img-inner dark\" style=\"margin:10px 0px 0px 0px;\">\n\t\t\t<img decoding=\"async\" width=\"500\" height=\"136\" data-src=\"https:\/\/b3871678.smushcdn.com\/3871678\/wp-content\/uploads\/2022\/07\/Factory-Afdal-Al-tanzif-for-detergents-1-e1657115671216.png?lossy=2&strip=1&webp=1\" class=\"attachment-large size-large lazyload\" alt=\"\" title=\"\" data-srcset=\"https:\/\/b3871678.smushcdn.com\/3871678\/wp-content\/uploads\/2022\/07\/Factory-Afdal-Al-tanzif-for-detergents-1-e1657115671216.png?lossy=2&amp;strip=1&amp;webp=1 500w, https:\/\/b3871678.smushcdn.com\/3871678\/wp-content\/uploads\/2022\/07\/Factory-Afdal-Al-tanzif-for-detergents-1-e1657115671216.png?size=204x55&amp;lossy=2&amp;strip=1&amp;webp=1 204w, https:\/\/b3871678.smushcdn.com\/3871678\/wp-content\/uploads\/2022\/07\/Factory-Afdal-Al-tanzif-for-detergents-1-e1657115671216.png?size=408x111&amp;lossy=2&amp;strip=1&amp;webp=1 408w\" data-sizes=\"auto\" src=\"data:image\/svg+xml;base64,PHN2ZyB3aWR0aD0iMSIgaGVpZ2h0PSIxIiB4bWxucz0iaHR0cDovL3d3dy53My5vcmcvMjAwMC9zdmciPjwvc3ZnPg==\" style=\"--smush-placeholder-width: 500px; --smush-placeholder-aspect-ratio: 500\/136;\" data-original-sizes=\"(max-width: 500px) 100vw, 500px\">\t\t\t\t\t\t\n\t\t\t\t\t<\/div>\n\t\t\t\t\t\t\t\t\n<style>\n#image_729057141 {\n  width: 50%;\n}\n<\/style>\n\t<\/div>\n\t\n\n\n\t\t<\/div>\n\t\t\t\t\t<\/div>\n\n\t\n\n\t<div id=\"col-1269352844\" class=\"col medium-6 small-12 large-6\"  >\n\t\t\t\t<div class=\"col-inner\" style=\"background-color:rgb(240, 240, 240);\" >\n\t\t\t\n\t\t\t\n\n<div class=\"accordion\">\n\n\t<div id=\"accordion-1395343484\" class=\"accordion-item\">\n\t\t<a id=\"accordion-1395343484-label\" class=\"accordion-title plain active\" href=\"#accordion-item-aquaquick-2000-in-saudi-arabia\" aria-expanded=\"true\" aria-controls=\"accordion-1395343484-content\">\n\t\t\t<button class=\"toggle\" aria-label=\"A\u00e7\/Kapat\"><i class=\"icon-angle-down\" aria-hidden=\"true\"><\/i><\/button>\n\t\t\t<span>Suudi Arabistan'da AQUAQUICK 2000<\/span>\n\t\t<\/a>\n\t\t<div id=\"accordion-1395343484-content\" class=\"accordion-inner\" style=\"display: block;\" aria-labelledby=\"accordion-1395343484-label\">\n\t\t\t\n\n<p>AQUAQUICK 2000'i do\u011frudan sat\u0131n almak i\u00e7in <strong>Suudi Arabistan.<\/strong> yerel distrib\u00fct\u00f6r\u00fcm\u00fczle ileti\u015fime ge\u00e7ebilirsiniz<strong> Fabrika Afdal al-Tanzif Deterjanlar i\u00e7in.<\/strong><\/p>\n<p>AQUAQUICK 2000 d\u00fcnyan\u0131n herhangi bir \u00fclkesinde sat\u0131n al\u0131nabilir ve petrol d\u00f6k\u00fcnt\u00fcs\u00fc temizli\u011finde bir numaral\u0131 \u00e7\u00f6z\u00fcmd\u00fcr.<\/p>\n\n\t\t<\/div>\n\t<\/div>\n\t\n\t<div id=\"accordion-2907599122\" class=\"accordion-item\">\n\t\t<a id=\"accordion-2907599122-label\" class=\"accordion-title plain\" href=\"#accordion-item-oil-spills-in-saudi-arabia\" aria-expanded=\"false\" aria-controls=\"accordion-2907599122-content\">\n\t\t\t<button class=\"toggle\" aria-label=\"A\u00e7\/Kapat\"><i class=\"icon-angle-down\" aria-hidden=\"true\"><\/i><\/button>\n\t\t\t<span>Suudi Arabistan'da petrol s\u0131z\u0131nt\u0131lar\u0131<\/span>\n\t\t<\/a>\n\t\t<div id=\"accordion-2907599122-content\" class=\"accordion-inner\" aria-labelledby=\"accordion-2907599122-label\">\n\t\t\t\n\n<p>\u00c7evre dostu acil bir petrol s\u0131z\u0131nt\u0131s\u0131 \u00e7\u00f6z\u00fcm\u00fc i\u00e7in en iyisi AQUAQUICK 2000 kullanmakt\u0131r. E\u011fer herhangi bir petrol s\u0131z\u0131nt\u0131s\u0131 ile kar\u015f\u0131la\u015f\u0131rsan\u0131z <strong>Suudi Arabistan,<\/strong><b>\u00a0<\/b>ileti\u015fime ge\u00e7ebilirsiniz <em>Deterjanlar \u0130\u00e7in Fabrika Afdal al-Tanzif<\/em> AQUAQUICK 2000'in tedariki i\u00e7in.<\/p>\n\n\t\t<\/div>\n\t<\/div>\n\t\n\n<\/div>\n\n\t\t<\/div>\n\t\t\t\t\t<\/div>\n\n\t\n\n<\/div>\n\n\t\t<\/div>\n\n\t\t\n<style>\n#section_403380151 {\n  padding-top: 45px;\n  padding-bottom: 45px;\n  background-color: rgb(255, 255, 255);\n}\n#section_403380151 .section-bg-overlay {\n  background-color: rgba(240, 240, 240, 0);\n}\n<\/style>\n\t<\/section>","protected":false},"excerpt":{"rendered":"","protected":false},"author":1,"featured_media":9166,"parent":2564,"menu_order":0,"comment_status":"closed","ping_status":"closed","template":"page-blank.php","meta":{"cybocfi_hide_featured_image":"","footnotes":"","_links_to":"","_links_to_target":""},"class_list":["post-9168","page","type-page","status-publish","has-post-thumbnail","hentry"],"_links":{"self":[{"href":"https:\/\/www.aquaquick2000.com\/tr\/wp-json\/wp\/v2\/pages\/9168","targetHints":{"allow":["GET"]}}],"collection":[{"href":"https:\/\/www.aquaquick2000.com\/tr\/wp-json\/wp\/v2\/pages"}],"about":[{"href":"https:\/\/www.aquaquick2000.com\/tr\/wp-json\/wp\/v2\/types\/page"}],"author":[{"embeddable":true,"href":"https:\/\/www.aquaquick2000.com\/tr\/wp-json\/wp\/v2\/users\/1"}],"replies":[{"embeddable":true,"href":"https:\/\/www.aquaquick2000.com\/tr\/wp-json\/wp\/v2\/comments?post=9168"}],"version-history":[{"count":0,"href":"https:\/\/www.aquaquick2000.com\/tr\/wp-json\/wp\/v2\/pages\/9168\/revisions"}],"up":[{"embeddable":true,"href":"https:\/\/www.aquaquick2000.com\/tr\/wp-json\/wp\/v2\/pages\/2564"}],"wp:featuredmedia":[{"embeddable":true,"href":"https:\/\/www.aquaquick2000.com\/tr\/wp-json\/wp\/v2\/media\/9166"}],"wp:attachment":[{"href":"https:\/\/www.aquaquick2000.com\/tr\/wp-json\/wp\/v2\/media?parent=9168"}],"curies":[{"name":"wp","href":"https:\/\/api.w.org\/{rel}","templated":true}]}}