{"id":9530,"date":"2024-01-17T14:26:38","date_gmt":"2024-01-17T14:26:38","guid":{"rendered":"https:\/\/www.aquaquick2000.com\/?page_id=9530"},"modified":"2025-10-10T20:20:31","modified_gmt":"2025-10-10T20:20:31","slug":"about-us","status":"publish","type":"page","link":"https:\/\/www.aquaquick2000.com\/tr\/about-us\/","title":{"rendered":"Hakk\u0131m\u0131zda"},"content":{"rendered":"<section class=\"section\" id=\"section_1708404342\">\n\t\t<div class=\"section-bg fill\" >\n\t\t\t\t\t\t\t\t\t\n\t\t\t\n\n\t\t<\/div>\n\n\t\t\n\n\t\t<div class=\"section-content relative\">\n\t\t\t\n\n<div class=\"row\"  id=\"row-566846255\">\n\n\n\t<div id=\"col-247378948\" class=\"col medium-3 small-12 large-3\"  >\n\t\t<div class=\"is-sticky-column\"><div class=\"is-sticky-column__inner\">\t\t<div class=\"col-inner\"  >\n\t\t\t\n\t\t\t\n\n<a href=\"https:\/\/www.aquaquick2000.com\/tr\/about-us\/\" class=\"button alert lowercase expand navbuttons\" style=\"border-radius:2px;\">\n\t\t<span>Hakk\u0131m\u0131zda<\/span>\n\t<\/a>\n\n\n<a href=\"https:\/\/www.aquaquick2000.com\/tr\/uretim-tesisi\/\" class=\"button alert lowercase expand navbuttons\" style=\"border-radius:2px;\">\n\t\t<span>\u00dcretim tesisi<\/span>\n\t<\/a>\n\n\n<a href=\"https:\/\/www.aquaquick2000.com\/tr\/cevre-felsefesi\/\" class=\"button alert lowercase expand navbuttons\" style=\"border-radius:2px;\">\n\t\t<span>\u00c7evre Felsefesi<\/span>\n\t<\/a>\n\n\n<a href=\"https:\/\/www.aquaquick2000.com\/tr\/aquaquick-2000-saticisi-olun\/\" class=\"button alert lowercase expand navbuttons\" style=\"border-radius:2px;\">\n\t\t<span>Bayi olmak<\/span>\n\t<\/a>\n\n\n<a href=\"https:\/\/www.aquaquick2000.com\/tr\/sevkiyat-maliyeti\/\" class=\"button alert lowercase expand navbuttons\" style=\"border-radius:2px;\">\n\t\t<span>Sevkiyat ve Maliyet<\/span>\n\t<\/a>\n\n\n<a href=\"https:\/\/www.aquaquick2000.com\/tr\/garanti%cc%87-degi%cc%87sti%cc%87rme-poli%cc%87ti%cc%87kasi\/\" class=\"button alert lowercase expand navbuttons\" style=\"border-radius:2px;\">\n\t\t<span>Garanti De\u011fi\u015ftirme Politikas\u0131<\/span>\n\t<\/a>\n\n\n<a href=\"https:\/\/www.aquaquick2000.com\/tr\/i%cc%87ade-poli%cc%87ti%cc%87kasi\/\" class=\"button alert lowercase expand navbuttons\" style=\"border-radius:2px;\">\n\t\t<span>\u0130ade Politikas\u0131<\/span>\n\t<\/a>\n\n\n\n\t\t<\/div>\n\t\t<\/div><\/div>\t\t\t<\/div>\n\n\t\n\n\t<div id=\"col-1189882995\" class=\"col medium-9 small-12 large-9 small-col-first\"  >\n\t\t\t\t<div class=\"col-inner\"  >\n\t\t\t\n\t\t\t\n\n<h1>AQUAQUICK 2000 Hakk\u0131nda<\/1><\/p>\n<h2>Yolculu\u011fumuz<\/h2>\n<p>\u00c7evre dostu temizlik \u00e7\u00f6z\u00fcmlerine \u00f6nc\u00fcl\u00fck eden AQUAQUICK 2000'e ho\u015f geldiniz. Enschede, Hollanda'da bulunan merkezimizle hikayemiz, temizlik end\u00fcstrisini sadece etkili de\u011fil ayn\u0131 zamanda \u00e7evreye kar\u015f\u0131 nazik \u00fcr\u00fcnlerle d\u00f6n\u00fc\u015ft\u00fcrme vizyonuyla ba\u015flad\u0131. On y\u0131llara yay\u0131lan yolculu\u011fumuz inovasyon, kaliteye ba\u011fl\u0131l\u0131k ve gezegenimize kar\u015f\u0131 derin bir sorumluluk duygusu taraf\u0131ndan y\u00f6nlendirildi.<\/p>\n<h3>Misyonumuz<\/h3>\n<p>AQUAQUICK 2000'de misyonumuz basit ama derindir: \u00e7evreyi koruyan ve m\u00fc\u015fterilerimizin \u00e7e\u015fitli ihtiya\u00e7lar\u0131n\u0131 kar\u015f\u0131layan \u00fcst\u00fcn temizlik \u00e7\u00f6z\u00fcmleri sunmak. Sadece performans a\u00e7\u0131s\u0131ndan m\u00fckemmel de\u011fil, ayn\u0131 zamanda s\u00fcrd\u00fcr\u00fclebilir bir gelece\u011fe katk\u0131da bulunan \u00fcr\u00fcnler yaratmaya \u00e7al\u0131\u015f\u0131yoruz. Amac\u0131m\u0131z g\u00fcvenli, etkili ve \u00e7evreye duyarl\u0131 \u00e7\u00f6z\u00fcmler sunarak temizli\u011fi yeniden tan\u0131mlamakt\u0131r.<\/p>\n<h3>\u00dcr\u00fcnlerimiz<\/h3>\n<p>Amiral gemisi \u00fcr\u00fcn\u00fcm\u00fcz Aquaquick 2000, misyonumuzun somutla\u015fm\u0131\u015f halidir. Y\u0131llar s\u00fcren kapsaml\u0131 ara\u015ft\u0131rmalardan sonra geli\u015ftirilen bu \u00fcr\u00fcn, \u00e7evre dostu yeniliklere olan ba\u011fl\u0131l\u0131\u011f\u0131m\u0131z\u0131n bir kan\u0131t\u0131d\u0131r. Aquaquick 2000, \u00e7ok \u00e7e\u015fitli end\u00fcstriyel ve evsel temizlik zorluklar\u0131n\u0131n \u00fcstesinden gelebilen \u00e7ok y\u00f6nl\u00fc, biyolojik olarak par\u00e7alanabilen bir temizlik maddesidir. Ya\u011f d\u00f6k\u00fclmelerinden g\u00fcnl\u00fck kirlere kadar, \u00fcr\u00fcn\u00fcm\u00fcz ekosisteme kar\u015f\u0131 nazik davran\u0131rken kusursuz temizlik sa\u011flar.<\/p>\n<h3>Kalite G\u00fcvencemiz<\/h3>\n<p>Kalite, AQUAQUICK 2000'de sadece bir \u00f6l\u00e7\u00fct de\u011fil; varl\u0131\u011f\u0131m\u0131z\u0131n temel ta\u015f\u0131d\u0131r. \u00dcr\u00fcnlerimiz, en y\u00fcksek standartlar\u0131 kar\u015f\u0131lad\u0131klar\u0131ndan emin olmak i\u00e7in titiz testlerden ve kalite kontrol \u00f6nlemlerinden ge\u00e7mektedir. M\u00fc\u015fterilerimizin etkinlik ve \u00e7evre g\u00fcvenli\u011fi a\u00e7\u0131s\u0131ndan g\u00fcvenebilecekleri \u00fcr\u00fcnler sunmaya kararl\u0131y\u0131z.<\/p>\n<h3>\u00c7evre Taahh\u00fcd\u00fcm\u00fcz<\/h3>\n<p>\u00c7evre y\u00f6netimi AQUAQUICK 2000'in merkezinde yer almaktad\u0131r. Kendimizi karbon ayak izimizi en aza indirmeye ve \u00fcr\u00fcnlerimizin ve uygulamalar\u0131m\u0131z\u0131n \u00e7evrenin korunmas\u0131na olumlu katk\u0131da bulunmas\u0131n\u0131 sa\u011flamaya adad\u0131k. S\u00fcrd\u00fcr\u00fclebilir i\u00e7eriklerin tedarik edilmesinden \u00e7evre dostu \u00fcretim s\u00fcre\u00e7lerinin benimsenmesine kadar att\u0131\u011f\u0131m\u0131z her ad\u0131m, gezegene olan ba\u011fl\u0131l\u0131\u011f\u0131m\u0131zla uyumludur.<\/p>\n<h2>K\u00fcresel Varl\u0131\u011f\u0131m\u0131z<\/h2>\n<p>AQUAQUICK 2000'in etkisi s\u0131n\u0131rlar\u0131 a\u015f\u0131yor. \u00dcr\u00fcnlerimiz, \u00e7e\u015fitli \u00fclke ve sekt\u00f6rlerdeki varl\u0131\u011f\u0131yla k\u00fcresel bir tan\u0131n\u0131rl\u0131k kazanm\u0131\u015ft\u0131r. Uluslararas\u0131 eri\u015fimimiz ve k\u00fcresel standartlara ve \u00e7e\u015fitli m\u00fc\u015fteri ihtiya\u00e7lar\u0131na uygun temizlik \u00e7\u00f6z\u00fcmleri sunma becerimizle gurur duyuyoruz.<\/p>\n<h3>Toplumsal Kat\u0131l\u0131m\u0131m\u0131z<\/h3>\n<p>Topluma geri vermeye inan\u0131yoruz ve \u00e7evre bilincini ve s\u00fcrd\u00fcr\u00fclebilirli\u011fi te\u015fvik eden giri\u015fimlere aktif olarak kat\u0131l\u0131yoruz. AQUAQUICK 2000 bir markadan daha fazlas\u0131d\u0131r; daha ye\u015fil, daha temiz bir d\u00fcnya i\u00e7in bir topluluk savunucusudur.<\/p>\n<h3>Gelecek Vizyonumuz<\/h3>\n<p>\u0130leriye bakt\u0131\u011f\u0131m\u0131zda, AQUAQUICK 2000 s\u00fcrekli yenilik yapmaya ve geli\u015fen m\u00fc\u015fteri ihtiya\u00e7lar\u0131n\u0131 ve \u00e7evresel zorluklar\u0131 kar\u015f\u0131lamak i\u00e7in \u00fcr\u00fcn yelpazemizi geni\u015fletmeye kararl\u0131d\u0131r. Temizli\u011fin gezegenimizin sa\u011fl\u0131\u011f\u0131ndan \u00f6d\u00fcn vermedi\u011fi bir gelecek hayal ediyoruz ve kendimizi bu vizyonu ger\u00e7e\u011fe d\u00f6n\u00fc\u015ft\u00fcrmeye adad\u0131k.<\/p>\n<h3>Aray\u0131\u015f\u0131m\u0131zda Bize Kat\u0131l\u0131n<\/h3>\n<p>Sizi daha temiz, daha ye\u015fil bir d\u00fcnya aray\u0131\u015f\u0131m\u0131zda bize kat\u0131lmaya davet ediyoruz. \u0130ster s\u00fcrd\u00fcr\u00fclebilir temizlik \u00e7\u00f6z\u00fcmleri arayan bir i\u015fletme olun, ister \u00e7evre dostu ya\u015fam konusunda tutkulu bir birey, AQUAQUICK 2000'de herkes i\u00e7in bir \u015feyler var. Birlikte, her seferinde bir temizlik yaparak gezegenimiz i\u00e7in bir fark yaratal\u0131m.<\/p>\n\n\t\t<\/div>\n\t\t\t\t\t<\/div>\n\n\t\n\n<\/div>\n\n\t\t<\/div>\n\n\t\t\n<style>\n#section_1708404342 {\n  padding-top: 30px;\n  padding-bottom: 30px;\n}\n<\/style>\n\t<\/section>","protected":false},"excerpt":{"rendered":"","protected":false},"author":1,"featured_media":0,"parent":0,"menu_order":0,"comment_status":"closed","ping_status":"closed","template":"","meta":{"cybocfi_hide_featured_image":"","footnotes":"","_links_to":"","_links_to_target":""},"class_list":["post-9530","page","type-page","status-publish","hentry"],"_links":{"self":[{"href":"https:\/\/www.aquaquick2000.com\/tr\/wp-json\/wp\/v2\/pages\/9530","targetHints":{"allow":["GET"]}}],"collection":[{"href":"https:\/\/www.aquaquick2000.com\/tr\/wp-json\/wp\/v2\/pages"}],"about":[{"href":"https:\/\/www.aquaquick2000.com\/tr\/wp-json\/wp\/v2\/types\/page"}],"author":[{"embeddable":true,"href":"https:\/\/www.aquaquick2000.com\/tr\/wp-json\/wp\/v2\/users\/1"}],"replies":[{"embeddable":true,"href":"https:\/\/www.aquaquick2000.com\/tr\/wp-json\/wp\/v2\/comments?post=9530"}],"version-history":[{"count":0,"href":"https:\/\/www.aquaquick2000.com\/tr\/wp-json\/wp\/v2\/pages\/9530\/revisions"}],"wp:attachment":[{"href":"https:\/\/www.aquaquick2000.com\/tr\/wp-json\/wp\/v2\/media?parent=9530"}],"curies":[{"name":"wp","href":"https:\/\/api.w.org\/{rel}","templated":true}]}}