{"id":9556,"date":"2024-01-17T15:06:55","date_gmt":"2024-01-17T15:06:55","guid":{"rendered":"https:\/\/www.aquaquick2000.com\/?page_id=9556"},"modified":"2025-06-12T12:22:08","modified_gmt":"2025-06-12T12:22:08","slug":"sevkiyat-maliyeti","status":"publish","type":"page","link":"https:\/\/www.aquaquick2000.com\/tr\/shipment-cost\/","title":{"rendered":"Shipment &#038; cost"},"content":{"rendered":"<section class=\"section\" id=\"section_1406192279\">\n\t\t<div class=\"section-bg fill\" >\n\t\t\t\t\t\t\t\t\t\n\t\t\t\n\n\t\t<\/div>\n\n\t\t\n\n\t\t<div class=\"section-content relative\">\n\t\t\t\n\n<div class=\"row\"  id=\"row-47812115\">\n\n\n\t<div id=\"col-1030842208\" class=\"col medium-3 small-12 large-3\"  >\n\t\t<div class=\"is-sticky-column\"><div class=\"is-sticky-column__inner\">\t\t<div class=\"col-inner\"  >\n\t\t\t\n\t\t\t\n\n<a href=\"https:\/\/www.aquaquick2000.com\/tr\/about-us\/\" class=\"button alert lowercase expand navbuttons\" style=\"border-radius:2px;\">\n\t\t<span>Hakk\u0131m\u0131zda<\/span>\n\t<\/a>\n\n\n<a href=\"https:\/\/www.aquaquick2000.com\/tr\/uretim-tesisi\/\" class=\"button alert lowercase expand navbuttons\" style=\"border-radius:2px;\">\n\t\t<span>\u00dcretim tesisi<\/span>\n\t<\/a>\n\n\n<a href=\"https:\/\/www.aquaquick2000.com\/tr\/cevre-felsefesi\/\" class=\"button alert lowercase expand navbuttons\" style=\"border-radius:2px;\">\n\t\t<span>\u00c7evre Felsefesi<\/span>\n\t<\/a>\n\n\n<a href=\"https:\/\/www.aquaquick2000.com\/tr\/aquaquick-2000-saticisi-olun\/\" class=\"button alert lowercase expand navbuttons\" style=\"border-radius:2px;\">\n\t\t<span>Bayi olmak<\/span>\n\t<\/a>\n\n\n<a href=\"https:\/\/www.aquaquick2000.com\/tr\/sevkiyat-maliyeti\/\" class=\"button alert lowercase expand navbuttons\" style=\"border-radius:2px;\">\n\t\t<span>Sevkiyat ve Maliyet<\/span>\n\t<\/a>\n\n\n<a href=\"https:\/\/www.aquaquick2000.com\/tr\/garanti%cc%87-degi%cc%87sti%cc%87rme-poli%cc%87ti%cc%87kasi\/\" class=\"button alert lowercase expand navbuttons\" style=\"border-radius:2px;\">\n\t\t<span>Garanti De\u011fi\u015ftirme Politikas\u0131<\/span>\n\t<\/a>\n\n\n<a href=\"https:\/\/www.aquaquick2000.com\/tr\/i%cc%87ade-poli%cc%87ti%cc%87kasi\/\" class=\"button alert lowercase expand navbuttons\" style=\"border-radius:2px;\">\n\t\t<span>\u0130ade Politikas\u0131<\/span>\n\t<\/a>\n\n\n\n\t\t<\/div>\n\t\t<\/div><\/div>\t\t\t<\/div>\n\n\t\n\n\t<div id=\"col-691926785\" class=\"col medium-9 small-12 large-9 small-col-first\"  >\n\t\t\t\t<div class=\"col-inner\"  >\n\t\t\t\n\t\t\t\n\n<h1>Sevkiyat ve Maliyetler<\/h1>\n<h4>Teslimat Y\u00f6ntemi<\/h4>\n<p>AQUAQUICK 2000'de, \u00fcr\u00fcnlerimizin \u00f6zenle ve verimli bir \u015fekilde sevk edilmesini sa\u011fl\u0131yoruz. T\u00fcm sipari\u015fler standart teslimat y\u00f6ntemleri kullan\u0131larak g\u00f6nderilir. Sipari\u015finizi vermek i\u00e7in web sitemizi ziyaret etmeniz veya bize e-posta yoluyla ula\u015fman\u0131z yeterlidir. \u00d6deme onay\u0131 da dahil olmak \u00fczere sipari\u015finiz al\u0131nd\u0131ktan sonra, bulundu\u011funuz \u00fclkeye\/konuma g\u00f6re \u00f6zel bir nakliye plan\u0131 sunaca\u011f\u0131z.<\/p>\n<h4>\u00c7al\u0131\u015fma G\u00fcnleri<\/h4>\n<p>Sipari\u015fleri yaln\u0131zca i\u015f g\u00fcnlerinde g\u00f6nderiyoruz. \u00c7al\u0131\u015fma g\u00fcnlerimiz, Avrupa Birli\u011fi'nde tan\u0131nan resmi tatiller hari\u00e7 olmak \u00fczere Pazartesi'den Pazar'a kadar uzanmaktad\u0131r. Bu program, sipari\u015finizin derhal i\u015fleme al\u0131nmas\u0131n\u0131 ve g\u00f6nderilmesini sa\u011flar.<\/p>\n<h4>Nakliye Maliyetleri<\/h4>\n<p>Sipari\u015finizin g\u00f6nderim maliyeti \u00e7e\u015fitli fakt\u00f6rlere g\u00f6re belirlenir: sipari\u015finizin toplam tutar\u0131, var\u0131\u015f yeri ve se\u00e7ilen g\u00f6nderim y\u00f6ntemi. Avrupa Birli\u011fi i\u00e7indeki sipari\u015fler i\u00e7in genellikle indirimli kargo \u00fccretleri sunuyoruz. Avrupa Birli\u011fi d\u0131\u015f\u0131ndaki sipari\u015fler i\u00e7in ek kargo \u00fccretleri uygulan\u0131r. Bu maliyetler sipari\u015finize g\u00f6re otomatik olarak hesaplan\u0131r ve e-posta ileti\u015fimi yoluyla onaylan\u0131r.<\/p>\n<p><strong>L\u00fctfen unutmay\u0131n:<\/strong> AVRUPA DI\u015eI teslimatlar i\u00e7in, nakliye \u00fccretlerimize g\u00fcmr\u00fckleme \u00fccretleri ve ithalat vergileri dahil de\u011fildir. Bu ek masraflar, g\u00f6nderinin \u00fclkenize ula\u015fmas\u0131 \u00fczerine tahsil edilir ve al\u0131c\u0131n\u0131n sorumlulu\u011fundad\u0131r.<\/p>\n<h3>\u00dclkelere G\u00f6re Tahmini Nakliye G\u00fcnleri<\/h3>\n<h4>AVRUPA i\u00e7inde<\/h4>\n<ul>\n<li>Avusturya: 4 - 6 g\u00fcn<\/li>\n<li>Bel\u00e7ika: 1 g\u00fcn<\/li>\n<li>Bulgaristan: 4 - 6 g\u00fcn<\/li>\n<li>H\u0131rvatistan: 4 - 6 g\u00fcn<\/li>\n<li>\u00c7ek Cumhuriyeti: 4 - 6 g\u00fcn<\/li>\n<li>Danimarka: 4 - 6 g\u00fcn<\/li>\n<li>Estonya: 4 - 6 g\u00fcn<\/li>\n<li>Finlandiya: 4 - 6 g\u00fcn<\/li>\n<li>Fransa: 4 - 6 g\u00fcn<\/li>\n<li>Almanya: 4 - 6 g\u00fcn<\/li>\n<li>Yunanistan: 4 - 6 g\u00fcn<\/li>\n<li>Macaristan: 4 - 6 g\u00fcn<\/li>\n<li>\u0130rlanda: 4 - 6 g\u00fcn<\/li>\n<li>\u0130talya: 4 - 6 g\u00fcn<\/li>\n<li>Letonya: 4 - 6 g\u00fcn<\/li>\n<li>Litvanya: 4 - 6 g\u00fcn<\/li>\n<li>L\u00fcksemburg: 4 - 6 g\u00fcn<\/li>\n<li>Polonya: 4 - 6 g\u00fcn<\/li>\n<li>Portekiz: 4 - 6 g\u00fcn<\/li>\n<li>Romanya: 5 - 7 g\u00fcn<\/li>\n<li>Slovakya: 4 - 6 g\u00fcn<\/li>\n<li>Slovenya: 4 - 6 g\u00fcn<\/li>\n<li>\u0130spanya: 4 - 6 g\u00fcn<\/li>\n<li>\u0130sve\u00e7: 4 - 6 g\u00fcn<\/li>\n<li>Hollanda: 2 - 3 g\u00fcn<\/li>\n<\/ul>\n<h4>Uluslararas\u0131 sipari\u015fler (Avrupa d\u0131\u015f\u0131)<\/h4>\n<p>Avrupa d\u0131\u015f\u0131na g\u00f6nderilen sipari\u015fler i\u00e7in i\u015flem, se\u00e7ilen g\u00f6nderim y\u00f6ntemi, sipari\u015f edilen \u00fcr\u00fcn miktar\u0131 ve di\u011fer \u00e7e\u015fitli ko\u015fullara g\u00f6re belirlenecektir.<\/p>\n<h3>K\u0131s\u0131tlamalar<\/h3>\n<p>Avrupa Birli\u011fi d\u0131\u015f\u0131ndaki teslimat adresleri i\u00e7in \u00e7evrimi\u00e7i sipari\u015f verilemeyece\u011fini l\u00fctfen unutmay\u0131n. Bu k\u0131s\u0131tlama Gr\u00f6nland, Faroe Adalar\u0131, baz\u0131 uzak adalar ve belirli deniza\u015f\u0131r\u0131 b\u00f6lgeler gibi belirli b\u00f6lgeler i\u00e7in de ge\u00e7erlidir. Bu b\u00f6lgelere verilen sipari\u015fler i\u00e7in l\u00fctfen a\u015fa\u011f\u0131daki adresten m\u00fc\u015fteri hizmetlerimizle ileti\u015fime ge\u00e7in <a href=\"mailto:business@aquaquick2000.com\" target=\"_new\" rel=\"noopener\">business@aquaquick2000.com<\/a>.<\/p>\n<h3>Sipari\u015finizin Takibi<\/h3>\n<p>Sipari\u015finiz depomuzda i\u015fleme al\u0131nd\u0131ktan sonra, varsa bir takip numaras\u0131 atanacakt\u0131r. Paketiniz depomuzdan \u00e7\u0131kt\u0131\u011f\u0131nda bir bildirim alacaks\u0131n\u0131z. Takip bilgilerinin kuryenin sisteminde g\u00f6r\u00fcn\u00fcr hale gelmesinin 48 saate kadar s\u00fcrebilece\u011fini l\u00fctfen unutmay\u0131n.<\/p>\n<h3>Sipari\u015f Durumunuzu Bulma<\/h3>\n<p>Sipari\u015finizin durumunu kolayca takip edebilirsiniz:<\/p>\n<ul>\n<li><strong>E-postan\u0131z\u0131 kontrol edin:<\/strong> \u00d6deme i\u015flemi s\u0131ras\u0131nda verdi\u011finiz e-posta adresine sipari\u015f durumunuz hakk\u0131nda g\u00fcncellemeler alacaks\u0131n\u0131z.<\/li>\n<li><strong>Web Sitemizi Ziyaret Edin:<\/strong> Hesab\u0131n\u0131za \u015fu adresten giri\u015f yap\u0131n <a href=\"http:\/\/www.aquaquick2000.com\/tr\/\" target=\"_new\" rel=\"noopener\">www.aquaquick2000.com<\/a> Bekleyen, takip eden ve \u00f6nceki sipari\u015fler dahil olmak \u00fczere sipari\u015f ge\u00e7mi\u015finize eri\u015fmek i\u00e7in.<\/li>\n<li><strong>Bize Ula\u015f\u0131n:<\/strong> Sipari\u015finizle ilgili di\u011fer sorular\u0131n\u0131z i\u00e7in m\u00fc\u015fteri hizmetlerimizle ileti\u015fime ge\u00e7mekten \u00e7ekinmeyin <a href=\"mailto:business@aquaquick2000.com\" target=\"_new\" rel=\"noopener\">business@aquaquick2000.com<\/a>.<\/li>\n<\/ul>\n\n\t\t<\/div>\n\t\t\t\t\t<\/div>\n\n\t\n\n<\/div>\n\n\t\t<\/div>\n\n\t\t\n<style>\n#section_1406192279 {\n  padding-top: 30px;\n  padding-bottom: 30px;\n}\n<\/style>\n\t<\/section>","protected":false},"excerpt":{"rendered":"","protected":false},"author":1,"featured_media":0,"parent":0,"menu_order":0,"comment_status":"closed","ping_status":"closed","template":"","meta":{"cybocfi_hide_featured_image":"","footnotes":"","_links_to":"","_links_to_target":""},"class_list":["post-9556","page","type-page","status-publish","hentry"],"_links":{"self":[{"href":"https:\/\/www.aquaquick2000.com\/tr\/wp-json\/wp\/v2\/pages\/9556","targetHints":{"allow":["GET"]}}],"collection":[{"href":"https:\/\/www.aquaquick2000.com\/tr\/wp-json\/wp\/v2\/pages"}],"about":[{"href":"https:\/\/www.aquaquick2000.com\/tr\/wp-json\/wp\/v2\/types\/page"}],"author":[{"embeddable":true,"href":"https:\/\/www.aquaquick2000.com\/tr\/wp-json\/wp\/v2\/users\/1"}],"replies":[{"embeddable":true,"href":"https:\/\/www.aquaquick2000.com\/tr\/wp-json\/wp\/v2\/comments?post=9556"}],"version-history":[{"count":0,"href":"https:\/\/www.aquaquick2000.com\/tr\/wp-json\/wp\/v2\/pages\/9556\/revisions"}],"wp:attachment":[{"href":"https:\/\/www.aquaquick2000.com\/tr\/wp-json\/wp\/v2\/media?parent=9556"}],"curies":[{"name":"wp","href":"https:\/\/api.w.org\/{rel}","templated":true}]}}