{"id":9560,"date":"2024-01-17T19:44:55","date_gmt":"2024-01-17T19:44:55","guid":{"rendered":"https:\/\/www.aquaquick2000.com\/?page_id=9560"},"modified":"2025-06-12T12:18:27","modified_gmt":"2025-06-12T12:18:27","slug":"garanti%cc%87-degi%cc%87sti%cc%87rme-poli%cc%87ti%cc%87kasi","status":"publish","type":"page","link":"https:\/\/www.aquaquick2000.com\/tr\/warranty-replacement-policy\/","title":{"rendered":"Garanti ve De\u011fi\u015ftirme Politikas\u0131"},"content":{"rendered":"<section class=\"section\" id=\"section_925335354\">\n\t\t<div class=\"section-bg fill\" >\n\t\t\t\t\t\t\t\t\t\n\t\t\t\n\n\t\t<\/div>\n\n\t\t\n\n\t\t<div class=\"section-content relative\">\n\t\t\t\n\n<div class=\"row\"  id=\"row-1990391566\">\n\n\n\t<div id=\"col-1692592957\" class=\"col medium-3 small-12 large-3\"  >\n\t\t<div class=\"is-sticky-column\"><div class=\"is-sticky-column__inner\">\t\t<div class=\"col-inner\"  >\n\t\t\t\n\t\t\t\n\n<a href=\"https:\/\/www.aquaquick2000.com\/tr\/about-us\/\" class=\"button alert lowercase expand navbuttons\" style=\"border-radius:2px;\">\n\t\t<span>Hakk\u0131m\u0131zda<\/span>\n\t<\/a>\n\n\n<a href=\"https:\/\/www.aquaquick2000.com\/tr\/uretim-tesisi\/\" class=\"button alert lowercase expand navbuttons\" style=\"border-radius:2px;\">\n\t\t<span>\u00dcretim tesisi<\/span>\n\t<\/a>\n\n\n<a href=\"https:\/\/www.aquaquick2000.com\/tr\/cevre-felsefesi\/\" class=\"button alert lowercase expand navbuttons\" style=\"border-radius:2px;\">\n\t\t<span>\u00c7evre Felsefesi<\/span>\n\t<\/a>\n\n\n<a href=\"https:\/\/www.aquaquick2000.com\/tr\/aquaquick-2000-saticisi-olun\/\" class=\"button alert lowercase expand navbuttons\" style=\"border-radius:2px;\">\n\t\t<span>Bayi olmak<\/span>\n\t<\/a>\n\n\n<a href=\"https:\/\/www.aquaquick2000.com\/tr\/sevkiyat-maliyeti\/\" class=\"button alert lowercase expand navbuttons\" style=\"border-radius:2px;\">\n\t\t<span>Sevkiyat ve Maliyet<\/span>\n\t<\/a>\n\n\n<a href=\"https:\/\/www.aquaquick2000.com\/tr\/garanti%cc%87-degi%cc%87sti%cc%87rme-poli%cc%87ti%cc%87kasi\/\" class=\"button alert lowercase expand navbuttons\" style=\"border-radius:2px;\">\n\t\t<span>Garanti De\u011fi\u015ftirme Politikas\u0131<\/span>\n\t<\/a>\n\n\n<a href=\"https:\/\/www.aquaquick2000.com\/tr\/i%cc%87ade-poli%cc%87ti%cc%87kasi\/\" class=\"button alert lowercase expand navbuttons\" style=\"border-radius:2px;\">\n\t\t<span>\u0130ade Politikas\u0131<\/span>\n\t<\/a>\n\n\n\n\t\t<\/div>\n\t\t<\/div><\/div>\t\t\t<\/div>\n\n\t\n\n\t<div id=\"col-1363439892\" class=\"col medium-9 small-12 large-9 small-col-first\"  >\n\t\t\t\t<div class=\"col-inner\"  >\n\t\t\t\n\t\t\t\n\n<h1>Garanti De\u011fi\u015ftirme Politikas\u0131<\/h1>\n<h3>Taahh\u00fcd\u00fcm\u00fcz<\/h3>\n<p>AQUAQUICK olarak, m\u00fc\u015fterilerimize y\u00fcksek kaliteli \u00fcr\u00fcnler sunmay\u0131 taahh\u00fct ediyoruz. \u00dcr\u00fcnlerimizin m\u00fckemmelli\u011finin arkas\u0131nday\u0131z ve m\u00fc\u015fteri memnuniyetine olan ba\u011fl\u0131l\u0131\u011f\u0131m\u0131z her \u015feyden \u00f6nemlidir.<\/p>\n<h3>Garanti Politikas\u0131<\/h3>\n<h4>Kapsam<\/h4>\n<p>Garantimiz, garanti s\u00fcresi boyunca normal kullan\u0131m ko\u015fullar\u0131nda malzeme veya i\u015f\u00e7ilik kusurlar\u0131n\u0131 kapsar. Bu s\u00fcre zarf\u0131nda, \u00fcretim veya paketleme hatalar\u0131ndan kaynaklanan herhangi bir sorunla kar\u015f\u0131la\u015f\u0131rsan\u0131z, bu sorunlar\u0131 garanti ko\u015fullar\u0131m\u0131za uygun olarak ele alaca\u011f\u0131z.<\/p>\n<h4>Garanti S\u00fcresi<\/h4>\n<p>AQUAQUICK \u00fcr\u00fcnleri i\u00e7in garanti s\u00fcresi sat\u0131n alma tarihinden itibaren ge\u00e7erlidir. \u00d6zel garanti s\u00fcresi ayr\u0131nt\u0131lar\u0131 i\u00e7in l\u00fctfen \u00fcr\u00fcn belgelerinize bak\u0131n.<\/p>\n<h3>De\u011fi\u015ftirme Politikas\u0131<\/h3>\n<h4>\u00dcr\u00fcn Sorunlar\u0131n\u0131n De\u011ferlendirilmesi<\/h4>\n<p>AQUAQUICK \u00fcr\u00fcn\u00fcn\u00fczde bir \u00fcretim veya ambalaj hatas\u0131 oldu\u011funu d\u00fc\u015f\u00fcn\u00fcyorsan\u0131z, \u00fcr\u00fcn\u00fc de\u011ferlendirilmek \u00fczere iade etmeye davetlisiniz. Sorunun nedenini belirlemek i\u00e7in iade edilen \u00fcr\u00fcn\u00fc kapsaml\u0131 bir \u015fekilde inceleyece\u011fiz.<\/p>\n<h4>De\u011fi\u015ftirme Ko\u015fullar\u0131<\/h4>\n<p>A\u015fa\u011f\u0131daki durumlarda \u00fcr\u00fcn\u00fcn de\u011fi\u015ftirilmesi d\u00fc\u015f\u00fcn\u00fclecektir:<\/p>\n<ul>\n<li>Sorunun \u00fcretim veya paketleme hatalar\u0131ndan kaynakland\u0131\u011f\u0131 teyit edilmi\u015ftir.<\/li>\n<li>\u00dcr\u00fcn garanti s\u00fcresi i\u00e7erisindedir.<\/li>\n<li>\u00dcr\u00fcn amac\u0131na uygun olarak kullan\u0131lm\u0131\u015f ve yanl\u0131\u015f kullan\u0131m, ihmal veya de\u011fi\u015fikli\u011fe maruz kalmam\u0131\u015ft\u0131r.<\/li>\n<\/ul>\n<h4>\u00dcr\u00fcnleri \u0130ade Etme S\u00fcreci<\/h4>\n<ul>\n<li>\u0130ade i\u015flemini ba\u015flatmak i\u00e7in business@aquaquick2000.com adresinden bizimle ileti\u015fime ge\u00e7in. L\u00fctfen sorunun a\u00e7\u0131klamas\u0131n\u0131 ve sat\u0131n alma belgesini ekleyin.<\/li>\n<li>Ekibimizden onay ald\u0131ktan sonra \u00fcr\u00fcn\u00fc belirtilen iade adresine g\u00f6nderin.<\/li>\n<li>\u00dcr\u00fcn\u00fc teslim almam\u0131z ve incelememiz i\u00e7in makul bir s\u00fcre tan\u0131y\u0131n.<\/li>\n<\/ul>\n<h4>De\u011ferlendirme Sonu\u00e7lar\u0131<\/h4>\n<ul>\n<li>\u00dcr\u00fcn de\u011fi\u015ftirme i\u00e7in uygunsa, \u00fcr\u00fcn\u00fc size ek bir \u00fccret \u00f6demeden de\u011fi\u015ftirece\u011fiz.<\/li>\n<li>\u00dcr\u00fcn de\u011fi\u015fim i\u00e7in uygun de\u011filse, nedenlerini bildirecek ve mevcut se\u00e7enekleri sizinle g\u00f6r\u00fc\u015fece\u011fiz.<\/li>\n<\/ul>\n<h3>\u0130stisnalar<\/h3>\n<p>Bu garanti, malzeme veya i\u015f\u00e7ilik kusurlar\u0131ndan kaynaklanmayan ko\u015fullar\u0131n, ar\u0131zalar\u0131n veya hasarlar\u0131n neden oldu\u011fu sorunlar\u0131 kapsamaz. Ayr\u0131ca modifiye edilmi\u015f veya amac\u0131 d\u0131\u015f\u0131nda kullan\u0131lm\u0131\u015f \u00fcr\u00fcnleri de kapsamaz.<\/p>\n<h3>\u0130leti\u015fim Bilgileri<\/h3>\n<p>Herhangi bir sorunuz i\u00e7in veya iade s\u00fcrecini ba\u015flatmak i\u00e7in l\u00fctfen bizimle ileti\u015fime ge\u00e7in:<\/p>\n<ul>\n<li><strong>E-posta:<\/strong> business@aquaquick2000.com<\/li>\n<li><strong>Telefon:<\/strong> +31 6 412 938 51 &amp; +31 6 411 89 424<\/li>\n<\/ul>\n<p>AQUAQUICK olarak \u00fcr\u00fcnlerimizden memnuniyetinizi sa\u011flamaya kendimizi adad\u0131k ve her t\u00fcrl\u00fc sorunu Garanti ve De\u011fi\u015ftirme Politikam\u0131za uygun olarak \u00e7\u00f6zmeye \u00e7al\u0131\u015faca\u011f\u0131z.<\/p>\n\n\t\t<\/div>\n\t\t\t\t\t<\/div>\n\n\t\n\n<\/div>\n\n\t\t<\/div>\n\n\t\t\n<style>\n#section_925335354 {\n  padding-top: 30px;\n  padding-bottom: 30px;\n}\n<\/style>\n\t<\/section>","protected":false},"excerpt":{"rendered":"","protected":false},"author":1,"featured_media":0,"parent":0,"menu_order":0,"comment_status":"closed","ping_status":"closed","template":"","meta":{"cybocfi_hide_featured_image":"","footnotes":"","_links_to":"","_links_to_target":""},"class_list":["post-9560","page","type-page","status-publish","hentry"],"_links":{"self":[{"href":"https:\/\/www.aquaquick2000.com\/tr\/wp-json\/wp\/v2\/pages\/9560","targetHints":{"allow":["GET"]}}],"collection":[{"href":"https:\/\/www.aquaquick2000.com\/tr\/wp-json\/wp\/v2\/pages"}],"about":[{"href":"https:\/\/www.aquaquick2000.com\/tr\/wp-json\/wp\/v2\/types\/page"}],"author":[{"embeddable":true,"href":"https:\/\/www.aquaquick2000.com\/tr\/wp-json\/wp\/v2\/users\/1"}],"replies":[{"embeddable":true,"href":"https:\/\/www.aquaquick2000.com\/tr\/wp-json\/wp\/v2\/comments?post=9560"}],"version-history":[{"count":0,"href":"https:\/\/www.aquaquick2000.com\/tr\/wp-json\/wp\/v2\/pages\/9560\/revisions"}],"wp:attachment":[{"href":"https:\/\/www.aquaquick2000.com\/tr\/wp-json\/wp\/v2\/media?parent=9560"}],"curies":[{"name":"wp","href":"https:\/\/api.w.org\/{rel}","templated":true}]}}