{"id":9643,"date":"2024-01-18T01:22:18","date_gmt":"2024-01-18T01:22:18","guid":{"rendered":"https:\/\/www.aquaquick2000.com\/?page_id=9643"},"modified":"2025-06-12T12:21:43","modified_gmt":"2025-06-12T12:21:43","slug":"cevre-felsefesi","status":"publish","type":"page","link":"https:\/\/www.aquaquick2000.com\/tr\/the-environmental-philosophy\/","title":{"rendered":"\u00c7evre Felsefesi"},"content":{"rendered":"<section class=\"section\" id=\"section_991483468\">\n\t\t<div class=\"section-bg fill\" >\n\t\t\t\t\t\t\t\t\t\n\t\t\t\n\n\t\t<\/div>\n\n\t\t\n\n\t\t<div class=\"section-content relative\">\n\t\t\t\n\n<div class=\"row\"  id=\"row-1110488020\">\n\n\n\t<div id=\"col-1202013047\" class=\"col medium-3 small-12 large-3\"  >\n\t\t<div class=\"is-sticky-column\"><div class=\"is-sticky-column__inner\">\t\t<div class=\"col-inner\"  >\n\t\t\t\n\t\t\t\n\n<a href=\"https:\/\/www.aquaquick2000.com\/tr\/about-us\/\" class=\"button alert lowercase expand navbuttons\" style=\"border-radius:2px;\">\n\t\t<span>Hakk\u0131m\u0131zda<\/span>\n\t<\/a>\n\n\n<a href=\"https:\/\/www.aquaquick2000.com\/tr\/uretim-tesisi\/\" class=\"button alert lowercase expand navbuttons\" style=\"border-radius:2px;\">\n\t\t<span>\u00dcretim tesisi<\/span>\n\t<\/a>\n\n\n<a href=\"https:\/\/www.aquaquick2000.com\/tr\/cevre-felsefesi\/\" class=\"button alert lowercase expand navbuttons\" style=\"border-radius:2px;\">\n\t\t<span>\u00c7evre Felsefesi<\/span>\n\t<\/a>\n\n\n<a href=\"https:\/\/www.aquaquick2000.com\/tr\/aquaquick-2000-saticisi-olun\/\" class=\"button alert lowercase expand navbuttons\" style=\"border-radius:2px;\">\n\t\t<span>Bayi olmak<\/span>\n\t<\/a>\n\n\n<a href=\"https:\/\/www.aquaquick2000.com\/tr\/sevkiyat-maliyeti\/\" class=\"button alert lowercase expand navbuttons\" style=\"border-radius:2px;\">\n\t\t<span>Sevkiyat ve Maliyet<\/span>\n\t<\/a>\n\n\n<a href=\"https:\/\/www.aquaquick2000.com\/tr\/garanti%cc%87-degi%cc%87sti%cc%87rme-poli%cc%87ti%cc%87kasi\/\" class=\"button alert lowercase expand navbuttons\" style=\"border-radius:2px;\">\n\t\t<span>Garanti De\u011fi\u015ftirme Politikas\u0131<\/span>\n\t<\/a>\n\n\n<a href=\"https:\/\/www.aquaquick2000.com\/tr\/i%cc%87ade-poli%cc%87ti%cc%87kasi\/\" class=\"button alert lowercase expand navbuttons\" style=\"border-radius:2px;\">\n\t\t<span>\u0130ade Politikas\u0131<\/span>\n\t<\/a>\n\n\n\n\t\t<\/div>\n\t\t<\/div><\/div>\t\t\t<\/div>\n\n\t\n\n\t<div id=\"col-608075655\" class=\"col medium-9 small-12 large-9 small-col-first\"  >\n\t\t\t\t<div class=\"col-inner\"  >\n\t\t\t\n\t\t\t\n\n<h1><strong>AQUAQUICK \u00c7evre Felsefesi<\/strong><\/h1>\n<p>\u00c7evre bilincinin sadece bir tercih de\u011fil, bir zorunluluk oldu\u011fu bir \u00e7a\u011fda, AQUAQUICK s\u00fcrd\u00fcr\u00fclebilir, g\u00fcvenli ve etkili temizlik \u00e7\u00f6z\u00fcmlerinde \u00f6nc\u00fc olmaya kararl\u0131d\u0131r. Felsefemiz, gezegene \u00f6zen g\u00f6stermenin ve y\u00fcksek kaliteli \u00fcr\u00fcnler sunman\u0131n el ele gidebilece\u011fi ve gitmesi gerekti\u011fi inanc\u0131na dayanmaktad\u0131r.<\/p>\n<h3>G\u00fcvenli ve S\u00fcrd\u00fcr\u00fclebilir Hammadde Taahh\u00fcd\u00fc<\/h3>\n<p><strong>\u00c7evreye Duyarl\u0131 Bile\u015fen Se\u00e7imi<\/strong> AQUAQUICK, \u00e7evresel etkiyi kayna\u011f\u0131ndan itibaren en aza indirmeye kendini adam\u0131\u015ft\u0131r. Hammaddelerimizi titizlikle se\u00e7iyor, s\u00fcrd\u00fcr\u00fclebilir ve minimum ekolojik ayak izine sahip olanlara \u00f6ncelik veriyoruz. Titiz analizlerimiz toksisite, \u00e7evresel etki ve alerjenik profil de\u011ferlendirmelerini i\u00e7erir ve her bile\u015fenin hem \u00fcr\u00fcnlerimizin etkinli\u011fine hem de \u00e7evre g\u00fcvenli\u011fine olumlu katk\u0131da bulunmas\u0131n\u0131 sa\u011flar.<\/p>\n<p><strong>S\u0131k\u0131 Tedarik\u00e7i Standartlar\u0131<\/strong> Tedarik\u00e7ilerimizi ve ortaklar\u0131m\u0131z\u0131 en y\u00fcksek \u00e7evresel standartlara tabi tutuyoruz. AQUAQUICK \u00fcr\u00fcnlerinde kullan\u0131lan kimyasallar ve malzemeler, s\u00fcrd\u00fcr\u00fclebilirlik ve g\u00fcvenlik taahh\u00fcd\u00fcm\u00fczle uyumlu olmalar\u0131n\u0131 sa\u011flamak i\u00e7in sorumlu bir \u015fekilde tedarik edilir.<\/p>\n<h3>Su Tasarrufu ve Geri D\u00f6n\u00fc\u015f\u00fcm<\/h3>\n<p><strong>Yenilik\u00e7i Su Y\u00f6netimi<\/strong> Su de\u011ferli bir kaynakt\u0131r ve AQUAQUICK olarak suyun korunmas\u0131 konusundaki sorumlulu\u011fumuzu ciddiye al\u0131yoruz. S\u00fcre\u00e7lerimizde kulland\u0131\u011f\u0131m\u0131z suyun neredeyse tamam\u0131n\u0131n geri d\u00f6n\u00fc\u015ft\u00fcr\u00fclmesini ve titiz mikrobiyolojik kontrollerle ar\u0131t\u0131lmas\u0131n\u0131 sa\u011fl\u0131yor, b\u00f6ylece \u00fcr\u00fcn\u00fcm\u00fcz i\u00e7in daha y\u00fcksek bir kalite sa\u011flarken su ayak izimizi \u00f6nemli \u00f6l\u00e7\u00fcde azalt\u0131yoruz.<\/p>\n<h3>Lojistik Etkinin Azalt\u0131lmas\u0131<\/h3>\n<p><strong>S\u00fcrd\u00fcr\u00fclebilir Ambalajlama ve Ta\u015f\u0131ma<\/strong> Ambalajlar\u0131m\u0131z\u0131n \u00e7o\u011funu kendi b\u00fcnyemizde \u00fcreterek lojistik etkimizi azaltmaya \u00e7al\u0131\u015f\u0131yor, b\u00f6ylece gereksiz nakliye emisyonlar\u0131n\u0131 azalt\u0131yoruz. \u00dcr\u00fcn teslimatlar\u0131nda, karayolu ta\u015f\u0131mac\u0131l\u0131\u011f\u0131n\u0131 en aza indirmek i\u00e7in intermodal ta\u015f\u0131mac\u0131l\u0131k stratejileri kullan\u0131yor ve karbon ayak izimizi daha da azalt\u0131yoruz.<\/p>\n<h3>\u00c7evre Dostu ve \u00c7ok Y\u00f6nl\u00fc \u00dcr\u00fcnler<\/h3>\n<p><strong>Verimlilik ve \u00c7evresel Fayda i\u00e7in Tasarland\u0131<\/strong> Her AQUAQUICK \u00fcr\u00fcn\u00fc \u00e7ok y\u00f6nl\u00fcl\u00fck g\u00f6z \u00f6n\u00fcnde bulundurularak tasarlanm\u0131\u015ft\u0131r. Amac\u0131m\u0131z, \u00fcretim ve paketlemeden da\u011f\u0131t\u0131m ve kullan\u0131ma kadar her d\u00fczeyde \u00e7evresel etkiyi azaltmakt\u0131r. Bu b\u00fct\u00fcnsel yakla\u015f\u0131m, \u00fcr\u00fcnlerimizin yaln\u0131zca kaynaklar\u0131 korumakla kalmay\u0131p ayn\u0131 zamanda t\u00fcketicilerimize ekonomik faydalar da sa\u011flamas\u0131n\u0131 temin etmektedir. Daha az\u0131yla daha fazlas\u0131n\u0131 yapan, hem \u00e7evresel refah\u0131 hem de t\u00fcketici tasarrufunu te\u015fvik eden \u00e7\u00f6z\u00fcmler yaratmaya inan\u0131yoruz.<\/p>\n\n\t\t<\/div>\n\t\t\t\t\t<\/div>\n\n\t\n\n<\/div>\n\n\t\t<\/div>\n\n\t\t\n<style>\n#section_991483468 {\n  padding-top: 30px;\n  padding-bottom: 30px;\n}\n<\/style>\n\t<\/section>","protected":false},"excerpt":{"rendered":"","protected":false},"author":1,"featured_media":0,"parent":0,"menu_order":0,"comment_status":"closed","ping_status":"closed","template":"","meta":{"cybocfi_hide_featured_image":"","footnotes":"","_links_to":"","_links_to_target":""},"class_list":["post-9643","page","type-page","status-publish","hentry"],"_links":{"self":[{"href":"https:\/\/www.aquaquick2000.com\/tr\/wp-json\/wp\/v2\/pages\/9643","targetHints":{"allow":["GET"]}}],"collection":[{"href":"https:\/\/www.aquaquick2000.com\/tr\/wp-json\/wp\/v2\/pages"}],"about":[{"href":"https:\/\/www.aquaquick2000.com\/tr\/wp-json\/wp\/v2\/types\/page"}],"author":[{"embeddable":true,"href":"https:\/\/www.aquaquick2000.com\/tr\/wp-json\/wp\/v2\/users\/1"}],"replies":[{"embeddable":true,"href":"https:\/\/www.aquaquick2000.com\/tr\/wp-json\/wp\/v2\/comments?post=9643"}],"version-history":[{"count":0,"href":"https:\/\/www.aquaquick2000.com\/tr\/wp-json\/wp\/v2\/pages\/9643\/revisions"}],"wp:attachment":[{"href":"https:\/\/www.aquaquick2000.com\/tr\/wp-json\/wp\/v2\/media?parent=9643"}],"curies":[{"name":"wp","href":"https:\/\/api.w.org\/{rel}","templated":true}]}}